{"id":2178,"date":"2020-11-24T16:53:36","date_gmt":"2020-11-24T15:53:36","guid":{"rendered":"https:\/\/xn--institut-beaut-reims-o2b.com\/?page_id=2178"},"modified":"2022-11-04T10:09:36","modified_gmt":"2022-11-04T09:09:36","slug":"bons-cadeaux-click-ad-collect","status":"publish","type":"page","link":"https:\/\/xn--institut-beaut-reims-o2b.com\/index.php\/bons-cadeaux-click-ad-collect\/","title":{"rendered":"Bons cadeaux Click and Collect"},"content":{"rendered":"\n<p>Bon cadeau en Click and Collect. R\u00e9cup\u00e9rez votre bon cadeau \u00e0 l&rsquo;institut Inm&rsquo;AromaSens.<\/p>\n\n\n<div data-block-name=\"woocommerce\/product-category\" data-categories=\"[32]\" data-columns=\"4\" data-rows=\"5\" class=\"wc-block-grid wp-block-product-category wp-block-woocommerce-product-category wc-block-product-category has-4-columns has-multiple-rows\"><ul class=\"wc-block-grid__products\"><li class=\"wc-block-grid__product\">\n\t\t\t\t<a href=\"https:\/\/xn--institut-beaut-reims-o2b.com\/index.php\/produit\/ahava-soin-signature-ressource-minerale\/\" class=\"wc-block-grid__product-link\">\n\t\t\t\t\t\n\t\t\t\t\t<div class=\"wc-block-grid__product-image\"><img loading=\"lazy\" decoding=\"async\" width=\"300\" height=\"283\" src=\"https:\/\/xn--institut-beaut-reims-o2b.com\/wp-content\/uploads\/2025\/07\/Click-and-Collect-Bons-cadeaux-AHAVA-Soin-signature-300x283.jpg\" class=\"attachment-woocommerce_thumbnail size-woocommerce_thumbnail\" alt=\"AHAVA Soin Visage Signature Ressource Min\u00e9rale\" \/><\/div>\n\t\t\t\t\t<div class=\"wc-block-grid__product-title\">AHAVA Soin Visage Signature Ressource Min\u00e9rale<\/div>\n\t\t\t\t<\/a>\n\t\t\t\t<div class=\"wc-block-grid__product-price price\"><span class=\"woocommerce-Price-amount amount\">110,00<span class=\"woocommerce-Price-currencySymbol\">&euro;<\/span><\/span><\/div>\n\t\t\t\t\n\t\t\t\t<div class=\"wp-block-button wc-block-grid__product-add-to-cart\"><a href=\"\/index.php\/wp-json\/wp\/v2\/pages\/2178?add-to-cart=5068\" aria-label=\"Ajouter au panier\u00a0: &ldquo;AHAVA Soin Visage Signature Ressource Min\u00e9rale&rdquo;\" data-quantity=\"1\" data-product_id=\"5068\" data-product_sku=\"\" data-price=\"110\" rel=\"nofollow\" class=\"wp-block-button__link  add_to_cart_button ajax_add_to_cart\">Ajouter au panier<\/a><\/div>\n\t\t\t<\/li><li class=\"wc-block-grid__product\">\n\t\t\t\t<a href=\"https:\/\/xn--institut-beaut-reims-o2b.com\/index.php\/produit\/modelage-signature-inmaromasens-2\/\" class=\"wc-block-grid__product-link\">\n\t\t\t\t\t\n\t\t\t\t\t<div class=\"wc-block-grid__product-image\"><img loading=\"lazy\" decoding=\"async\" width=\"300\" height=\"283\" src=\"https:\/\/xn--institut-beaut-reims-o2b.com\/wp-content\/uploads\/2022\/11\/CC-Bons-cadeaux-Modelage-InmAromaSens-300x283.jpg\" class=\"attachment-woocommerce_thumbnail size-woocommerce_thumbnail\" alt=\"Modelage Sensoriel Inm\u2019AromaSens\" \/><\/div>\n\t\t\t\t\t<div class=\"wc-block-grid__product-title\">Modelage Sensoriel Inm\u2019AromaSens<\/div>\n\t\t\t\t<\/a>\n\t\t\t\t<div class=\"wc-block-grid__product-price price\"><span class=\"woocommerce-Price-amount amount\">89,00<span class=\"woocommerce-Price-currencySymbol\">&euro;<\/span><\/span><\/div>\n\t\t\t\t\n\t\t\t\t<div class=\"wp-block-button wc-block-grid__product-add-to-cart\"><a href=\"\/index.php\/wp-json\/wp\/v2\/pages\/2178?add-to-cart=2709\" aria-label=\"Ajouter au panier\u00a0: &ldquo;Modelage Sensoriel Inm\u2019AromaSens&rdquo;\" data-quantity=\"1\" data-product_id=\"2709\" data-product_sku=\"\" data-price=\"89\" rel=\"nofollow\" class=\"wp-block-button__link  add_to_cart_button ajax_add_to_cart\">Ajouter au panier<\/a><\/div>\n\t\t\t<\/li><li class=\"wc-block-grid__product\">\n\t\t\t\t<a href=\"https:\/\/xn--institut-beaut-reims-o2b.com\/index.php\/produit\/modelage-relaxant-du-dos\/\" class=\"wc-block-grid__product-link\">\n\t\t\t\t\t\n\t\t\t\t\t<div class=\"wc-block-grid__product-image\"><img loading=\"lazy\" decoding=\"async\" width=\"300\" height=\"283\" src=\"https:\/\/xn--institut-beaut-reims-o2b.com\/wp-content\/uploads\/2022\/01\/CC-Modelage-du-dos-300x283.jpg\" class=\"attachment-woocommerce_thumbnail size-woocommerce_thumbnail\" alt=\"Modelage relaxant du dos\" \/><\/div>\n\t\t\t\t\t<div class=\"wc-block-grid__product-title\">Modelage relaxant du dos<\/div>\n\t\t\t\t<\/a>\n\t\t\t\t<div class=\"wc-block-grid__product-price price\"><span class=\"woocommerce-Price-amount amount\">49,00<span class=\"woocommerce-Price-currencySymbol\">&euro;<\/span><\/span><\/div>\n\t\t\t\t\n\t\t\t\t<div class=\"wp-block-button wc-block-grid__product-add-to-cart\"><a href=\"\/index.php\/wp-json\/wp\/v2\/pages\/2178?add-to-cart=2710\" aria-label=\"Ajouter au panier\u00a0: &ldquo;Modelage relaxant du dos&rdquo;\" data-quantity=\"1\" data-product_id=\"2710\" data-product_sku=\"\" data-price=\"49\" rel=\"nofollow\" class=\"wp-block-button__link  add_to_cart_button ajax_add_to_cart\">Ajouter au panier<\/a><\/div>\n\t\t\t<\/li><li class=\"wc-block-grid__product\">\n\t\t\t\t<a href=\"https:\/\/xn--institut-beaut-reims-o2b.com\/index.php\/produit\/bon-cadeau-ptits-loulous\/\" class=\"wc-block-grid__product-link\">\n\t\t\t\t\t\n\t\t\t\t\t<div class=\"wc-block-grid__product-image\"><img loading=\"lazy\" decoding=\"async\" width=\"300\" height=\"283\" src=\"https:\/\/xn--institut-beaut-reims-o2b.com\/wp-content\/uploads\/2022\/11\/CC-Bons-cadeaux-Ptits-Loulous-300x283.jpg\" class=\"attachment-woocommerce_thumbnail size-woocommerce_thumbnail\" alt=\"Modelage relaxant du Dos\/Bras P\u2019tits loulous 6 \u00e0 11 ans\" \/><\/div>\n\t\t\t\t\t<div class=\"wc-block-grid__product-title\">Modelage relaxant du Dos\/Bras P\u2019tits loulous 6 \u00e0 11 ans<\/div>\n\t\t\t\t<\/a>\n\t\t\t\t<div class=\"wc-block-grid__product-price price\"><span class=\"woocommerce-Price-amount amount\">30,00<span class=\"woocommerce-Price-currencySymbol\">&euro;<\/span><\/span><\/div>\n\t\t\t\t\n\t\t\t\t<div class=\"wp-block-button wc-block-grid__product-add-to-cart\"><a href=\"\/index.php\/wp-json\/wp\/v2\/pages\/2178?add-to-cart=2766\" aria-label=\"Ajouter au panier\u00a0: &ldquo;Modelage relaxant du Dos\/Bras P\u2019tits loulous 6 \u00e0 11 ans&rdquo;\" data-quantity=\"1\" data-product_id=\"2766\" data-product_sku=\"\" data-price=\"30\" rel=\"nofollow\" class=\"wp-block-button__link  add_to_cart_button ajax_add_to_cart\">Ajouter au panier<\/a><\/div>\n\t\t\t<\/li><li class=\"wc-block-grid__product\">\n\t\t\t\t<a href=\"https:\/\/xn--institut-beaut-reims-o2b.com\/index.php\/produit\/ahava-eclat-mineral-2\/\" class=\"wc-block-grid__product-link\">\n\t\t\t\t\t\n\t\t\t\t\t<div class=\"wc-block-grid__product-image\"><img loading=\"lazy\" decoding=\"async\" width=\"300\" height=\"300\" src=\"https:\/\/xn--institut-beaut-reims-o2b.com\/wp-content\/uploads\/2022\/11\/Bons-cadeaux-CC-soin-ahava-300x300.jpg\" class=\"attachment-woocommerce_thumbnail size-woocommerce_thumbnail\" alt=\"Soin Visage AHAVA Escapade Min\u00e9rale\" srcset=\"https:\/\/xn--institut-beaut-reims-o2b.com\/wp-content\/uploads\/2022\/11\/Bons-cadeaux-CC-soin-ahava-300x300.jpg 300w, https:\/\/xn--institut-beaut-reims-o2b.com\/wp-content\/uploads\/2022\/11\/Bons-cadeaux-CC-soin-ahava-150x150.jpg 150w, https:\/\/xn--institut-beaut-reims-o2b.com\/wp-content\/uploads\/2022\/11\/Bons-cadeaux-CC-soin-ahava-75x75.jpg 75w, https:\/\/xn--institut-beaut-reims-o2b.com\/wp-content\/uploads\/2022\/11\/Bons-cadeaux-CC-soin-ahava-100x100.jpg 100w\" sizes=\"auto, (max-width: 300px) 100vw, 300px\" \/><\/div>\n\t\t\t\t\t<div class=\"wc-block-grid__product-title\">Soin Visage AHAVA Escapade Min\u00e9rale<\/div>\n\t\t\t\t<\/a>\n\t\t\t\t<div class=\"wc-block-grid__product-price price\"><span class=\"woocommerce-Price-amount amount\">69,00<span class=\"woocommerce-Price-currencySymbol\">&euro;<\/span><\/span><\/div>\n\t\t\t\t\n\t\t\t\t<div class=\"wp-block-button wc-block-grid__product-add-to-cart\"><a href=\"\/index.php\/wp-json\/wp\/v2\/pages\/2178?add-to-cart=2711\" aria-label=\"Ajouter au panier\u00a0: &ldquo;Soin Visage AHAVA Escapade Min\u00e9rale&rdquo;\" data-quantity=\"1\" data-product_id=\"2711\" data-product_sku=\"\" data-price=\"69\" rel=\"nofollow\" class=\"wp-block-button__link  add_to_cart_button ajax_add_to_cart\">Ajouter au panier<\/a><\/div>\n\t\t\t<\/li><li class=\"wc-block-grid__product\">\n\t\t\t\t<a href=\"https:\/\/xn--institut-beaut-reims-o2b.com\/index.php\/produit\/soin-visage-uvas-frescas-vino-purete-bio\/\" class=\"wc-block-grid__product-link\">\n\t\t\t\t\t\n\t\t\t\t\t<div class=\"wc-block-grid__product-image\"><img loading=\"lazy\" decoding=\"async\" width=\"300\" height=\"300\" src=\"https:\/\/xn--institut-beaut-reims-o2b.com\/wp-content\/uploads\/2022\/11\/Bons-cadeaux-Uvas-Frescas-300x300.jpg\" class=\"attachment-woocommerce_thumbnail size-woocommerce_thumbnail\" alt=\"Soin visage UVAS FRESCAS Vid Puret\u00e9 Bio\" srcset=\"https:\/\/xn--institut-beaut-reims-o2b.com\/wp-content\/uploads\/2022\/11\/Bons-cadeaux-Uvas-Frescas-300x300.jpg 300w, https:\/\/xn--institut-beaut-reims-o2b.com\/wp-content\/uploads\/2022\/11\/Bons-cadeaux-Uvas-Frescas-150x150.jpg 150w, https:\/\/xn--institut-beaut-reims-o2b.com\/wp-content\/uploads\/2022\/11\/Bons-cadeaux-Uvas-Frescas-75x75.jpg 75w, https:\/\/xn--institut-beaut-reims-o2b.com\/wp-content\/uploads\/2022\/11\/Bons-cadeaux-Uvas-Frescas-100x100.jpg 100w\" sizes=\"auto, (max-width: 300px) 100vw, 300px\" \/><\/div>\n\t\t\t\t\t<div class=\"wc-block-grid__product-title\">Soin visage UVAS FRESCAS Vid Puret\u00e9 Bio<\/div>\n\t\t\t\t<\/a>\n\t\t\t\t<div class=\"wc-block-grid__product-price price\"><span class=\"woocommerce-Price-amount amount\">60,00<span class=\"woocommerce-Price-currencySymbol\">&euro;<\/span><\/span><\/div>\n\t\t\t\t\n\t\t\t\t<div class=\"wp-block-button wc-block-grid__product-add-to-cart\"><a href=\"\/index.php\/wp-json\/wp\/v2\/pages\/2178?add-to-cart=3149\" aria-label=\"Ajouter au panier\u00a0: &ldquo;Soin visage UVAS FRESCAS Vid Puret\u00e9 Bio&rdquo;\" data-quantity=\"1\" data-product_id=\"3149\" data-product_sku=\"\" data-price=\"60\" rel=\"nofollow\" class=\"wp-block-button__link  add_to_cart_button ajax_add_to_cart\">Ajouter au panier<\/a><\/div>\n\t\t\t<\/li><li class=\"wc-block-grid__product\">\n\t\t\t\t<a href=\"https:\/\/xn--institut-beaut-reims-o2b.com\/index.php\/produit\/soin-decouverte-bien-etre\/\" class=\"wc-block-grid__product-link\">\n\t\t\t\t\t\n\t\t\t\t\t<div class=\"wc-block-grid__product-image\"><img loading=\"lazy\" decoding=\"async\" width=\"300\" height=\"300\" src=\"https:\/\/xn--institut-beaut-reims-o2b.com\/wp-content\/uploads\/2022\/11\/Bons-cadeaux-soin-decouverte-linstant-evasion-Click-et-Collect-300x300.jpg\" class=\"attachment-woocommerce_thumbnail size-woocommerce_thumbnail\" alt=\"Soin d\u00e9couverte l&#039;Instant Evasion\" srcset=\"https:\/\/xn--institut-beaut-reims-o2b.com\/wp-content\/uploads\/2022\/11\/Bons-cadeaux-soin-decouverte-linstant-evasion-Click-et-Collect-300x300.jpg 300w, https:\/\/xn--institut-beaut-reims-o2b.com\/wp-content\/uploads\/2022\/11\/Bons-cadeaux-soin-decouverte-linstant-evasion-Click-et-Collect-150x150.jpg 150w, https:\/\/xn--institut-beaut-reims-o2b.com\/wp-content\/uploads\/2022\/11\/Bons-cadeaux-soin-decouverte-linstant-evasion-Click-et-Collect-75x75.jpg 75w, https:\/\/xn--institut-beaut-reims-o2b.com\/wp-content\/uploads\/2022\/11\/Bons-cadeaux-soin-decouverte-linstant-evasion-Click-et-Collect-100x100.jpg 100w\" sizes=\"auto, (max-width: 300px) 100vw, 300px\" \/><\/div>\n\t\t\t\t\t<div class=\"wc-block-grid__product-title\">Soin d\u00e9couverte l&rsquo;Instant Evasion<\/div>\n\t\t\t\t<\/a>\n\t\t\t\t<div class=\"wc-block-grid__product-price price\"><span class=\"woocommerce-Price-amount amount\">49,00<span class=\"woocommerce-Price-currencySymbol\">&euro;<\/span><\/span><\/div>\n\t\t\t\t\n\t\t\t\t<div class=\"wp-block-button wc-block-grid__product-add-to-cart\"><a href=\"\/index.php\/wp-json\/wp\/v2\/pages\/2178?add-to-cart=3147\" aria-label=\"Ajouter au panier\u00a0: &ldquo;Soin d\u00e9couverte l&#039;Instant Evasion&rdquo;\" data-quantity=\"1\" data-product_id=\"3147\" data-product_sku=\"\" data-price=\"49\" rel=\"nofollow\" class=\"wp-block-button__link  add_to_cart_button ajax_add_to_cart\">Ajouter au panier<\/a><\/div>\n\t\t\t<\/li><li class=\"wc-block-grid__product\">\n\t\t\t\t<a href=\"https:\/\/xn--institut-beaut-reims-o2b.com\/index.php\/produit\/manucure-pose-vernis\/\" class=\"wc-block-grid__product-link\">\n\t\t\t\t\t\n\t\t\t\t\t<div class=\"wc-block-grid__product-image\"><img loading=\"lazy\" decoding=\"async\" width=\"300\" height=\"300\" src=\"https:\/\/xn--institut-beaut-reims-o2b.com\/wp-content\/uploads\/2022\/11\/Bons-cadeaux-Manucure-CC-300x300.jpg\" class=\"attachment-woocommerce_thumbnail size-woocommerce_thumbnail\" alt=\"Manucure + pose vernis\" srcset=\"https:\/\/xn--institut-beaut-reims-o2b.com\/wp-content\/uploads\/2022\/11\/Bons-cadeaux-Manucure-CC-300x300.jpg 300w, https:\/\/xn--institut-beaut-reims-o2b.com\/wp-content\/uploads\/2022\/11\/Bons-cadeaux-Manucure-CC-150x150.jpg 150w, https:\/\/xn--institut-beaut-reims-o2b.com\/wp-content\/uploads\/2022\/11\/Bons-cadeaux-Manucure-CC-75x75.jpg 75w, https:\/\/xn--institut-beaut-reims-o2b.com\/wp-content\/uploads\/2022\/11\/Bons-cadeaux-Manucure-CC-100x100.jpg 100w\" sizes=\"auto, (max-width: 300px) 100vw, 300px\" \/><\/div>\n\t\t\t\t\t<div class=\"wc-block-grid__product-title\">Manucure + pose vernis<\/div>\n\t\t\t\t<\/a>\n\t\t\t\t<div class=\"wc-block-grid__product-price price\"><span class=\"woocommerce-Price-amount amount\">66,00<span class=\"woocommerce-Price-currencySymbol\">&euro;<\/span><\/span><\/div>\n\t\t\t\t\n\t\t\t\t<div class=\"wp-block-button wc-block-grid__product-add-to-cart\"><a href=\"\/index.php\/wp-json\/wp\/v2\/pages\/2178?add-to-cart=3195\" aria-label=\"Ajouter au panier\u00a0: &ldquo;Manucure + pose vernis&rdquo;\" data-quantity=\"1\" data-product_id=\"3195\" data-product_sku=\"\" data-price=\"66\" rel=\"nofollow\" class=\"wp-block-button__link  add_to_cart_button ajax_add_to_cart\">Ajouter au panier<\/a><\/div>\n\t\t\t<\/li><li class=\"wc-block-grid__product\">\n\t\t\t\t<a href=\"https:\/\/xn--institut-beaut-reims-o2b.com\/index.php\/produit\/soin-beaute-des-pieds\/\" class=\"wc-block-grid__product-link\">\n\t\t\t\t\t\n\t\t\t\t\t<div class=\"wc-block-grid__product-image\"><img loading=\"lazy\" decoding=\"async\" width=\"300\" height=\"300\" src=\"https:\/\/xn--institut-beaut-reims-o2b.com\/wp-content\/uploads\/2022\/10\/Bons-cadeaux-Beaute-des-pieds-300x300.jpg\" class=\"attachment-woocommerce_thumbnail size-woocommerce_thumbnail\" alt=\"Soin Beaut\u00e9 des pieds\" srcset=\"https:\/\/xn--institut-beaut-reims-o2b.com\/wp-content\/uploads\/2022\/10\/Bons-cadeaux-Beaute-des-pieds-300x300.jpg 300w, https:\/\/xn--institut-beaut-reims-o2b.com\/wp-content\/uploads\/2022\/10\/Bons-cadeaux-Beaute-des-pieds-150x150.jpg 150w, https:\/\/xn--institut-beaut-reims-o2b.com\/wp-content\/uploads\/2022\/10\/Bons-cadeaux-Beaute-des-pieds-75x75.jpg 75w, https:\/\/xn--institut-beaut-reims-o2b.com\/wp-content\/uploads\/2022\/10\/Bons-cadeaux-Beaute-des-pieds-100x100.jpg 100w\" sizes=\"auto, (max-width: 300px) 100vw, 300px\" \/><\/div>\n\t\t\t\t\t<div class=\"wc-block-grid__product-title\">Soin Beaut\u00e9 des pieds<\/div>\n\t\t\t\t<\/a>\n\t\t\t\t<div class=\"wc-block-grid__product-price price\"><span class=\"woocommerce-Price-amount amount\">59,00<span class=\"woocommerce-Price-currencySymbol\">&euro;<\/span><\/span><\/div>\n\t\t\t\t\n\t\t\t\t<div class=\"wp-block-button wc-block-grid__product-add-to-cart\"><a href=\"\/index.php\/wp-json\/wp\/v2\/pages\/2178?add-to-cart=3151\" aria-label=\"Ajouter au panier\u00a0: &ldquo;Soin Beaut\u00e9 des pieds&rdquo;\" data-quantity=\"1\" data-product_id=\"3151\" data-product_sku=\"\" data-price=\"59\" rel=\"nofollow\" class=\"wp-block-button__link  add_to_cart_button ajax_add_to_cart\">Ajouter au panier<\/a><\/div>\n\t\t\t<\/li><li class=\"wc-block-grid__product\">\n\t\t\t\t<a href=\"https:\/\/xn--institut-beaut-reims-o2b.com\/index.php\/produit\/bon-cadeau-de-150-euros-2\/\" class=\"wc-block-grid__product-link\">\n\t\t\t\t\t\n\t\t\t\t\t<div class=\"wc-block-grid__product-image\"><img loading=\"lazy\" decoding=\"async\" width=\"300\" height=\"283\" src=\"https:\/\/xn--institut-beaut-reims-o2b.com\/wp-content\/uploads\/2022\/01\/CC-150e-300x283.jpg\" class=\"attachment-woocommerce_thumbnail size-woocommerce_thumbnail\" alt=\"Bon cadeau de 150 euros\" \/><\/div>\n\t\t\t\t\t<div class=\"wc-block-grid__product-title\">Bon cadeau de 150 euros<\/div>\n\t\t\t\t<\/a>\n\t\t\t\t<div class=\"wc-block-grid__product-price price\"><span class=\"woocommerce-Price-amount amount\">150,00<span class=\"woocommerce-Price-currencySymbol\">&euro;<\/span><\/span><\/div>\n\t\t\t\t\n\t\t\t\t<div class=\"wp-block-button wc-block-grid__product-add-to-cart\"><a href=\"\/index.php\/wp-json\/wp\/v2\/pages\/2178?add-to-cart=2727\" aria-label=\"Ajouter au panier\u00a0: &ldquo;Bon cadeau de 150 euros&rdquo;\" data-quantity=\"1\" data-product_id=\"2727\" data-product_sku=\"\" data-price=\"150\" rel=\"nofollow\" class=\"wp-block-button__link  add_to_cart_button ajax_add_to_cart\">Ajouter au panier<\/a><\/div>\n\t\t\t<\/li><li class=\"wc-block-grid__product\">\n\t\t\t\t<a href=\"https:\/\/xn--institut-beaut-reims-o2b.com\/index.php\/produit\/bon-cadeau-de-100-euros-2\/\" class=\"wc-block-grid__product-link\">\n\t\t\t\t\t\n\t\t\t\t\t<div class=\"wc-block-grid__product-image\"><img loading=\"lazy\" decoding=\"async\" width=\"300\" height=\"283\" src=\"https:\/\/xn--institut-beaut-reims-o2b.com\/wp-content\/uploads\/2022\/01\/CC-100e-300x283.jpg\" class=\"attachment-woocommerce_thumbnail size-woocommerce_thumbnail\" alt=\"Bon cadeau de 100 euros\" \/><\/div>\n\t\t\t\t\t<div class=\"wc-block-grid__product-title\">Bon cadeau de 100 euros<\/div>\n\t\t\t\t<\/a>\n\t\t\t\t<div class=\"wc-block-grid__product-price price\"><span class=\"woocommerce-Price-amount amount\">100,00<span class=\"woocommerce-Price-currencySymbol\">&euro;<\/span><\/span><\/div>\n\t\t\t\t\n\t\t\t\t<div class=\"wp-block-button wc-block-grid__product-add-to-cart\"><a href=\"\/index.php\/wp-json\/wp\/v2\/pages\/2178?add-to-cart=2726\" aria-label=\"Ajouter au panier\u00a0: &ldquo;Bon cadeau de 100 euros&rdquo;\" data-quantity=\"1\" data-product_id=\"2726\" data-product_sku=\"\" data-price=\"100\" rel=\"nofollow\" class=\"wp-block-button__link  add_to_cart_button ajax_add_to_cart\">Ajouter au panier<\/a><\/div>\n\t\t\t<\/li><li class=\"wc-block-grid__product\">\n\t\t\t\t<a href=\"https:\/\/xn--institut-beaut-reims-o2b.com\/index.php\/produit\/bon-cadeau-de-80-euros-2\/\" class=\"wc-block-grid__product-link\">\n\t\t\t\t\t\n\t\t\t\t\t<div class=\"wc-block-grid__product-image\"><img loading=\"lazy\" decoding=\"async\" width=\"300\" height=\"283\" src=\"https:\/\/xn--institut-beaut-reims-o2b.com\/wp-content\/uploads\/2022\/01\/CC-80e-300x283.jpg\" class=\"attachment-woocommerce_thumbnail size-woocommerce_thumbnail\" alt=\"Bon cadeau de 80 euros\" \/><\/div>\n\t\t\t\t\t<div class=\"wc-block-grid__product-title\">Bon cadeau de 80 euros<\/div>\n\t\t\t\t<\/a>\n\t\t\t\t<div class=\"wc-block-grid__product-price price\"><span class=\"woocommerce-Price-amount amount\">80,00<span class=\"woocommerce-Price-currencySymbol\">&euro;<\/span><\/span><\/div>\n\t\t\t\t\n\t\t\t\t<div class=\"wp-block-button wc-block-grid__product-add-to-cart\"><a href=\"\/index.php\/wp-json\/wp\/v2\/pages\/2178?add-to-cart=2725\" aria-label=\"Ajouter au panier\u00a0: &ldquo;Bon cadeau de 80 euros&rdquo;\" data-quantity=\"1\" data-product_id=\"2725\" data-product_sku=\"\" data-price=\"80\" rel=\"nofollow\" class=\"wp-block-button__link  add_to_cart_button ajax_add_to_cart\">Ajouter au panier<\/a><\/div>\n\t\t\t<\/li><li class=\"wc-block-grid__product\">\n\t\t\t\t<a href=\"https:\/\/xn--institut-beaut-reims-o2b.com\/index.php\/produit\/bon-cadeau-de-50-euros-2\/\" class=\"wc-block-grid__product-link\">\n\t\t\t\t\t\n\t\t\t\t\t<div class=\"wc-block-grid__product-image\"><img loading=\"lazy\" decoding=\"async\" width=\"300\" height=\"283\" src=\"https:\/\/xn--institut-beaut-reims-o2b.com\/wp-content\/uploads\/2022\/01\/CC-50e-300x283.jpg\" class=\"attachment-woocommerce_thumbnail size-woocommerce_thumbnail\" alt=\"Bon cadeau de 50 euros\" \/><\/div>\n\t\t\t\t\t<div class=\"wc-block-grid__product-title\">Bon cadeau de 50 euros<\/div>\n\t\t\t\t<\/a>\n\t\t\t\t<div class=\"wc-block-grid__product-price price\"><span class=\"woocommerce-Price-amount amount\">50,00<span class=\"woocommerce-Price-currencySymbol\">&euro;<\/span><\/span><\/div>\n\t\t\t\t\n\t\t\t\t<div class=\"wp-block-button wc-block-grid__product-add-to-cart\"><a href=\"\/index.php\/wp-json\/wp\/v2\/pages\/2178?add-to-cart=2724\" aria-label=\"Ajouter au panier\u00a0: &ldquo;Bon cadeau de 50 euros&rdquo;\" data-quantity=\"1\" data-product_id=\"2724\" data-product_sku=\"\" data-price=\"50\" rel=\"nofollow\" class=\"wp-block-button__link  add_to_cart_button ajax_add_to_cart\">Ajouter au panier<\/a><\/div>\n\t\t\t<\/li><li class=\"wc-block-grid__product\">\n\t\t\t\t<a href=\"https:\/\/xn--institut-beaut-reims-o2b.com\/index.php\/produit\/bon-cadeau-de-30-euros-2\/\" class=\"wc-block-grid__product-link\">\n\t\t\t\t\t\n\t\t\t\t\t<div class=\"wc-block-grid__product-image\"><img loading=\"lazy\" decoding=\"async\" width=\"300\" height=\"283\" src=\"https:\/\/xn--institut-beaut-reims-o2b.com\/wp-content\/uploads\/2022\/01\/CC-30e-300x283.jpg\" class=\"attachment-woocommerce_thumbnail size-woocommerce_thumbnail\" alt=\"Bon cadeau de 30 euros\" \/><\/div>\n\t\t\t\t\t<div class=\"wc-block-grid__product-title\">Bon cadeau de 30 euros<\/div>\n\t\t\t\t<\/a>\n\t\t\t\t<div class=\"wc-block-grid__product-price price\"><span class=\"woocommerce-Price-amount amount\">30,00<span class=\"woocommerce-Price-currencySymbol\">&euro;<\/span><\/span><\/div>\n\t\t\t\t\n\t\t\t\t<div class=\"wp-block-button wc-block-grid__product-add-to-cart\"><a href=\"\/index.php\/wp-json\/wp\/v2\/pages\/2178?add-to-cart=2723\" aria-label=\"Ajouter au panier\u00a0: &ldquo;Bon cadeau de 30 euros&rdquo;\" data-quantity=\"1\" data-product_id=\"2723\" data-product_sku=\"\" data-price=\"30\" rel=\"nofollow\" class=\"wp-block-button__link  add_to_cart_button ajax_add_to_cart\">Ajouter au panier<\/a><\/div>\n\t\t\t<\/li><\/ul><\/div>\n\n\n<div class=\"wp-block-group\"><div class=\"wp-block-group__inner-container is-layout-flow wp-block-group-is-layout-flow\"><\/div><\/div>\n\n\n\n<div class=\"wp-block-columns is-layout-flex wp-container-core-columns-is-layout-9d6595d7 wp-block-columns-is-layout-flex\">\n<div class=\"wp-block-column is-layout-flow wp-block-column-is-layout-flow\" style=\"flex-basis:100%\"><\/div>\n<\/div>\n\n\n\n<p><\/p>\n","protected":false},"excerpt":{"rendered":"<p>Bon cadeau en Click and Collect. R\u00e9cup\u00e9rez votre bon cadeau \u00e0 l&rsquo;institut Inm&rsquo;AromaSens.<\/p>\n","protected":false},"author":1,"featured_media":0,"parent":0,"menu_order":0,"comment_status":"closed","ping_status":"closed","template":"custom-templates\/full-width.php","meta":{"_uag_custom_page_level_css":"","_exactmetrics_skip_tracking":false,"_exactmetrics_sitenote_active":false,"_exactmetrics_sitenote_note":"","_exactmetrics_sitenote_category":0,"iawp_total_views":37,"footnotes":""},"class_list":["post-2178","page","type-page","status-publish","hentry"],"uagb_featured_image_src":{"full":false,"thumbnail":false,"medium":false,"medium_large":false,"large":false,"1536x1536":false,"2048x2048":false,"widget-thumbnail":false,"mailpoet_newsletter_max":false,"woocommerce_thumbnail":false,"woocommerce_single":false,"woocommerce_gallery_thumbnail":false,"sow-carousel-default":false},"uagb_author_info":{"display_name":"admin8743","author_link":"https:\/\/xn--institut-beaut-reims-o2b.com\/index.php\/author\/admin8743\/"},"uagb_comment_info":0,"uagb_excerpt":"Bon cadeau en Click and Collect. R\u00e9cup\u00e9rez votre bon cadeau \u00e0 l&rsquo;institut Inm&rsquo;AromaSens.","_links":{"self":[{"href":"https:\/\/xn--institut-beaut-reims-o2b.com\/index.php\/wp-json\/wp\/v2\/pages\/2178","targetHints":{"allow":["GET"]}}],"collection":[{"href":"https:\/\/xn--institut-beaut-reims-o2b.com\/index.php\/wp-json\/wp\/v2\/pages"}],"about":[{"href":"https:\/\/xn--institut-beaut-reims-o2b.com\/index.php\/wp-json\/wp\/v2\/types\/page"}],"author":[{"embeddable":true,"href":"https:\/\/xn--institut-beaut-reims-o2b.com\/index.php\/wp-json\/wp\/v2\/users\/1"}],"replies":[{"embeddable":true,"href":"https:\/\/xn--institut-beaut-reims-o2b.com\/index.php\/wp-json\/wp\/v2\/comments?post=2178"}],"version-history":[{"count":14,"href":"https:\/\/xn--institut-beaut-reims-o2b.com\/index.php\/wp-json\/wp\/v2\/pages\/2178\/revisions"}],"predecessor-version":[{"id":3171,"href":"https:\/\/xn--institut-beaut-reims-o2b.com\/index.php\/wp-json\/wp\/v2\/pages\/2178\/revisions\/3171"}],"wp:attachment":[{"href":"https:\/\/xn--institut-beaut-reims-o2b.com\/index.php\/wp-json\/wp\/v2\/media?parent=2178"}],"curies":[{"name":"wp","href":"https:\/\/api.w.org\/{rel}","templated":true}]}}