{"id":24,"date":"2019-01-28T15:32:21","date_gmt":"2019-01-28T14:32:21","guid":{"rendered":"http:\/\/xn--institut-beaut-reims-o2b.com\/?page_id=24"},"modified":"2026-04-12T23:51:07","modified_gmt":"2026-04-12T21:51:07","slug":"soins-visage","status":"publish","type":"page","link":"https:\/\/xn--institut-beaut-reims-o2b.com\/index.php\/soins-visage\/","title":{"rendered":"Soins Visage Uvas Frescas"},"content":{"rendered":"<div id=\"pl-24\"  class=\"panel-layout\" ><div id=\"pg-24-0\"  class=\"panel-grid panel-no-style\" ><div id=\"pgc-24-0-0\"  class=\"panel-grid-cell\" ><div id=\"panel-24-0-0-0\" class=\"so-panel widget widget_sow-image panel-first-child\" data-index=\"0\" ><div\n\t\t\t\n\t\t\tclass=\"so-widget-sow-image so-widget-sow-image-default-c67d20f9f743-24\"\n\t\t\t\n\t\t>\n<div class=\"sow-image-container\">\n\t\t<img \n\tsrc=\"https:\/\/xn--institut-beaut-reims-o2b.com\/wp-content\/uploads\/2026\/04\/SOIN-VISAGE-UVAS-FRESCAS-INM-AROMASENS-REIMS2-240x300.jpeg\" width=\"240\" height=\"300\" srcset=\"https:\/\/xn--institut-beaut-reims-o2b.com\/wp-content\/uploads\/2026\/04\/SOIN-VISAGE-UVAS-FRESCAS-INM-AROMASENS-REIMS2-240x300.jpeg 240w, https:\/\/xn--institut-beaut-reims-o2b.com\/wp-content\/uploads\/2026\/04\/SOIN-VISAGE-UVAS-FRESCAS-INM-AROMASENS-REIMS2.jpeg 512w\" sizes=\"(max-width: 240px) 100vw, 240px\" alt=\"\" \t\tclass=\"so-widget-image\"\/>\n\t<\/div>\n\n<\/div><\/div><div id=\"panel-24-0-0-1\" class=\"so-panel widget widget_sow-editor panel-last-child\" data-index=\"1\" ><div\n\t\t\t\n\t\t\tclass=\"so-widget-sow-editor so-widget-sow-editor-base\"\n\t\t\t\n\t\t>\n<div class=\"siteorigin-widget-tinymce textwidget\">\n\t<p data-start=\"162\" data-end=\"218\">Offrez \u00e0 votre peau une v\u00e9ritable infusion de fra\u00eecheur\u2026<\/p>\n<p data-start=\"220\" data-end=\"451\">La marque <strong data-start=\"230\" data-end=\"271\"><span class=\"hover:entity-accent entity-underline inline cursor-pointer align-baseline\"><span class=\"whitespace-normal\">Uvas Frescas<\/span><\/span><\/strong> puise son inspiration au c\u0153ur des vignobles espagnols, et plus particuli\u00e8rement des terres de La Rioja, o\u00f9 le raisin, riche en antioxydants, devient un v\u00e9ritable \u00e9lixir de beaut\u00e9.<\/p>\n<p data-start=\"453\" data-end=\"560\">Ses formules associent naturalit\u00e9, efficacit\u00e9 et plaisir sensoriel pour r\u00e9v\u00e9ler l\u2019\u00e9clat naturel de la peau.<\/p>\n<p data-start=\"562\" data-end=\"663\">Les textures sont l\u00e9g\u00e8res, fra\u00eeches et fondantes\u2026 les senteurs, d\u00e9licatement fruit\u00e9es et vivifiantes.<\/p>\n<p data-start=\"665\" data-end=\"743\">Une exp\u00e9rience sensorielle lumineuse, qui apporte \u00e0 la peau vitalit\u00e9 et \u00e9clat.<\/p>\n<p data-start=\"665\" data-end=\"743\"><img loading=\"lazy\" decoding=\"async\" class=\"aligncenter size-full wp-image-3777\" src=\"https:\/\/xn--institut-beaut-reims-o2b.com\/wp-content\/uploads\/2024\/02\/Logo-femme-rose2.png\" alt=\"\" width=\"65\" height=\"42\" \/><\/p>\n<h2 style=\"text-align: center;\" data-section-id=\"14f00cz\" data-start=\"750\" data-end=\"789\"><span role=\"text\"><strong data-start=\"753\" data-end=\"789\">Pourquoi j\u2019ai choisi cette gamme<\/strong><\/span><\/h2>\n<p data-start=\"791\" data-end=\"919\">J\u2019ai s\u00e9lectionn\u00e9 <strong data-start=\"808\" data-end=\"849\"><span class=\"hover:entity-accent entity-underline inline cursor-pointer align-baseline\"><span class=\"whitespace-normal\">Uvas Frescas<\/span><\/span><\/strong> pour offrir des soins \u00e0 la fois \u00e9clatants, naturels et revitalisants.<\/p>\n<p data-start=\"464\" data-end=\"686\">\u00c9tant moi-m\u00eame d\u2019origine espagnole, issue de la r\u00e9gion viticole de la <span class=\"hover:entity-accent entity-underline inline cursor-pointer align-baseline\"><span class=\"whitespace-normal\">Ribera del Duero<\/span><\/span>, il me tenait \u00e0 c\u0153ur de vous proposer une gamme au raisin bio d\u2019Espagne, en lien avec mes racines et mon histoire.<\/p>\n<p data-start=\"921\" data-end=\"1039\">Ici, le soin devient une v\u00e9ritable cure de fra\u00eecheur\u2026 un moment o\u00f9 la peau se ressource et retrouve toute son \u00e9nergie.<\/p>\n<p data-start=\"1041\" data-end=\"1301\">\u2714 Une peau revitalis\u00e9e : plus lumineuse, tonifi\u00e9e et \u00e9clatante<br data-start=\"1107\" data-end=\"1110\" \/>\u2714 Une sensorialit\u00e9 fra\u00eeche : textures l\u00e9g\u00e8res, sensations vivifiantes, plaisir imm\u00e9diat<br data-start=\"1201\" data-end=\"1204\" \/>\u2714 Une approche naturelle : des soins inspir\u00e9s de la nature pour sublimer la peau en douceur<\/p>\n<h4 style=\"text-align: left;\" data-section-id=\"1big2vo\" data-start=\"315\" data-end=\"342\"><span role=\"text\"><strong data-start=\"319\" data-end=\"342\">Un rituel essentiel<\/strong><\/span><\/h4>\n<p data-start=\"344\" data-end=\"467\">La gamme Uvas Frescas repose sur une s\u00e9lection courte de produits, choisis pour leur efficacit\u00e9 et leur richesse en actifs.<\/p>\n<p data-start=\"469\" data-end=\"574\">Une approche \u00e9pur\u00e9e, qui privil\u00e9gie la justesse et va \u00e0 l\u2019essentiel pour r\u00e9pondre aux besoins de la peau.<\/p>\n<h4 style=\"text-align: left;\" data-section-id=\"1dulqex\" data-start=\"1561\" data-end=\"1596\"><span role=\"text\"><strong data-start=\"1564\" data-end=\"1596\">Une pause \u00e9clat et fra\u00eecheur<\/strong><\/span><\/h4>\n<p data-start=\"1598\" data-end=\"1661\">Ces soins offrent une v\u00e9ritable bouff\u00e9e d\u2019oxyg\u00e8ne \u00e0 votre peau\u2026<\/p>\n<p data-start=\"1663\" data-end=\"1765\">Un moment de l\u00e9g\u00e8ret\u00e9 et de renouveau pour r\u00e9v\u00e9ler un teint frais, lumineux et naturellement \u00e9clatant.<\/p>\n<p>&nbsp;<\/p>\n<p><img loading=\"lazy\" decoding=\"async\" class=\"aligncenter size-full wp-image-3777\" src=\"https:\/\/xn--institut-beaut-reims-o2b.com\/wp-content\/uploads\/2024\/02\/Logo-femme-rose2.png\" alt=\"\" width=\"65\" height=\"42\" \/><\/p>\n<h2 style=\"text-align: center;\">Soins Visage et Tarifs<\/h2>\n<p><em><strong>Mes soins du visage (sauf UVAS FRESCAS Vid Puret\u00e9 bio) comprennent un modelage du visage et du buste pour une profonde d\u00e9tente. Durant le temps de pose des masques, un modelage mains et\/ou pieds et\/ou cuir chevelu vous est OFFERT !<\/strong><\/em><\/p>\n\n<table id=\"tablepress-1\" class=\"tablepress tablepress-id-1\">\n<tbody class=\"row-hover\">\n<tr class=\"row-1\">\n\t<td class=\"column-1\"><\/td><td class=\"column-2\"><b>UVAS FRESCAS Vid Puret\u00e9 Bio<\/b><br \/>\n<em>(Tout \u00e2ge - tous types de peau - NETTOYANT)<\/em><br \/>\nSoin purifiant aux raisins BIO d\u2019une v\u00e9ritable bouff\u00e9e rafra\u00eechissante <em> (dont vapozone  + extraction com\u00e9dons)<\/em><\/td><td class=\"column-3\">60,00 \u20ac<\/td><td class=\"column-4\">40'<\/td>\n<\/tr>\n<tr class=\"row-2\">\n\t<td class=\"column-1\"><\/td><td class=\"column-2\"><b>UVAS FRESCAS Vid Lift R\u00e9g\u00e9n\u00e9rant Bio<\/b><br \/>\n<em>(peaux matures, s\u00e8ches et d\u00e9shydrat\u00e9es - ANTI-AGE - HYDRATANT - ECLAT)<\/em><br \/>\nCocktail vitamin\u00e9 aux raisins bio, au collag\u00e8ne et acide hyaluronique, antioxydant, antiradicalaire pour lutter contre la d\u00e9shydratation et le rel\u00e2chement cutan\u00e9 et retrouver un teint \u00e9clatant. Effet tenseur imm\u00e9diat !<\/td><td class=\"column-3\">95,00 \u20ac<\/td><td class=\"column-4\">60'<\/td>\n<\/tr>\n<tr class=\"row-3\">\n\t<td class=\"column-1\"><img loading=\"lazy\" decoding=\"async\" src=\"https:\/\/xn--institut-beaut-reims-o2b.com\/wp-content\/uploads\/2024\/02\/Logo-femme-rose2.png\" alt=\"\" width=\"40\" height=\"26\" class=\"aligncenter size-full wp-image-3777\" \/><\/td><td class=\"column-2\"><b>UVAS FRESCAS Voyage sur la Route de la Rioja<\/b><br \/>\n<em>(Soin du visage Vid Lift R\u00e9g\u00e9n\u00e9rant Bio, gommage des pieds au raisin bio, modelage des pieds au beurre de karit\u00e9 chaud)<br \/>\n<\/em>Combine le soin visage avec un soin des pieds pour une profonde d\u00e9tente.<br \/>\n<\/td><td class=\"column-3\">119,00 \u20ac<\/td><td class=\"column-4\">75'<\/td>\n<\/tr>\n<\/tbody>\n<\/table>\n<!-- #tablepress-1 from cache -->\n<p>&nbsp;<\/p>\n<h2 style=\"text-align: center;\">L'occasion de prendre un temps pour soi !<\/h2>\n<p style=\"text-align: center;\">\n<h2 style=\"text-align: center;\"><img loading=\"lazy\" decoding=\"async\" class=\"size-full wp-image-3777 aligncenter\" src=\"https:\/\/xn--institut-beaut-reims-o2b.com\/wp-content\/uploads\/2024\/02\/Logo-femme-rose2.png\" alt=\"\" width=\"65\" height=\"42\" \/><\/h2>\n<h2 style=\"text-align: center;\">Comment me contacter ?<\/h2>\n<\/p>\n<p style=\"text-align: center;\">- par t\u00e9l\u00e9phone ou whatsApp : <strong>06 09 17 81 33<\/strong><\/p>\n<p style=\"text-align: center;\">- par mail : <strong>inma.delahorra@free.fr<\/strong><\/p>\n<p style=\"text-align: center;\">\n<p style=\"text-align: center;\">En attendant, je serai ravie de vous rencontrer !<\/p>\n<p style=\"text-align: center;\">Au plaisir de faire votre connaissance,<\/p>\n<p style=\"text-align: center;\">Inma<\/p>\n<\/div>\n<\/div><\/div><\/div><\/div><div id=\"pg-24-1\"  class=\"panel-grid panel-no-style\" ><div id=\"pgc-24-1-0\"  class=\"panel-grid-cell\" ><div id=\"panel-24-1-0-0\" class=\"so-panel widget widget_sow-image panel-first-child panel-last-child\" data-index=\"2\" ><div\n\t\t\t\n\t\t\tclass=\"so-widget-sow-image so-widget-sow-image-default-c67d20f9f743-24\"\n\t\t\t\n\t\t>\n<div class=\"sow-image-container\">\n\t\t<img \n\tsrc=\"https:\/\/xn--institut-beaut-reims-o2b.com\/wp-content\/uploads\/2026\/04\/SOIN-VISAGE-UVAS-FRESCAS-INM-AROMASENS-REIMS.jpeg\" width=\"640\" height=\"434\" srcset=\"https:\/\/xn--institut-beaut-reims-o2b.com\/wp-content\/uploads\/2026\/04\/SOIN-VISAGE-UVAS-FRESCAS-INM-AROMASENS-REIMS.jpeg 640w, https:\/\/xn--institut-beaut-reims-o2b.com\/wp-content\/uploads\/2026\/04\/SOIN-VISAGE-UVAS-FRESCAS-INM-AROMASENS-REIMS-300x203.jpeg 300w, https:\/\/xn--institut-beaut-reims-o2b.com\/wp-content\/uploads\/2026\/04\/SOIN-VISAGE-UVAS-FRESCAS-INM-AROMASENS-REIMS-600x407.jpeg 600w\" sizes=\"(max-width: 640px) 100vw, 640px\" alt=\"\" \t\tclass=\"so-widget-image\"\/>\n\t<\/div>\n\n<\/div><\/div><\/div><\/div><\/div>","protected":false},"excerpt":{"rendered":"<p>Offrez \u00e0 votre peau une v\u00e9ritable infusion de fra\u00eecheur\u2026 La marque Uvas Frescas puise son inspiration au c\u0153ur des vignobles espagnols, et plus particuli\u00e8rement des terres de La Rioja, o\u00f9 le raisin, riche en antioxydants, devient un v\u00e9ritable \u00e9lixir de beaut\u00e9. Ses formules associent naturalit\u00e9, efficacit\u00e9 et plaisir sensoriel pour r\u00e9v\u00e9ler l\u2019\u00e9clat naturel de la [&hellip;]<\/p>\n","protected":false},"author":1,"featured_media":0,"parent":0,"menu_order":0,"comment_status":"closed","ping_status":"closed","template":"","meta":{"_uag_custom_page_level_css":"","_exactmetrics_skip_tracking":false,"_exactmetrics_sitenote_active":false,"_exactmetrics_sitenote_note":"","_exactmetrics_sitenote_category":0,"iawp_total_views":87,"footnotes":""},"class_list":["post-24","page","type-page","status-publish","hentry"],"uagb_featured_image_src":{"full":false,"thumbnail":false,"medium":false,"medium_large":false,"large":false,"1536x1536":false,"2048x2048":false,"widget-thumbnail":false,"mailpoet_newsletter_max":false,"woocommerce_thumbnail":false,"woocommerce_single":false,"woocommerce_gallery_thumbnail":false,"sow-carousel-default":false},"uagb_author_info":{"display_name":"admin8743","author_link":"https:\/\/xn--institut-beaut-reims-o2b.com\/index.php\/author\/admin8743\/"},"uagb_comment_info":0,"uagb_excerpt":"Offrez \u00e0 votre peau une v\u00e9ritable infusion de fra\u00eecheur\u2026 La marque Uvas Frescas puise son inspiration au c\u0153ur des vignobles espagnols, et plus particuli\u00e8rement des terres de La Rioja, o\u00f9 le raisin, riche en antioxydants, devient un v\u00e9ritable \u00e9lixir de beaut\u00e9. Ses formules associent naturalit\u00e9, efficacit\u00e9 et plaisir sensoriel pour r\u00e9v\u00e9ler l\u2019\u00e9clat naturel de la\u2026","_links":{"self":[{"href":"https:\/\/xn--institut-beaut-reims-o2b.com\/index.php\/wp-json\/wp\/v2\/pages\/24","targetHints":{"allow":["GET"]}}],"collection":[{"href":"https:\/\/xn--institut-beaut-reims-o2b.com\/index.php\/wp-json\/wp\/v2\/pages"}],"about":[{"href":"https:\/\/xn--institut-beaut-reims-o2b.com\/index.php\/wp-json\/wp\/v2\/types\/page"}],"author":[{"embeddable":true,"href":"https:\/\/xn--institut-beaut-reims-o2b.com\/index.php\/wp-json\/wp\/v2\/users\/1"}],"replies":[{"embeddable":true,"href":"https:\/\/xn--institut-beaut-reims-o2b.com\/index.php\/wp-json\/wp\/v2\/comments?post=24"}],"version-history":[{"count":128,"href":"https:\/\/xn--institut-beaut-reims-o2b.com\/index.php\/wp-json\/wp\/v2\/pages\/24\/revisions"}],"predecessor-version":[{"id":5789,"href":"https:\/\/xn--institut-beaut-reims-o2b.com\/index.php\/wp-json\/wp\/v2\/pages\/24\/revisions\/5789"}],"wp:attachment":[{"href":"https:\/\/xn--institut-beaut-reims-o2b.com\/index.php\/wp-json\/wp\/v2\/media?parent=24"}],"curies":[{"name":"wp","href":"https:\/\/api.w.org\/{rel}","templated":true}]}}