{"id":26,"date":"2019-01-28T15:32:31","date_gmt":"2019-01-28T14:32:31","guid":{"rendered":"http:\/\/xn--institut-beaut-reims-o2b.com\/?page_id=26"},"modified":"2026-02-14T23:06:45","modified_gmt":"2026-02-14T22:06:45","slug":"soins-hommes","status":"publish","type":"page","link":"https:\/\/xn--institut-beaut-reims-o2b.com\/index.php\/soins-hommes\/","title":{"rendered":"Soin Visage Junior"},"content":{"rendered":"<div id=\"pl-26\"  class=\"panel-layout\" ><div id=\"pg-26-0\"  class=\"panel-grid panel-no-style\" ><div id=\"pgc-26-0-0\"  class=\"panel-grid-cell\" ><div id=\"panel-26-0-0-0\" class=\"so-panel widget widget_sow-editor panel-first-child panel-last-child\" data-index=\"0\" ><div\n\t\t\t\n\t\t\tclass=\"so-widget-sow-editor so-widget-sow-editor-base\"\n\t\t\t\n\t\t>\n<div class=\"siteorigin-widget-tinymce textwidget\">\n\t<h4 style=\"text-align: center;\"><span style=\"color: #99cc00;\"><em>(Je ne propose pas de Soins Visage aux enfants (-12 ans) autre que juniors en raison de la fragilit\u00e9e cutan\u00e9e.)<\/em><\/span><\/h4>\n<p><img loading=\"lazy\" decoding=\"async\" class=\"aligncenter size-medium wp-image-4939\" src=\"https:\/\/xn--institut-beaut-reims-o2b.com\/wp-content\/uploads\/2025\/06\/IMG_8808-180x300.jpg\" alt=\"\" width=\"180\" height=\"300\" srcset=\"https:\/\/xn--institut-beaut-reims-o2b.com\/wp-content\/uploads\/2025\/06\/IMG_8808-180x300.jpg 180w, https:\/\/xn--institut-beaut-reims-o2b.com\/wp-content\/uploads\/2025\/06\/IMG_8808.jpg 384w\" sizes=\"auto, (max-width: 180px) 100vw, 180px\" \/><\/p>\n<p data-start=\"179\" data-end=\"376\">L\u2019adolescence est une p\u00e9riode de transformation et la peau \u00e9volue elle aussi.<\/p>\n<p data-start=\"179\" data-end=\"376\">Changements hormonaux, exc\u00e8s de s\u00e9bum, imperfections\u2026 Elle a besoin d\u2019une attention sp\u00e9cifique et de gestes adapt\u00e9s.<\/p>\n<p data-start=\"378\" data-end=\"486\">Le <strong data-start=\"381\" data-end=\"403\">Soin Visage Junior<\/strong> est con\u00e7u pour accompagner les jeunes peaux avec douceur, p\u00e9dagogie et efficacit\u00e9.<\/p>\n<p data-start=\"488\" data-end=\"509\">\u2728 <strong data-start=\"490\" data-end=\"509\">Les bienfaits :<\/strong><\/p>\n<p data-start=\"511\" data-end=\"811\">\u2022 Nettoie la peau en profondeur tout en respectant sa sensibilit\u00e9,<br data-start=\"576\" data-end=\"579\" \/>\u2022 R\u00e9gule l\u2019exc\u00e8s de s\u00e9bum,<br data-start=\"604\" data-end=\"607\" \/>\u2022 Aide \u00e0 pr\u00e9venir et limiter les imperfections,<br data-start=\"653\" data-end=\"656\" \/>\u2022 Apaise les petites inflammations,<br data-start=\"690\" data-end=\"693\" \/>\u2022 Transmet les bons gestes d\u2019hygi\u00e8ne et de soin \u00e0 adopter au quotidien,<br data-start=\"763\" data-end=\"766\" \/>\u2022 Contribue \u00e0 renforcer la confiance en soi,<\/p>\n<p data-start=\"813\" data-end=\"982\">Chaque s\u00e9ance est aussi un moment d\u2019\u00e9change : j\u2019explique les gestes simples et les conseils personnalis\u00e9s pour que votre adolescent(e) devienne autonome dans sa routine.<\/p>\n<p data-start=\"984\" data-end=\"1078\">Un temps privil\u00e9gi\u00e9 pour comprendre sa peau, en prendre soin et se sentir bien dans la sienne.<\/p>\n<p>&nbsp;<\/p>\n\n<table id=\"tablepress-3\" class=\"tablepress tablepress-id-3\">\n<tbody class=\"row-hover\">\n<tr class=\"row-1\">\n\t<td class=\"column-1\"><\/td><td class=\"column-2\"><b>AHAVA D\u00e9tox Min\u00e9ral<\/b><br \/>\n<em>(Pour Junior - NETTOYANT)<\/em><br \/>\nSoin rafra\u00eechissant et remin\u00e9ralisant qui combine un nettoyage profond, tonifiant et une exfoliation bas\u00e9e sur les min\u00e9raux et la boue de la mer Morte <em> (dont vapozone  + extraction com\u00e9dons)<\/em><\/td><td class=\"column-3\">60,00 \u20ac<\/td><td class=\"column-4\">40'<\/td>\n<\/tr>\n<\/tbody>\n<\/table>\n<!-- #tablepress-3 from cache -->\n<p><img loading=\"lazy\" decoding=\"async\" class=\"aligncenter size-medium wp-image-2507\" src=\"https:\/\/xn--institut-beaut-reims-o2b.com\/wp-content\/uploads\/2020\/12\/IMG_0630-300x300.jpg\" alt=\"\" width=\"300\" height=\"300\" srcset=\"https:\/\/xn--institut-beaut-reims-o2b.com\/wp-content\/uploads\/2020\/12\/IMG_0630-scaled-300x300.jpg 300w, https:\/\/xn--institut-beaut-reims-o2b.com\/wp-content\/uploads\/2020\/12\/IMG_0630-scaled-100x100.jpg 100w, https:\/\/xn--institut-beaut-reims-o2b.com\/wp-content\/uploads\/2020\/12\/IMG_0630-scaled-600x600.jpg 600w, https:\/\/xn--institut-beaut-reims-o2b.com\/wp-content\/uploads\/2020\/12\/IMG_0630-1024x1024.jpg 1024w, https:\/\/xn--institut-beaut-reims-o2b.com\/wp-content\/uploads\/2020\/12\/IMG_0630-150x150.jpg 150w, https:\/\/xn--institut-beaut-reims-o2b.com\/wp-content\/uploads\/2020\/12\/IMG_0630-768x768.jpg 768w, https:\/\/xn--institut-beaut-reims-o2b.com\/wp-content\/uploads\/2020\/12\/IMG_0630-1536x1536.jpg 1536w, https:\/\/xn--institut-beaut-reims-o2b.com\/wp-content\/uploads\/2020\/12\/IMG_0630-2048x2048.jpg 2048w, https:\/\/xn--institut-beaut-reims-o2b.com\/wp-content\/uploads\/2020\/12\/IMG_0630-75x75.jpg 75w, https:\/\/xn--institut-beaut-reims-o2b.com\/wp-content\/uploads\/2020\/12\/IMG_0630-1320x1320.jpg 1320w\" sizes=\"auto, (max-width: 300px) 100vw, 300px\" \/><\/p>\n<\/div>\n<\/div><\/div><\/div><\/div><div id=\"pg-26-1\"  class=\"panel-grid panel-no-style\" ><div id=\"pgc-26-1-0\"  class=\"panel-grid-cell\" ><div id=\"panel-26-1-0-0\" class=\"so-panel widget widget_sow-editor panel-first-child panel-last-child\" data-index=\"1\" ><div\n\t\t\t\n\t\t\tclass=\"so-widget-sow-editor so-widget-sow-editor-base\"\n\t\t\t\n\t\t>\n<div class=\"siteorigin-widget-tinymce textwidget\">\n\t<div id=\"pgc-5571-2-1\" class=\"panel-grid-cell\">\n<div id=\"panel-5571-2-1-0\" class=\"so-panel widget widget_sow-editor panel-first-child panel-last-child\" data-index=\"2\">\n<div class=\"so-widget-sow-editor so-widget-sow-editor-base\">\n<div class=\"siteorigin-widget-tinymce textwidget\">\n<h2 style=\"text-align: center;\">L'occasion de prendre un temps pour soi !<\/h2>\n<figure class=\"centered-image\">\n<figure class=\"centered-image\"><img loading=\"lazy\" decoding=\"async\" class=\"aligncenter size-full wp-image-3777\" src=\"https:\/\/xn--institut-beaut-reims-o2b.com\/wp-content\/uploads\/2024\/02\/Logo-femme-rose2.png\" alt=\"\" width=\"65\" height=\"42\" \/><\/figure>\n<\/figure>\n<h2 style=\"text-align: center;\">Comment me contacter ?<\/h2>\n<p style=\"text-align: center;\">- par t\u00e9l\u00e9phone ou whatsApp : <strong>06 09 17 81 33<\/strong><\/p>\n<p style=\"text-align: center;\">- par mail : <strong>inma.delahorra@free.fr<\/strong><\/p>\n<p style=\"text-align: center;\">\n<p style=\"text-align: center;\">En attendant, je serai ravie de vous recevoir !<\/p>\n<p style=\"text-align: center;\">Au plaisir de faire votre connaissance,<\/p>\n<p style=\"text-align: center;\">Inma<\/p>\n<\/div>\n<\/div>\n<\/div>\n<\/div>\n<\/div>\n<\/div><\/div><\/div><\/div><\/div>","protected":false},"excerpt":{"rendered":"<p>(Je ne propose pas de Soins Visage aux enfants (-12 ans) autre que juniors en raison de la fragilit\u00e9e cutan\u00e9e.) L\u2019adolescence est une p\u00e9riode de transformation et la peau \u00e9volue elle aussi. Changements hormonaux, exc\u00e8s de s\u00e9bum, imperfections\u2026 Elle a besoin d\u2019une attention sp\u00e9cifique et de gestes adapt\u00e9s. Le Soin Visage Junior est con\u00e7u pour [&hellip;]<\/p>\n","protected":false},"author":1,"featured_media":0,"parent":0,"menu_order":0,"comment_status":"closed","ping_status":"closed","template":"","meta":{"_uag_custom_page_level_css":"","_exactmetrics_skip_tracking":false,"_exactmetrics_sitenote_active":false,"_exactmetrics_sitenote_note":"","_exactmetrics_sitenote_category":0,"iawp_total_views":75,"footnotes":""},"class_list":["post-26","page","type-page","status-publish","hentry"],"uagb_featured_image_src":{"full":false,"thumbnail":false,"medium":false,"medium_large":false,"large":false,"1536x1536":false,"2048x2048":false,"widget-thumbnail":false,"mailpoet_newsletter_max":false,"woocommerce_thumbnail":false,"woocommerce_single":false,"woocommerce_gallery_thumbnail":false,"sow-carousel-default":false},"uagb_author_info":{"display_name":"admin8743","author_link":"https:\/\/xn--institut-beaut-reims-o2b.com\/index.php\/author\/admin8743\/"},"uagb_comment_info":0,"uagb_excerpt":"(Je ne propose pas de Soins Visage aux enfants (-12 ans) autre que juniors en raison de la fragilit\u00e9e cutan\u00e9e.) L\u2019adolescence est une p\u00e9riode de transformation et la peau \u00e9volue elle aussi. Changements hormonaux, exc\u00e8s de s\u00e9bum, imperfections\u2026 Elle a besoin d\u2019une attention sp\u00e9cifique et de gestes adapt\u00e9s. Le Soin Visage Junior est con\u00e7u pour\u2026","_links":{"self":[{"href":"https:\/\/xn--institut-beaut-reims-o2b.com\/index.php\/wp-json\/wp\/v2\/pages\/26","targetHints":{"allow":["GET"]}}],"collection":[{"href":"https:\/\/xn--institut-beaut-reims-o2b.com\/index.php\/wp-json\/wp\/v2\/pages"}],"about":[{"href":"https:\/\/xn--institut-beaut-reims-o2b.com\/index.php\/wp-json\/wp\/v2\/types\/page"}],"author":[{"embeddable":true,"href":"https:\/\/xn--institut-beaut-reims-o2b.com\/index.php\/wp-json\/wp\/v2\/users\/1"}],"replies":[{"embeddable":true,"href":"https:\/\/xn--institut-beaut-reims-o2b.com\/index.php\/wp-json\/wp\/v2\/comments?post=26"}],"version-history":[{"count":76,"href":"https:\/\/xn--institut-beaut-reims-o2b.com\/index.php\/wp-json\/wp\/v2\/pages\/26\/revisions"}],"predecessor-version":[{"id":5585,"href":"https:\/\/xn--institut-beaut-reims-o2b.com\/index.php\/wp-json\/wp\/v2\/pages\/26\/revisions\/5585"}],"wp:attachment":[{"href":"https:\/\/xn--institut-beaut-reims-o2b.com\/index.php\/wp-json\/wp\/v2\/media?parent=26"}],"curies":[{"name":"wp","href":"https:\/\/api.w.org\/{rel}","templated":true}]}}