{"id":28,"date":"2019-01-28T15:32:43","date_gmt":"2019-01-28T14:32:43","guid":{"rendered":"http:\/\/xn--institut-beaut-reims-o2b.com\/?page_id=28"},"modified":"2026-04-12T23:26:59","modified_gmt":"2026-04-12T21:26:59","slug":"epilations-femmes","status":"publish","type":"page","link":"https:\/\/xn--institut-beaut-reims-o2b.com\/index.php\/epilations-femmes\/","title":{"rendered":"Epilations"},"content":{"rendered":"<div id=\"pl-28\"  class=\"panel-layout\" ><div id=\"pg-28-0\"  class=\"panel-grid panel-no-style\" ><div id=\"pgc-28-0-0\"  class=\"panel-grid-cell\" ><div id=\"panel-28-0-0-0\" class=\"so-panel widget widget_sow-editor panel-first-child panel-last-child\" data-index=\"0\" ><div\n\t\t\t\n\t\t\tclass=\"so-widget-sow-editor so-widget-sow-editor-base\"\n\t\t\t\n\t\t>\n<div class=\"siteorigin-widget-tinymce textwidget\">\n\t<p style=\"text-align: center;\"><span style=\"color: #99cc00;\"><strong>Cires hypoallerg\u00e9niques, jetables, sans colophane, sans odeur, id\u00e9ales pour peaux sensibles et r\u00e9actives \u00ab Cirepil by Perron Rigot \u00bb. Technique et cires adapt\u00e9es (avec ou sans bande) selon zone \u00e0 \u00e9piler. Soin post \u00e9pilatoire pour apaiser les zones sensibles que je compose \u00a0aux huiles v\u00e9g\u00e9tales et huiles essentielles \u00ab Pranarom \u00bb.<\/strong><\/span><\/p>\n<\/div>\n<\/div><\/div><\/div><\/div><div id=\"pg-28-1\"  class=\"panel-grid panel-no-style\" ><div id=\"pgc-28-1-0\"  class=\"panel-grid-cell\" ><div id=\"panel-28-1-0-0\" class=\"so-panel widget widget_sow-editor panel-first-child panel-last-child\" data-index=\"1\" ><div\n\t\t\t\n\t\t\tclass=\"so-widget-sow-editor so-widget-sow-editor-base\"\n\t\t\t\n\t\t><h3 class=\"widget-title\">Visage (cire \u00e9cocert \u00e0 basse temp\u00e9rature)<\/h3>\n<div class=\"siteorigin-widget-tinymce textwidget\">\n\t<p style=\"text-align: center;\">Cire Sans Bande - pelable (C.S.B.)<\/p>\n<p style=\"text-align: center;\">\n<p style=\"text-align: center;\"><strong><span style=\"color: #ff0000;\"><img loading=\"lazy\" decoding=\"async\" class=\"aligncenter size-medium wp-image-4644\" src=\"https:\/\/xn--institut-beaut-reims-o2b.com\/wp-content\/uploads\/2025\/05\/RESTRUCTURATION-SOURCILS-INM-AROMASENS-REIMS-300x300.png\" alt=\"\" width=\"300\" height=\"300\" srcset=\"https:\/\/xn--institut-beaut-reims-o2b.com\/wp-content\/uploads\/2025\/05\/RESTRUCTURATION-SOURCILS-INM-AROMASENS-REIMS-300x300.png 300w, https:\/\/xn--institut-beaut-reims-o2b.com\/wp-content\/uploads\/2025\/05\/RESTRUCTURATION-SOURCILS-INM-AROMASENS-REIMS-150x150.png 150w, https:\/\/xn--institut-beaut-reims-o2b.com\/wp-content\/uploads\/2025\/05\/RESTRUCTURATION-SOURCILS-INM-AROMASENS-REIMS-75x75.png 75w, https:\/\/xn--institut-beaut-reims-o2b.com\/wp-content\/uploads\/2025\/05\/RESTRUCTURATION-SOURCILS-INM-AROMASENS-REIMS-600x600.png 600w, https:\/\/xn--institut-beaut-reims-o2b.com\/wp-content\/uploads\/2025\/05\/RESTRUCTURATION-SOURCILS-INM-AROMASENS-REIMS-100x100.png 100w, https:\/\/xn--institut-beaut-reims-o2b.com\/wp-content\/uploads\/2025\/05\/RESTRUCTURATION-SOURCILS-INM-AROMASENS-REIMS.png 640w\" sizes=\"auto, (max-width: 300px) 100vw, 300px\" \/><\/span><\/strong><\/p>\n\n<table id=\"tablepress-8\" class=\"tablepress tablepress-id-8\">\n<tbody class=\"row-hover\">\n<tr class=\"row-1\">\n\t<td class=\"column-1\"><\/td><td class=\"column-2\"><\/td><td class=\"column-3\">FEMMES<\/td><td class=\"column-4\"><\/td><td class=\"column-5\"><\/td><td class=\"column-6\">HOMMES<\/td><td class=\"column-7\"><\/td>\n<\/tr>\n<tr class=\"row-2\">\n\t<td class=\"column-1\"><\/td><td class=\"column-2\">Sourcils <em>(restructuration ligne - cire\/pince)<\/em><br \/>\n<em>(technique d'\u00e9pilation qui consiste \u00e0 redessiner la ligne des sourcils appropri\u00e9e \u00e0 la morphologie d'un visage pour sublimer le regard)<\/em><\/td><td class=\"column-3\">25,00 \u20ac<\/td><td class=\"column-4\">20'<\/td><td class=\"column-5\"><\/td><td class=\"column-6\">25,00 \u20ac<\/td><td class=\"column-7\">20'<\/td>\n<\/tr>\n<tr class=\"row-3\">\n\t<td class=\"column-1\"><\/td><td class=\"column-2\">Sourcils <em>(entretien ligne 3 \u2013 4 semaines cire\/pince)<\/em><\/td><td class=\"column-3\">15,00 \u20ac<\/td><td class=\"column-4\">10'<\/td><td class=\"column-5\"><\/td><td class=\"column-6\">15,00 \u20ac<\/td><td class=\"column-7\">10'<\/td>\n<\/tr>\n<tr class=\"row-4\">\n\t<td class=\"column-1\"><\/td><td class=\"column-2\">Intersourcillier<\/td><td class=\"column-3\"><\/td><td class=\"column-4\"><\/td><td class=\"column-5\"><\/td><td class=\"column-6\">9,00 \u20ac<\/td><td class=\"column-7\">5'<\/td>\n<\/tr>\n<tr class=\"row-5\">\n\t<td class=\"column-1\"><\/td><td class=\"column-2\">Narines \/ Joues<\/td><td class=\"column-3\">15,00 \u20ac<\/td><td class=\"column-4\">10'<\/td><td class=\"column-5\"><\/td><td class=\"column-6\">15,00 \u20ac<\/td><td class=\"column-7\">10'<\/td>\n<\/tr>\n<tr class=\"row-6\">\n\t<td class=\"column-1\"><\/td><td class=\"column-2\">Oreilles<\/td><td class=\"column-3\"><\/td><td class=\"column-4\"><\/td><td class=\"column-5\"><\/td><td class=\"column-6\">15,00 \u20ac<\/td><td class=\"column-7\">10'<\/td>\n<\/tr>\n<tr class=\"row-7\">\n\t<td class=\"column-1\"><\/td><td class=\"column-2\">L\u00e8vres  \/ Pattes \/ Tempes \/ Menton<\/td><td class=\"column-3\">13,00 \u20ac<\/td><td class=\"column-4\">10'<\/td><td class=\"column-5\"><\/td><td class=\"column-6\"><\/td><td class=\"column-7\"><\/td>\n<\/tr>\n<tr class=\"row-8\">\n\t<td class=\"column-1\"><\/td><td class=\"column-2\">Cou<\/td><td class=\"column-3\">15,00 \u20ac<\/td><td class=\"column-4\">10'<\/td><td class=\"column-5\"><\/td><td class=\"column-6\"><\/td><td class=\"column-7\"><\/td>\n<\/tr>\n<\/tbody>\n<\/table>\n<!-- #tablepress-8 from cache -->\n<\/div>\n<\/div><\/div><\/div><\/div><div id=\"pg-28-2\"  class=\"panel-grid panel-no-style\" ><div id=\"pgc-28-2-0\"  class=\"panel-grid-cell\" ><div id=\"panel-28-2-0-0\" class=\"so-panel widget widget_sow-editor panel-first-child panel-last-child\" data-index=\"2\" ><div\n\t\t\t\n\t\t\tclass=\"so-widget-sow-editor so-widget-sow-editor-base\"\n\t\t\t\n\t\t><h3 class=\"widget-title\">Corps <\/h3>\n<div class=\"siteorigin-widget-tinymce textwidget\">\n\t<p style=\"text-align: center;\"><img loading=\"lazy\" decoding=\"async\" class=\"aligncenter size-medium wp-image-161\" src=\"https:\/\/xn--institut-beaut-reims-o2b.com\/wp-content\/uploads\/2019\/02\/Inmaromasens-epilations-300x300.png\" alt=\"\" width=\"300\" height=\"300\" srcset=\"https:\/\/xn--institut-beaut-reims-o2b.com\/wp-content\/uploads\/2019\/02\/Inmaromasens-epilations-300x300.png 300w, https:\/\/xn--institut-beaut-reims-o2b.com\/wp-content\/uploads\/2019\/02\/Inmaromasens-epilations-100x100.png 100w, https:\/\/xn--institut-beaut-reims-o2b.com\/wp-content\/uploads\/2019\/02\/Inmaromasens-epilations-150x150.png 150w, https:\/\/xn--institut-beaut-reims-o2b.com\/wp-content\/uploads\/2019\/02\/Inmaromasens-epilations-75x75.png 75w, https:\/\/xn--institut-beaut-reims-o2b.com\/wp-content\/uploads\/2019\/02\/Inmaromasens-epilations.png 567w\" sizes=\"auto, (max-width: 300px) 100vw, 300px\" \/>Selon zone \u00e0 \u00e9piler : Cire Sans Bande - pelable (C.S.B)* ou Cire Avec Bande (C.A.B)**<\/p>\n\n<table id=\"tablepress-9\" class=\"tablepress tablepress-id-9\">\n<tbody class=\"row-hover\">\n<tr class=\"row-1\">\n\t<td class=\"column-1\"><\/td><td class=\"column-2\"><\/td><td class=\"column-3\">FEMMES<\/td><td class=\"column-4\"><\/td><td class=\"column-5\"><\/td><td class=\"column-6\">HOMMES<\/td><td class=\"column-7\"><\/td>\n<\/tr>\n<tr class=\"row-2\">\n\t<td class=\"column-1\"><\/td><td class=\"column-2\">Epaules**<\/td><td class=\"column-3\"><\/td><td class=\"column-4\"><\/td><td class=\"column-5\"><\/td><td class=\"column-6\">18,00 \u20ac<\/td><td class=\"column-7\">15'<\/td>\n<\/tr>\n<tr class=\"row-3\">\n\t<td class=\"column-1\"><\/td><td class=\"column-2\">Aisselles*<\/td><td class=\"column-3\">15,00 \u20ac<\/td><td class=\"column-4\">10'<\/td><td class=\"column-5\"><\/td><td class=\"column-6\">18,00 \u20ac<\/td><td class=\"column-7\">15'<\/td>\n<\/tr>\n<tr class=\"row-4\">\n\t<td class=\"column-1\"><\/td><td class=\"column-2\">Bras**<\/td><td class=\"column-3\">28,00 \u20ac<\/td><td class=\"column-4\">20'<\/td><td class=\"column-5\"><\/td><td class=\"column-6\">30,00 \u20ac<\/td><td class=\"column-7\">20'<\/td>\n<\/tr>\n<tr class=\"row-5\">\n\t<td class=\"column-1\"><\/td><td class=\"column-2\">Mains**<\/td><td class=\"column-3\"><\/td><td class=\"column-4\"><\/td><td class=\"column-5\"><\/td><td class=\"column-6\">15,00 \u20ac<\/td><td class=\"column-7\">10'<\/td>\n<\/tr>\n<tr class=\"row-6\">\n\t<td class=\"column-1\"><\/td><td class=\"column-2\">Doigts**<\/td><td class=\"column-3\"><\/td><td class=\"column-4\"><\/td><td class=\"column-5\"><\/td><td class=\"column-6\">12,00 \u20ac<\/td><td class=\"column-7\">10'<\/td>\n<\/tr>\n<tr class=\"row-7\">\n\t<td class=\"column-1\"><\/td><td class=\"column-2\">Ligne abdominale**<\/td><td class=\"column-3\">15,00 \u20ac<\/td><td class=\"column-4\">10'<\/td><td class=\"column-5\"><\/td><td class=\"column-6\"><\/td><td class=\"column-7\"><\/td>\n<\/tr>\n<tr class=\"row-8\">\n\t<td class=\"column-1\"><\/td><td class=\"column-2\">Ventre**<\/td><td class=\"column-3\">21,00 \u20ac<\/td><td class=\"column-4\">15'<\/td><td class=\"column-5\"><\/td><td class=\"column-6\">28,00 \u20ac<\/td><td class=\"column-7\">20'<\/td>\n<\/tr>\n<tr class=\"row-9\">\n\t<td class=\"column-1\"><\/td><td class=\"column-2\">Torse**<\/td><td class=\"column-3\"><\/td><td class=\"column-4\"><\/td><td class=\"column-5\"><\/td><td class=\"column-6\">28,00 \u20ac<\/td><td class=\"column-7\">20'<\/td>\n<\/tr>\n<tr class=\"row-10\">\n\t<td class=\"column-1\"><\/td><td class=\"column-2\">Dos (haut)**<\/td><td class=\"column-3\"><\/td><td class=\"column-4\"><\/td><td class=\"column-5\"><\/td><td class=\"column-6\">21,00 \u20ac<\/td><td class=\"column-7\">15'<\/td>\n<\/tr>\n<tr class=\"row-11\">\n\t<td class=\"column-1\"><\/td><td class=\"column-2\">Dos <em>(bas)<\/em>**<\/td><td class=\"column-3\">14,00 \u20ac<\/td><td class=\"column-4\">10'<\/td><td class=\"column-5\"><\/td><td class=\"column-6\">14,00 \u20ac<\/td><td class=\"column-7\">10'<\/td>\n<\/tr>\n<tr class=\"row-12\">\n\t<td class=\"column-1\"><\/td><td class=\"column-2\">Maillot \u00e9chancr\u00e9*<\/td><td class=\"column-3\">21,00 \u20ac<\/td><td class=\"column-4\">15'<\/td><td class=\"column-5\"><\/td><td class=\"column-6\">\/<\/td><td class=\"column-7\"><\/td>\n<\/tr>\n<tr class=\"row-13\">\n\t<td class=\"column-1\"><\/td><td class=\"column-2\">Maillot br\u00e9silien <em>(fine bande)<\/em>*<\/td><td class=\"column-3\">28,00 \u20ac<\/td><td class=\"column-4\">20'<\/td><td class=\"column-5\"><\/td><td class=\"column-6\">\/<\/td><td class=\"column-7\"><\/td>\n<\/tr>\n<tr class=\"row-14\">\n\t<td class=\"column-1\"><\/td><td class=\"column-2\">Maillot am\u00e9ricain<em> (\u00ab ticket de m\u00e9tro \u00bb)<\/em>*<\/td><td class=\"column-3\">35,00 \u20ac<\/td><td class=\"column-4\">25'<\/td><td class=\"column-5\"><\/td><td class=\"column-6\">\/<\/td><td class=\"column-7\"><\/td>\n<\/tr>\n<tr class=\"row-15\">\n\t<td class=\"column-1\"><\/td><td class=\"column-2\">Maillot int\u00e9gral <em>(CIF inclus)<\/em>*<\/td><td class=\"column-3\">42,00 \u20ac<\/td><td class=\"column-4\">30'<\/td><td class=\"column-5\"><\/td><td class=\"column-6\">\/<\/td><td class=\"column-7\"><\/td>\n<\/tr>\n<tr class=\"row-16\">\n\t<td class=\"column-1\"><\/td><td class=\"column-2\">Sillon interfessier <em>(CIF)<\/em>*<\/td><td class=\"column-3\">14,00 \u20ac<\/td><td class=\"column-4\">10'<\/td><td class=\"column-5\"><\/td><td class=\"column-6\">\/<\/td><td class=\"column-7\"><\/td>\n<\/tr>\n<tr class=\"row-17\">\n\t<td class=\"column-1\"><\/td><td class=\"column-2\">Fesses**<\/td><td class=\"column-3\">21,00 \u20ac<\/td><td class=\"column-4\">15'<\/td><td class=\"column-5\"><\/td><td class=\"column-6\">\/<\/td><td class=\"column-7\"><\/td>\n<\/tr>\n<tr class=\"row-18\">\n\t<td class=\"column-1\"><\/td><td class=\"column-2\">1\/2 jambes <em>(genoux et pieds inclus)<\/em>**\t<\/td><td class=\"column-3\">28,00 \u20ac<\/td><td class=\"column-4\">20'<\/td><td class=\"column-5\"><\/td><td class=\"column-6\">30,00 \u20ac<\/td><td class=\"column-7\">25'<\/td>\n<\/tr>\n<tr class=\"row-19\">\n\t<td class=\"column-1\"><\/td><td class=\"column-2\">Cuisses<em>(genoux inclus)<\/em>**\t<\/td><td class=\"column-3\">30,00 \u20ac<\/td><td class=\"column-4\">25'<\/td><td class=\"column-5\"><\/td><td class=\"column-6\"><\/td><td class=\"column-7\"><\/td>\n<\/tr>\n<tr class=\"row-20\">\n\t<td class=\"column-1\"><\/td><td class=\"column-2\">Jambes compl\u00e8tes**<\/td><td class=\"column-3\">45,00 \u20ac<\/td><td class=\"column-4\">35'<\/td><td class=\"column-5\"><\/td><td class=\"column-6\">49,00 \u20ac<\/td><td class=\"column-7\">35'<\/td>\n<\/tr>\n<\/tbody>\n<\/table>\n<!-- #tablepress-9 from cache -->\n<p><img loading=\"lazy\" decoding=\"async\" class=\"aligncenter size-medium wp-image-160\" src=\"https:\/\/xn--institut-beaut-reims-o2b.com\/wp-content\/uploads\/2019\/02\/Inmaromasens-epilations-homme-300x300.png\" alt=\"\" width=\"300\" height=\"300\" srcset=\"https:\/\/xn--institut-beaut-reims-o2b.com\/wp-content\/uploads\/2019\/02\/Inmaromasens-epilations-homme-300x300.png 300w, https:\/\/xn--institut-beaut-reims-o2b.com\/wp-content\/uploads\/2019\/02\/Inmaromasens-epilations-homme-100x100.png 100w, https:\/\/xn--institut-beaut-reims-o2b.com\/wp-content\/uploads\/2019\/02\/Inmaromasens-epilations-homme-150x150.png 150w, https:\/\/xn--institut-beaut-reims-o2b.com\/wp-content\/uploads\/2019\/02\/Inmaromasens-epilations-homme-75x75.png 75w, https:\/\/xn--institut-beaut-reims-o2b.com\/wp-content\/uploads\/2019\/02\/Inmaromasens-epilations-homme.png 567w\" sizes=\"auto, (max-width: 300px) 100vw, 300px\" \/><\/p>\n<\/div>\n<\/div><\/div><\/div><\/div><div id=\"pg-28-3\"  class=\"panel-grid panel-no-style\" ><div id=\"pgc-28-3-0\"  class=\"panel-grid-cell\" ><div id=\"panel-28-3-0-0\" class=\"so-panel widget widget_sow-editor panel-first-child panel-last-child\" data-index=\"3\" ><div\n\t\t\t\n\t\t\tclass=\"so-widget-sow-editor so-widget-sow-editor-base\"\n\t\t\t\n\t\t><h3 class=\"widget-title\">Forfaits corps femmes<\/h3>\n<div class=\"siteorigin-widget-tinymce textwidget\">\n\t\n<table id=\"tablepress-11\" class=\"tablepress tablepress-id-11\">\n<tbody class=\"row-hover\">\n<tr class=\"row-1\">\n\t<td class=\"column-1\"><\/td><td class=\"column-2\">Ais. + maillot ECH. + 1\/2 jambes\t<\/td><td class=\"column-3\">58,00 \u20ac<\/td><td class=\"column-4\">50'<\/td>\n<\/tr>\n<tr class=\"row-2\">\n\t<td class=\"column-1\"><\/td><td class=\"column-2\">Ais. + maillot B. + 1\/2 jambes\t<\/td><td class=\"column-3\">64,00 \u20ac<\/td><td class=\"column-4\">60'<\/td>\n<\/tr>\n<tr class=\"row-3\">\n\t<td class=\"column-1\"><\/td><td class=\"column-2\">Ais. + maillot A. + 1\/2 jambes\t<\/td><td class=\"column-3\">70,00 \u20ac<\/td><td class=\"column-4\">65'<\/td>\n<\/tr>\n<tr class=\"row-4\">\n\t<td class=\"column-1\"><\/td><td class=\"column-2\">Ais.+ maillot INT. + 1\/2 jambes\t<\/td><td class=\"column-3\">77,00 \u20ac<\/td><td class=\"column-4\">70'<\/td>\n<\/tr>\n<tr class=\"row-5\">\n\t<td class=\"column-1\"><\/td><td class=\"column-2\">+ Jambes compl\u00e8tes\t<\/td><td class=\"column-3\">17,00 \u20ac<\/td><td class=\"column-4\">20'<\/td>\n<\/tr>\n<\/tbody>\n<\/table>\n<!-- #tablepress-11 from cache -->\n<p>&nbsp;<\/p>\n<p><img loading=\"lazy\" decoding=\"async\" class=\"aligncenter size-medium wp-image-4576\" src=\"https:\/\/xn--institut-beaut-reims-o2b.com\/wp-content\/uploads\/2025\/03\/Rubrique-esthetique-Inm-AromaSens-Reims-300x300.png\" alt=\"\" width=\"300\" height=\"300\" srcset=\"https:\/\/xn--institut-beaut-reims-o2b.com\/wp-content\/uploads\/2025\/03\/Rubrique-esthetique-Inm-AromaSens-Reims-300x300.png 300w, https:\/\/xn--institut-beaut-reims-o2b.com\/wp-content\/uploads\/2025\/03\/Rubrique-esthetique-Inm-AromaSens-Reims-150x150.png 150w, https:\/\/xn--institut-beaut-reims-o2b.com\/wp-content\/uploads\/2025\/03\/Rubrique-esthetique-Inm-AromaSens-Reims-75x75.png 75w, https:\/\/xn--institut-beaut-reims-o2b.com\/wp-content\/uploads\/2025\/03\/Rubrique-esthetique-Inm-AromaSens-Reims-600x600.png 600w, https:\/\/xn--institut-beaut-reims-o2b.com\/wp-content\/uploads\/2025\/03\/Rubrique-esthetique-Inm-AromaSens-Reims-100x100.png 100w, https:\/\/xn--institut-beaut-reims-o2b.com\/wp-content\/uploads\/2025\/03\/Rubrique-esthetique-Inm-AromaSens-Reims.png 640w\" sizes=\"auto, (max-width: 300px) 100vw, 300px\" \/><\/p>\n<\/div>\n<\/div><\/div><\/div><\/div><div id=\"pg-28-4\"  class=\"panel-grid panel-no-style\" ><div id=\"pgc-28-4-0\"  class=\"panel-grid-cell\" ><div id=\"panel-28-4-0-0\" class=\"so-panel widget widget_sow-editor panel-first-child panel-last-child\" data-index=\"4\" ><div\n\t\t\t\n\t\t\tclass=\"so-widget-sow-editor so-widget-sow-editor-base\"\n\t\t\t\n\t\t>\n<div class=\"siteorigin-widget-tinymce textwidget\">\n\t<\/div>\n<\/div><\/div><\/div><div id=\"pgc-28-4-1\"  class=\"panel-grid-cell\" ><div id=\"panel-28-4-1-0\" class=\"so-panel widget widget_sow-editor panel-first-child panel-last-child\" data-index=\"5\" ><div\n\t\t\t\n\t\t\tclass=\"so-widget-sow-editor so-widget-sow-editor-base\"\n\t\t\t\n\t\t>\n<div class=\"siteorigin-widget-tinymce textwidget\">\n\t<h2 style=\"text-align: center;\">L'occasion de prendre un temps pour soi !<\/h2>\n<figure class=\"centered-image\"><img loading=\"lazy\" decoding=\"async\" class=\"aligncenter size-full wp-image-3777\" src=\"https:\/\/xn--institut-beaut-reims-o2b.com\/wp-content\/uploads\/2024\/02\/Logo-femme-rose2.png\" alt=\"\" width=\"65\" height=\"42\" \/><\/figure>\n<h2 style=\"text-align: center;\">Comment me contacter ?<\/h2>\n<p>- par t\u00e9l\u00e9phone ou whatsApp : <strong>06 09 17 81 33<\/strong><\/p>\n<p>- par mail : <strong>inma.delahorra@free.fr<\/strong><\/p>\n<p>&nbsp;<\/p>\n<p>En attendant, je serai ravie de vous recevoir !<\/p>\n<p>Au plaisir de faire votre connaissance,<\/p>\n<p>Inma<\/p>\n<\/div>\n<\/div><\/div><\/div><\/div><\/div>","protected":false},"excerpt":{"rendered":"<p>Cires hypoallerg\u00e9niques, jetables, sans colophane, sans odeur, id\u00e9ales pour peaux sensibles et r\u00e9actives \u00ab Cirepil by Perron Rigot \u00bb. Technique et cires adapt\u00e9es (avec ou sans bande) selon zone \u00e0 \u00e9piler. Soin post \u00e9pilatoire pour apaiser les zones sensibles que je compose \u00a0aux huiles v\u00e9g\u00e9tales et huiles essentielles \u00ab Pranarom \u00bb. Cire Sans Bande &#8211; [&hellip;]<\/p>\n","protected":false},"author":1,"featured_media":0,"parent":0,"menu_order":0,"comment_status":"closed","ping_status":"closed","template":"","meta":{"_uag_custom_page_level_css":"","_exactmetrics_skip_tracking":false,"_exactmetrics_sitenote_active":false,"_exactmetrics_sitenote_note":"","_exactmetrics_sitenote_category":0,"iawp_total_views":73,"footnotes":""},"class_list":["post-28","page","type-page","status-publish","hentry"],"uagb_featured_image_src":{"full":false,"thumbnail":false,"medium":false,"medium_large":false,"large":false,"1536x1536":false,"2048x2048":false,"widget-thumbnail":false,"mailpoet_newsletter_max":false,"woocommerce_thumbnail":false,"woocommerce_single":false,"woocommerce_gallery_thumbnail":false,"sow-carousel-default":false},"uagb_author_info":{"display_name":"admin8743","author_link":"https:\/\/xn--institut-beaut-reims-o2b.com\/index.php\/author\/admin8743\/"},"uagb_comment_info":0,"uagb_excerpt":"Cires hypoallerg\u00e9niques, jetables, sans colophane, sans odeur, id\u00e9ales pour peaux sensibles et r\u00e9actives \u00ab Cirepil by Perron Rigot \u00bb. Technique et cires adapt\u00e9es (avec ou sans bande) selon zone \u00e0 \u00e9piler. Soin post \u00e9pilatoire pour apaiser les zones sensibles que je compose \u00a0aux huiles v\u00e9g\u00e9tales et huiles essentielles \u00ab Pranarom \u00bb. Cire Sans Bande -\u2026","_links":{"self":[{"href":"https:\/\/xn--institut-beaut-reims-o2b.com\/index.php\/wp-json\/wp\/v2\/pages\/28","targetHints":{"allow":["GET"]}}],"collection":[{"href":"https:\/\/xn--institut-beaut-reims-o2b.com\/index.php\/wp-json\/wp\/v2\/pages"}],"about":[{"href":"https:\/\/xn--institut-beaut-reims-o2b.com\/index.php\/wp-json\/wp\/v2\/types\/page"}],"author":[{"embeddable":true,"href":"https:\/\/xn--institut-beaut-reims-o2b.com\/index.php\/wp-json\/wp\/v2\/users\/1"}],"replies":[{"embeddable":true,"href":"https:\/\/xn--institut-beaut-reims-o2b.com\/index.php\/wp-json\/wp\/v2\/comments?post=28"}],"version-history":[{"count":75,"href":"https:\/\/xn--institut-beaut-reims-o2b.com\/index.php\/wp-json\/wp\/v2\/pages\/28\/revisions"}],"predecessor-version":[{"id":5997,"href":"https:\/\/xn--institut-beaut-reims-o2b.com\/index.php\/wp-json\/wp\/v2\/pages\/28\/revisions\/5997"}],"wp:attachment":[{"href":"https:\/\/xn--institut-beaut-reims-o2b.com\/index.php\/wp-json\/wp\/v2\/media?parent=28"}],"curies":[{"name":"wp","href":"https:\/\/api.w.org\/{rel}","templated":true}]}}