{"id":30,"date":"2019-01-28T15:32:52","date_gmt":"2019-01-28T14:32:52","guid":{"rendered":"http:\/\/xn--institut-beaut-reims-o2b.com\/?page_id=30"},"modified":"2026-04-13T02:15:05","modified_gmt":"2026-04-13T00:15:05","slug":"mise-en-valeur-du-regard","status":"publish","type":"page","link":"https:\/\/xn--institut-beaut-reims-o2b.com\/index.php\/mise-en-valeur-du-regard\/","title":{"rendered":"Mise en valeur du regard"},"content":{"rendered":"<div id=\"pl-30\"  class=\"panel-layout\" ><div id=\"pg-30-0\"  class=\"panel-grid panel-no-style\" ><div id=\"pgc-30-0-0\"  class=\"panel-grid-cell\" ><div id=\"panel-30-0-0-0\" class=\"so-panel widget widget_sow-editor panel-first-child panel-last-child\" data-index=\"0\" ><div\n\t\t\t\n\t\t\tclass=\"so-widget-sow-editor so-widget-sow-editor-base\"\n\t\t\t\n\t\t><h3 class=\"widget-title\">Sourcils<\/h3>\n<div class=\"siteorigin-widget-tinymce textwidget\">\n\t<p><img loading=\"lazy\" decoding=\"async\" class=\"aligncenter size-medium wp-image-4467\" src=\"https:\/\/xn--institut-beaut-reims-o2b.com\/wp-content\/uploads\/2025\/01\/IMG_5615-300x195.jpg\" alt=\"\" width=\"300\" height=\"195\" srcset=\"https:\/\/xn--institut-beaut-reims-o2b.com\/wp-content\/uploads\/2025\/01\/IMG_5615-300x195.jpg 300w, https:\/\/xn--institut-beaut-reims-o2b.com\/wp-content\/uploads\/2025\/01\/IMG_5615-600x390.jpg 600w, https:\/\/xn--institut-beaut-reims-o2b.com\/wp-content\/uploads\/2025\/01\/IMG_5615.jpg 640w\" sizes=\"auto, (max-width: 300px) 100vw, 300px\" \/>\n<table id=\"tablepress-38\" class=\"tablepress tablepress-id-38\">\n<tbody class=\"row-hover\">\n<tr class=\"row-1\">\n\t<td class=\"column-1\"><\/td><td class=\"column-2\"><b>Epilation Sourcils <em>(restructuration ligne - cire\/pince)<\/em><\/b><br \/>\n<em>(technique d'\u00e9pilation qui consiste \u00e0 redessiner la ligne des sourcils appropri\u00e9e \u00e0 la morphologie d'un visage pour sublimer le regard)<\/em><\/td><td class=\"column-3\">25,00 \u20ac<\/td><td class=\"column-4\">20'<\/td>\n<\/tr>\n<tr class=\"row-2\">\n\t<td class=\"column-1\"><\/td><td class=\"column-2\"><b>Epilation Sourcils <em>(entretien ligne 3 \u2013 4 semaines cire\/pince)<\/em><\/b><br \/>\nPour conserver une ligne de sourcils nette et harmonieuse dans le temps, un entretien mensuel est recommand\u00e9.<\/td><td class=\"column-3\">15,00 \u20ac<\/td><td class=\"column-4\">10'<\/td>\n<\/tr>\n<tr class=\"row-3\">\n\t<td class=\"column-1\"><\/td><td class=\"column-2\"><\/td><td class=\"column-3\"><\/td><td class=\"column-4\"><\/td>\n<\/tr>\n<tr class=\"row-4\">\n\t<td class=\"column-1\"><\/td><td class=\"column-2\"><b>Brow lift (ou lamination des sourcils) <em> (tenue de 4 \u00e0 6 semaines)<\/em><\/b><br \/>\nRedensifie et r\u00e9hausse les sourcils (traitement qui restructure les poils pour les lisser et les fixer vers le haut) - inclus \u00e9pilation sourcils (entretien ligne)<br \/>\n<\/td><td class=\"column-3\">69,00 \u20ac<\/td><td class=\"column-4\">45'<\/td>\n<\/tr>\n<tr class=\"row-5\">\n\t<td class=\"column-1\"><\/td><td class=\"column-2\"><b>Brow Botox <em> (tenue de 4 \u00e0 6 semaines)<\/em><\/b><br \/>\nRedensifie et r\u00e9hausse les sourcils  (traitement qui restructure les poils pour les lisser et les fixer vers le haut) + soin r\u00e9parateur et nourrissant  - inclus \u00e9pilation sourcils (entretien ligne)<br \/>\n<\/td><td class=\"column-3\">80,00 \u20ac<\/td><td class=\"column-4\">55'<\/td>\n<\/tr>\n<\/tbody>\n<\/table>\n<!-- #tablepress-38 from cache --><\/p>\n<p>&nbsp;<\/p>\n<\/div>\n<\/div><\/div><\/div><\/div><div id=\"pg-30-1\"  class=\"panel-grid panel-no-style\" ><div id=\"pgc-30-1-0\"  class=\"panel-grid-cell\" ><div id=\"panel-30-1-0-0\" class=\"so-panel widget widget_sow-editor panel-first-child panel-last-child\" data-index=\"1\" ><div\n\t\t\t\n\t\t\tclass=\"so-widget-sow-editor so-widget-sow-editor-base\"\n\t\t\t\n\t\t><h3 class=\"widget-title\">Cils<\/h3>\n<div class=\"siteorigin-widget-tinymce textwidget\">\n\t<p><img loading=\"lazy\" decoding=\"async\" class=\"aligncenter size-medium wp-image-4763\" src=\"https:\/\/xn--institut-beaut-reims-o2b.com\/wp-content\/uploads\/2025\/06\/rehaussement-cils-keratine-lash-botox-inm-aromasens-reims-1-240x300.png\" alt=\"\" width=\"240\" height=\"300\" srcset=\"https:\/\/xn--institut-beaut-reims-o2b.com\/wp-content\/uploads\/2025\/06\/rehaussement-cils-keratine-lash-botox-inm-aromasens-reims-1-240x300.png 240w, https:\/\/xn--institut-beaut-reims-o2b.com\/wp-content\/uploads\/2025\/06\/rehaussement-cils-keratine-lash-botox-inm-aromasens-reims-1-819x1024.png 819w, https:\/\/xn--institut-beaut-reims-o2b.com\/wp-content\/uploads\/2025\/06\/rehaussement-cils-keratine-lash-botox-inm-aromasens-reims-1-768x960.png 768w, https:\/\/xn--institut-beaut-reims-o2b.com\/wp-content\/uploads\/2025\/06\/rehaussement-cils-keratine-lash-botox-inm-aromasens-reims-1-600x750.png 600w, https:\/\/xn--institut-beaut-reims-o2b.com\/wp-content\/uploads\/2025\/06\/rehaussement-cils-keratine-lash-botox-inm-aromasens-reims-1.png 1080w\" sizes=\"auto, (max-width: 240px) 100vw, 240px\" \/><\/p>\n\n<table id=\"tablepress-13\" class=\"tablepress tablepress-id-13\">\n<tbody class=\"row-hover\">\n<tr class=\"row-1\">\n\t<td class=\"column-1\"><\/td><td class=\"column-2\"><b>R\u00e9haussement cils \/ Lash Botox <\/b><br \/>\n(Recourbe les cils naturels et apporte longueur, volume et rehaussement des cils. Il permet de sublimer les yeux, en rendant les cils plus visibles et en ouvrant davantage le regard. R\u00e9sultat instantan\u00e9 ! - inclus teinture et soin k\u00e9ratine qui nourrit et fortifie les poils pour plus d'\u00e9paisseur et de volume - tenue de 4 \u00e0 6 semaines)<\/td><td class=\"column-3\">119,00 \u20ac<\/td><td class=\"column-4\">80'<\/td>\n<\/tr>\n<\/tbody>\n<\/table>\n<!-- #tablepress-13 from cache -->\n<p>&nbsp;<\/p>\n<\/div>\n<\/div><\/div><\/div><\/div><div id=\"pg-30-2\"  class=\"panel-grid panel-no-style\" ><div id=\"pgc-30-2-0\"  class=\"panel-grid-cell\" ><div id=\"panel-30-2-0-0\" class=\"so-panel widget widget_sow-editor panel-first-child\" data-index=\"2\" ><div\n\t\t\t\n\t\t\tclass=\"so-widget-sow-editor so-widget-sow-editor-base\"\n\t\t\t\n\t\t><h3 class=\"widget-title\">Petit plus cils et sourcils<\/h3>\n<div class=\"siteorigin-widget-tinymce textwidget\">\n\t<p>&nbsp;<\/p>\n\n<table id=\"tablepress-37\" class=\"tablepress tablepress-id-37\">\n<tbody class=\"row-hover\">\n<tr class=\"row-1\">\n\t<td class=\"column-1\"><\/td><td class=\"column-2\"><b>Teinture sourcils<\/b><\/td><td class=\"column-3\">19,00 \u20ac<\/td><td class=\"column-4\">15'<\/td>\n<\/tr>\n<tr class=\"row-2\">\n\t<td class=\"column-1\"><\/td><td class=\"column-2\"><b>Teinture cils<\/b><\/td><td class=\"column-3\">25,00 \u20ac<\/td><td class=\"column-4\">15'<\/td>\n<\/tr>\n<\/tbody>\n<\/table>\n<!-- #tablepress-37 from cache -->\n<\/div>\n<\/div><\/div><div id=\"panel-30-2-0-1\" class=\"so-panel widget widget_sow-image\" data-index=\"3\" ><div\n\t\t\t\n\t\t\tclass=\"so-widget-sow-image so-widget-sow-image-default-8b5b6f678277-30\"\n\t\t\t\n\t\t><\/div><\/div><div id=\"panel-30-2-0-2\" class=\"so-panel widget widget_sow-editor panel-last-child\" data-index=\"4\" ><div\n\t\t\t\n\t\t\tclass=\"so-widget-sow-editor so-widget-sow-editor-base\"\n\t\t\t\n\t\t>\n<div class=\"siteorigin-widget-tinymce textwidget\">\n\t<h2 style=\"text-align: center;\">L'occasion de prendre un temps pour soi !<\/h2>\n<figure class=\"centered-image\"><img loading=\"lazy\" decoding=\"async\" class=\"aligncenter size-full wp-image-3777\" src=\"https:\/\/xn--institut-beaut-reims-o2b.com\/wp-content\/uploads\/2024\/02\/Logo-femme-rose2.png\" alt=\"\" width=\"65\" height=\"42\" \/><\/figure>\n<h2 style=\"text-align: center;\">Comment me contacter ?<\/h2>\n<p style=\"text-align: center;\">- par t\u00e9l\u00e9phone ou whatsApp : <strong>06 09 17 81 33<\/strong><\/p>\n<p style=\"text-align: center;\">- par mail : <strong>inma.delahorra@free.fr<\/strong><\/p>\n<p style=\"text-align: center;\">\n<p style=\"text-align: center;\">En attendant, je serai ravie de vous rencontrer et de vous accompagner !<\/p>\n<p style=\"text-align: center;\">Au plaisir de faire votre connaissance,<\/p>\n<p style=\"text-align: center;\">Inma<\/p>\n<\/div>\n<\/div><\/div><\/div><\/div><div id=\"pg-30-3\"  class=\"panel-grid panel-no-style\" ><div id=\"pgc-30-3-0\"  class=\"panel-grid-cell\" ><div id=\"panel-30-3-0-0\" class=\"so-panel widget widget_sow-image panel-first-child panel-last-child\" data-index=\"5\" ><div\n\t\t\t\n\t\t\tclass=\"so-widget-sow-image so-widget-sow-image-default-8b5b6f678277-30\"\n\t\t\t\n\t\t>\n<div class=\"sow-image-container\">\n\t\t<img \n\tsrc=\"https:\/\/xn--institut-beaut-reims-o2b.com\/wp-content\/uploads\/2019\/02\/Inmaromasens-Mise-en-valeur-regard.png\" width=\"567\" height=\"567\" srcset=\"https:\/\/xn--institut-beaut-reims-o2b.com\/wp-content\/uploads\/2019\/02\/Inmaromasens-Mise-en-valeur-regard.png 567w, https:\/\/xn--institut-beaut-reims-o2b.com\/wp-content\/uploads\/2019\/02\/Inmaromasens-Mise-en-valeur-regard-300x300.png 300w, https:\/\/xn--institut-beaut-reims-o2b.com\/wp-content\/uploads\/2019\/02\/Inmaromasens-Mise-en-valeur-regard-100x100.png 100w, https:\/\/xn--institut-beaut-reims-o2b.com\/wp-content\/uploads\/2019\/02\/Inmaromasens-Mise-en-valeur-regard-150x150.png 150w, https:\/\/xn--institut-beaut-reims-o2b.com\/wp-content\/uploads\/2019\/02\/Inmaromasens-Mise-en-valeur-regard-75x75.png 75w\" sizes=\"(max-width: 567px) 100vw, 567px\" title=\"Inm&rsquo;AromaSens-rehaussement-cils-keratine-lash-lift-botox\" alt=\"\" \t\tclass=\"so-widget-image\"\/>\n\t<\/div>\n\n<\/div><\/div><\/div><div id=\"pgc-30-3-1\"  class=\"panel-grid-cell\" ><div id=\"panel-30-3-1-0\" class=\"so-panel widget widget_sow-image panel-first-child panel-last-child\" data-index=\"6\" ><div\n\t\t\t\n\t\t\tclass=\"so-widget-sow-image so-widget-sow-image-default-8b5b6f678277-30\"\n\t\t\t\n\t\t>\n<div class=\"sow-image-container\">\n\t\t<img \n\tsrc=\"https:\/\/xn--institut-beaut-reims-o2b.com\/wp-content\/uploads\/2019\/02\/image-14.png\" width=\"567\" height=\"283\" srcset=\"https:\/\/xn--institut-beaut-reims-o2b.com\/wp-content\/uploads\/2019\/02\/image-14.png 567w, https:\/\/xn--institut-beaut-reims-o2b.com\/wp-content\/uploads\/2019\/02\/image-14-300x150.png 300w\" sizes=\"(max-width: 567px) 100vw, 567px\" title=\"Inm&rsquo;AromaSens-rehaussement-cils-keratine-lash-botox\" alt=\"\" \t\tclass=\"so-widget-image\"\/>\n\t<\/div>\n\n<\/div><\/div><\/div><div id=\"pgc-30-3-2\"  class=\"panel-grid-cell\" ><div id=\"panel-30-3-2-0\" class=\"so-panel widget widget_sow-image panel-first-child panel-last-child\" data-index=\"7\" ><div\n\t\t\t\n\t\t\tclass=\"so-widget-sow-image so-widget-sow-image-default-8b5b6f678277-30\"\n\t\t\t\n\t\t>\n<div class=\"sow-image-container\">\n\t\t<img \n\tsrc=\"https:\/\/xn--institut-beaut-reims-o2b.com\/wp-content\/uploads\/2019\/02\/image-19.png\" width=\"600\" height=\"600\" srcset=\"https:\/\/xn--institut-beaut-reims-o2b.com\/wp-content\/uploads\/2019\/02\/image-19.png 600w, https:\/\/xn--institut-beaut-reims-o2b.com\/wp-content\/uploads\/2019\/02\/image-19-300x300.png 300w, https:\/\/xn--institut-beaut-reims-o2b.com\/wp-content\/uploads\/2019\/02\/image-19-100x100.png 100w, https:\/\/xn--institut-beaut-reims-o2b.com\/wp-content\/uploads\/2019\/02\/image-19-150x150.png 150w, https:\/\/xn--institut-beaut-reims-o2b.com\/wp-content\/uploads\/2019\/02\/image-19-75x75.png 75w\" sizes=\"(max-width: 600px) 100vw, 600px\" title=\"Inm&rsquo;AromaSens-rehaussement-cils-keratine-lash-botox\" alt=\"\" \t\tclass=\"so-widget-image\"\/>\n\t<\/div>\n\n<\/div><\/div><\/div><\/div><\/div>","protected":false},"excerpt":{"rendered":"<p>&nbsp; &nbsp;<\/p>\n","protected":false},"author":1,"featured_media":0,"parent":0,"menu_order":0,"comment_status":"closed","ping_status":"closed","template":"","meta":{"_uag_custom_page_level_css":"","_exactmetrics_skip_tracking":false,"_exactmetrics_sitenote_active":false,"_exactmetrics_sitenote_note":"","_exactmetrics_sitenote_category":0,"iawp_total_views":27,"footnotes":""},"class_list":["post-30","page","type-page","status-publish","hentry"],"uagb_featured_image_src":{"full":false,"thumbnail":false,"medium":false,"medium_large":false,"large":false,"1536x1536":false,"2048x2048":false,"widget-thumbnail":false,"mailpoet_newsletter_max":false,"woocommerce_thumbnail":false,"woocommerce_single":false,"woocommerce_gallery_thumbnail":false,"sow-carousel-default":false},"uagb_author_info":{"display_name":"admin8743","author_link":"https:\/\/xn--institut-beaut-reims-o2b.com\/index.php\/author\/admin8743\/"},"uagb_comment_info":0,"uagb_excerpt":"&nbsp; &nbsp;","_links":{"self":[{"href":"https:\/\/xn--institut-beaut-reims-o2b.com\/index.php\/wp-json\/wp\/v2\/pages\/30","targetHints":{"allow":["GET"]}}],"collection":[{"href":"https:\/\/xn--institut-beaut-reims-o2b.com\/index.php\/wp-json\/wp\/v2\/pages"}],"about":[{"href":"https:\/\/xn--institut-beaut-reims-o2b.com\/index.php\/wp-json\/wp\/v2\/types\/page"}],"author":[{"embeddable":true,"href":"https:\/\/xn--institut-beaut-reims-o2b.com\/index.php\/wp-json\/wp\/v2\/users\/1"}],"replies":[{"embeddable":true,"href":"https:\/\/xn--institut-beaut-reims-o2b.com\/index.php\/wp-json\/wp\/v2\/comments?post=30"}],"version-history":[{"count":56,"href":"https:\/\/xn--institut-beaut-reims-o2b.com\/index.php\/wp-json\/wp\/v2\/pages\/30\/revisions"}],"predecessor-version":[{"id":6041,"href":"https:\/\/xn--institut-beaut-reims-o2b.com\/index.php\/wp-json\/wp\/v2\/pages\/30\/revisions\/6041"}],"wp:attachment":[{"href":"https:\/\/xn--institut-beaut-reims-o2b.com\/index.php\/wp-json\/wp\/v2\/media?parent=30"}],"curies":[{"name":"wp","href":"https:\/\/api.w.org\/{rel}","templated":true}]}}