{"id":34,"date":"2019-01-28T15:33:18","date_gmt":"2019-01-28T14:33:18","guid":{"rendered":"http:\/\/xn--institut-beaut-reims-o2b.com\/?page_id=34"},"modified":"2025-06-13T15:39:53","modified_gmt":"2025-06-13T13:39:53","slug":"soins-mains-et-pieds","status":"publish","type":"page","link":"https:\/\/xn--institut-beaut-reims-o2b.com\/index.php\/soins-mains-et-pieds\/","title":{"rendered":"Soins mains et pieds"},"content":{"rendered":"<div id=\"pl-34\"  class=\"panel-layout\" ><div id=\"pg-34-0\"  class=\"panel-grid panel-no-style\" ><div id=\"pgc-34-0-0\"  class=\"panel-grid-cell\" ><div id=\"panel-34-0-0-0\" class=\"so-panel widget widget_sow-editor panel-first-child panel-last-child\" data-index=\"0\" ><div\n\t\t\t\n\t\t\tclass=\"so-widget-sow-editor so-widget-sow-editor-base\"\n\t\t\t\n\t\t><h3 class=\"widget-title\">Mains<\/h3>\n<div class=\"siteorigin-widget-tinymce textwidget\">\n\t<p><img loading=\"lazy\" decoding=\"async\" class=\"aligncenter size-medium wp-image-169\" src=\"https:\/\/xn--institut-beaut-reims-o2b.com\/wp-content\/uploads\/2019\/02\/Inmaromasens-Soins-mains-300x300.png\" alt=\"\" width=\"300\" height=\"300\" srcset=\"https:\/\/xn--institut-beaut-reims-o2b.com\/wp-content\/uploads\/2019\/02\/Inmaromasens-Soins-mains-300x300.png 300w, https:\/\/xn--institut-beaut-reims-o2b.com\/wp-content\/uploads\/2019\/02\/Inmaromasens-Soins-mains-100x100.png 100w, https:\/\/xn--institut-beaut-reims-o2b.com\/wp-content\/uploads\/2019\/02\/Inmaromasens-Soins-mains-150x150.png 150w, https:\/\/xn--institut-beaut-reims-o2b.com\/wp-content\/uploads\/2019\/02\/Inmaromasens-Soins-mains-75x75.png 75w, https:\/\/xn--institut-beaut-reims-o2b.com\/wp-content\/uploads\/2019\/02\/Inmaromasens-Soins-mains.png 567w\" sizes=\"auto, (max-width: 300px) 100vw, 300px\" \/><\/p>\n\n<table id=\"tablepress-19\" class=\"tablepress tablepress-id-19\">\n<tbody class=\"row-hover\">\n<tr class=\"row-1\">\n\t<td class=\"column-1\"><\/td><td class=\"column-2\"><b>Manucure \u00ab express \u00bb<\/b><br \/>\n<em>(Limage, \u00e9limination apr\u00e8s adh\u00e9rences, polissage)<\/em><\/td><td class=\"column-3\">30,00 \u20ac<\/td><td class=\"column-4\">20'<\/td>\n<\/tr>\n<tr class=\"row-2\">\n\t<td class=\"column-1\"><\/td><td class=\"column-2\"><b>Manucure<\/b><br \/>\n<em>(Limage, bain aux H.E., cuticules, \u00e9limination adh\u00e9rences, polissage, modelage)<\/em><\/td><td class=\"column-3\">49,00 \u20ac <\/td><td class=\"column-4\">35'<\/td>\n<\/tr>\n<tr class=\"row-3\">\n\t<td class=\"column-1\"><\/td><td class=\"column-2\"><b>AHAVA Spa Confort Mains<\/b><br \/>\nV\u00e9ritable cocon de douceur et de bien-\u00eatre, ce soin des mains comprend une manucure, exfoliation douce suivie d\u2019un enveloppement ti\u00e8de \u00e0 la boue naturelle de la Mer Morte et d\u2019un modelage relaxant des mains et des bras. Les mains sont parfaitement hydrat\u00e9es, les ongles n\u2019ont jamais \u00e9t\u00e9 si beaux !<\/td><td class=\"column-3\">70,00 \u20ac<\/td><td class=\"column-4\">50'<\/td>\n<\/tr>\n<\/tbody>\n<\/table>\n<!-- #tablepress-19 from cache -->\n<\/div>\n<\/div><\/div><\/div><\/div><div id=\"pg-34-1\"  class=\"panel-grid panel-no-style\" ><div id=\"pgc-34-1-0\"  class=\"panel-grid-cell\" ><div id=\"panel-34-1-0-0\" class=\"so-panel widget widget_sow-editor panel-first-child panel-last-child\" data-index=\"1\" ><div\n\t\t\t\n\t\t\tclass=\"so-widget-sow-editor so-widget-sow-editor-base\"\n\t\t\t\n\t\t><h3 class=\"widget-title\">Pieds<\/h3>\n<div class=\"siteorigin-widget-tinymce textwidget\">\n\t<p><img loading=\"lazy\" decoding=\"async\" class=\"aligncenter size-medium wp-image-4988\" src=\"https:\/\/xn--institut-beaut-reims-o2b.com\/wp-content\/uploads\/2025\/06\/IMG_8839-300x201.jpg\" alt=\"\" width=\"300\" height=\"201\" srcset=\"https:\/\/xn--institut-beaut-reims-o2b.com\/wp-content\/uploads\/2025\/06\/IMG_8839-300x201.jpg 300w, https:\/\/xn--institut-beaut-reims-o2b.com\/wp-content\/uploads\/2025\/06\/IMG_8839-768x514.jpg 768w, https:\/\/xn--institut-beaut-reims-o2b.com\/wp-content\/uploads\/2025\/06\/IMG_8839-600x401.jpg 600w, https:\/\/xn--institut-beaut-reims-o2b.com\/wp-content\/uploads\/2025\/06\/IMG_8839-272x182.jpg 272w, https:\/\/xn--institut-beaut-reims-o2b.com\/wp-content\/uploads\/2025\/06\/IMG_8839.jpg 816w\" sizes=\"auto, (max-width: 300px) 100vw, 300px\" \/><br \/>\n\n<table id=\"tablepress-20\" class=\"tablepress tablepress-id-20\">\n<tbody class=\"row-hover\">\n<tr class=\"row-1\">\n\t<td class=\"column-1\"><\/td><td class=\"column-2\"><b>Beaut\u00e9 des ongles<\/b><br \/>\n<em>(Coupe, limage, \u00e9limination adh\u00e9rences, polissage)<\/em><\/td><td class=\"column-3\">30,00 \u20ac<\/td><td class=\"column-4\">20'<\/td>\n<\/tr>\n<tr class=\"row-2\">\n\t<td class=\"column-1\"><\/td><td class=\"column-2\"><b>Soin anti-callosit\u00e9s pieds<\/b> <br \/>\n<em>(traitement \u00e0 la ch\u00e9lidoine &amp; H.E., modelage)<\/em><\/td><td class=\"column-3\">49,00 \u20ac<\/td><td class=\"column-4\">30'<\/td>\n<\/tr>\n<tr class=\"row-3\">\n\t<td class=\"column-1\"><\/td><td class=\"column-2\"><b>Beaut\u00e9 des pieds<\/b><br \/>\n<em>(Coupe, limage, bain aux H.E., callosit\u00e9s, \u00e9limination adh\u00e9rences, polissage, modelage)<\/em><\/td><td class=\"column-3\">59,00 \u20ac<\/td><td class=\"column-4\">40'<\/td>\n<\/tr>\n<tr class=\"row-4\">\n\t<td class=\"column-1\"><\/td><td class=\"column-2\"><b>AHAVA Spa Confort Pieds<\/b><br \/>\nSoin des jambes et des pieds exclusif aux min\u00e9raux de la Mer Morte procurant une sensation de l\u00e9g\u00e8ret\u00e9 et un confort optimal. Ce soin comprend un bain revitalisant aux Sels de la Mer Morte, une beaut\u00e9 des pieds, un gommage, un enveloppement \u00e0 la boue naturelle de la Mer Morte et un modelage relaxant des pieds et des jambes.<\/td><td class=\"column-3\">85,00 \u20ac<\/td><td class=\"column-4\">60'<\/td>\n<\/tr>\n<\/tbody>\n<\/table>\n<!-- #tablepress-20 from cache --><\/p>\n<\/div>\n<\/div><\/div><\/div><\/div><div id=\"pg-34-2\"  class=\"panel-grid panel-no-style\" ><div id=\"pgc-34-2-0\"  class=\"panel-grid-cell\" ><div id=\"panel-34-2-0-0\" class=\"so-panel widget widget_sow-editor panel-first-child panel-last-child\" data-index=\"2\" ><div\n\t\t\t\n\t\t\tclass=\"so-widget-sow-editor so-widget-sow-editor-base\"\n\t\t\t\n\t\t><h3 class=\"widget-title\">Petits plus mains et pieds<\/h3>\n<div class=\"siteorigin-widget-tinymce textwidget\">\n\t<h5>Vernis Mains\/Pieds<\/h5>\n<p style=\"text-align: center;\"><span style=\"color: #000000;\"><em>Vernis \"COULEUR CARAMEL\" sans tolu\u00e8ne, sans formol, sans colophane<\/em><\/span><\/p>\n<p><img loading=\"lazy\" decoding=\"async\" class=\"aligncenter size-medium wp-image-2922\" src=\"https:\/\/xn--institut-beaut-reims-o2b.com\/wp-content\/uploads\/2022\/04\/image-12-300x300.png\" alt=\"\" width=\"300\" height=\"300\" srcset=\"https:\/\/xn--institut-beaut-reims-o2b.com\/wp-content\/uploads\/2022\/04\/image-12-300x300.png 300w, https:\/\/xn--institut-beaut-reims-o2b.com\/wp-content\/uploads\/2022\/04\/image-12-150x150.png 150w, https:\/\/xn--institut-beaut-reims-o2b.com\/wp-content\/uploads\/2022\/04\/image-12-768x768.png 768w, https:\/\/xn--institut-beaut-reims-o2b.com\/wp-content\/uploads\/2022\/04\/image-12-75x75.png 75w, https:\/\/xn--institut-beaut-reims-o2b.com\/wp-content\/uploads\/2022\/04\/image-12-600x600.png 600w, https:\/\/xn--institut-beaut-reims-o2b.com\/wp-content\/uploads\/2022\/04\/image-12-100x100.png 100w, https:\/\/xn--institut-beaut-reims-o2b.com\/wp-content\/uploads\/2022\/04\/image-12.png 960w\" sizes=\"auto, (max-width: 300px) 100vw, 300px\" \/><\/p>\n\n<table id=\"tablepress-21\" class=\"tablepress tablepress-id-21\">\n<tbody class=\"row-hover\">\n<tr class=\"row-1\">\n\t<td class=\"column-1\"><\/td><td class=\"column-2\">Pose vernis (base + 2 couches vernis + top coat)\t<\/td><td class=\"column-3\">17,00 \u20ac<\/td><td class=\"column-4\">15'<\/td>\n<\/tr>\n<tr class=\"row-2\">\n\t<td class=\"column-1\"><\/td><td class=\"column-2\">Pose vernis French\t<\/td><td class=\"column-3\">21,00 \u20ac<\/td><td class=\"column-4\">15'<\/td>\n<\/tr>\n<tr class=\"row-3\">\n\t<td class=\"column-1\"><\/td><td class=\"column-2\">Pose vernis personnel COULEUR CARAMEL<\/td><td class=\"column-3\">14,00 \u20ac<\/td><td class=\"column-4\">10'<\/td>\n<\/tr>\n<tr class=\"row-4\">\n\t<td class=\"column-1\"><\/td><td class=\"column-2\">D\u00e9pose vernis fonc\u00e9\t<\/td><td class=\"column-3\">7,00 \u20ac<\/td><td class=\"column-4\">5'<\/td>\n<\/tr>\n<tr class=\"row-5\">\n\t<td class=\"column-1\"><\/td><td class=\"column-2\">Pansement de soie ongle cass\u00e9\t<\/td><td class=\"column-3\">8,00 \u20ac<\/td><td class=\"column-4\">5'<\/td>\n<\/tr>\n<\/tbody>\n<\/table>\n<!-- #tablepress-21 from cache -->\n<p>&nbsp;<\/p>\n<h5>Vernis semi-permanent PIEDS<\/h5>\n<p style=\"text-align: center;\"><span style=\"color: #000000;\"><em>Gels \"BRILLBIRD\" &amp; \"TANYA\"<\/em><\/span><\/p>\n<p><img loading=\"lazy\" decoding=\"async\" class=\"wp-image-1135 size-medium aligncenter\" src=\"http:\/\/xn--institut-beaut-reims-o2b.com\/wp-content\/uploads\/2019\/03\/IMG_3393-300x200.jpg\" alt=\"\" width=\"300\" height=\"200\" srcset=\"https:\/\/xn--institut-beaut-reims-o2b.com\/wp-content\/uploads\/2019\/03\/IMG_3393-300x200.jpg 300w, https:\/\/xn--institut-beaut-reims-o2b.com\/wp-content\/uploads\/2019\/03\/IMG_3393-scaled-600x400.jpg 600w, https:\/\/xn--institut-beaut-reims-o2b.com\/wp-content\/uploads\/2019\/03\/IMG_3393-768x512.jpg 768w, https:\/\/xn--institut-beaut-reims-o2b.com\/wp-content\/uploads\/2019\/03\/IMG_3393-1024x683.jpg 1024w, https:\/\/xn--institut-beaut-reims-o2b.com\/wp-content\/uploads\/2019\/03\/IMG_3393-1320x880.jpg 1320w, https:\/\/xn--institut-beaut-reims-o2b.com\/wp-content\/uploads\/2019\/03\/IMG_3393-272x182.jpg 272w\" sizes=\"auto, (max-width: 300px) 100vw, 300px\" \/><\/p>\n\n<table id=\"tablepress-23\" class=\"tablepress tablepress-id-23\">\n<tbody class=\"row-hover\">\n<tr class=\"row-1\">\n\t<td class=\"column-1\"><\/td><td class=\"column-2\">Beaut\u00e9 des ongles + Pose vernis semi-permanent<\/td><td class=\"column-3\">59,00 \u20ac<\/td><td class=\"column-4\">40'<\/td>\n<\/tr>\n<tr class=\"row-2\">\n\t<td class=\"column-1\"><\/td><td class=\"column-2\">D\u00e9pose ponceuse + Beaut\u00e9 des ongles + Pose vernis semi-permanent<\/td><td class=\"column-3\">69,00 \u20ac<\/td><td class=\"column-4\">50'<\/td>\n<\/tr>\n<tr class=\"row-3\">\n\t<td class=\"column-1\"><\/td><td class=\"column-2\">D\u00e9pose ponceuse + Beaut\u00e9 des ongles \t<\/td><td class=\"column-3\">35,00 \u20ac<\/td><td class=\"column-4\">25'<\/td>\n<\/tr>\n<\/tbody>\n<\/table>\n<!-- #tablepress-23 from cache -->\n<p><img loading=\"lazy\" decoding=\"async\" class=\"aligncenter size-medium wp-image-1140\" src=\"https:\/\/xn--institut-beaut-reims-o2b.com\/wp-content\/uploads\/2019\/03\/P1000364-300x225.jpg\" alt=\"\" width=\"300\" height=\"225\" srcset=\"https:\/\/xn--institut-beaut-reims-o2b.com\/wp-content\/uploads\/2019\/03\/P1000364-300x225.jpg 300w, https:\/\/xn--institut-beaut-reims-o2b.com\/wp-content\/uploads\/2019\/03\/P1000364-scaled-600x450.jpg 600w, https:\/\/xn--institut-beaut-reims-o2b.com\/wp-content\/uploads\/2019\/03\/P1000364-768x576.jpg 768w, https:\/\/xn--institut-beaut-reims-o2b.com\/wp-content\/uploads\/2019\/03\/P1000364-1024x768.jpg 1024w, https:\/\/xn--institut-beaut-reims-o2b.com\/wp-content\/uploads\/2019\/03\/P1000364-1320x990.jpg 1320w\" sizes=\"auto, (max-width: 300px) 100vw, 300px\" \/><\/p>\n<p>&nbsp;<\/p>\n<\/div>\n<\/div><\/div><\/div><\/div><div id=\"pg-34-3\"  class=\"panel-grid panel-no-style\" ><div id=\"pgc-34-3-0\"  class=\"panel-grid-cell\" ><div id=\"panel-34-3-0-0\" class=\"so-panel widget widget_sow-editor panel-first-child panel-last-child\" data-index=\"3\" ><div\n\t\t\t\n\t\t\tclass=\"so-widget-sow-editor so-widget-sow-editor-base\"\n\t\t\t\n\t\t>\n<div class=\"siteorigin-widget-tinymce textwidget\">\n\t<\/div>\n<\/div><\/div><\/div><div id=\"pgc-34-3-1\"  class=\"panel-grid-cell\" ><div id=\"panel-34-3-1-0\" class=\"so-panel widget widget_sow-editor panel-first-child panel-last-child\" data-index=\"4\" ><div\n\t\t\t\n\t\t\tclass=\"so-widget-sow-editor so-widget-sow-editor-base\"\n\t\t\t\n\t\t>\n<div class=\"siteorigin-widget-tinymce textwidget\">\n\t<h2 style=\"text-align: center;\">L'occasion de prendre un temps pour soi !<\/h2>\n<figure class=\"centered-image\"><img loading=\"lazy\" decoding=\"async\" class=\"aligncenter size-full wp-image-3777\" src=\"https:\/\/xn--institut-beaut-reims-o2b.com\/wp-content\/uploads\/2024\/02\/Logo-femme-rose2.png\" alt=\"\" width=\"65\" height=\"42\" \/><\/figure>\n<h2 style=\"text-align: center;\">Comment me contacter ?<\/h2>\n<p>- par t\u00e9l\u00e9phone ou whatsApp : <strong>06 09 17 81 33<\/strong><\/p>\n<p>- par mail : <strong>inma.delahorra@free.fr<\/strong><\/p>\n<p>&nbsp;<\/p>\n<p>En attendant, je serai ravie de vous rencevoir !<\/p>\n<p>Au plaisir de faire votre connaissance,<\/p>\n<p>Inma<\/p>\n<p style=\"text-align: center;\"><strong>\u00a0<\/strong><\/p>\n<\/div>\n<\/div><\/div><\/div><\/div><div id=\"pg-34-4\"  class=\"panel-grid panel-no-style\" ><div id=\"pgc-34-4-0\"  class=\"panel-grid-cell\" ><div id=\"panel-34-4-0-0\" class=\"so-panel widget widget_sow-image panel-first-child panel-last-child\" data-index=\"5\" ><div\n\t\t\t\n\t\t\tclass=\"so-widget-sow-image so-widget-sow-image-default-8b5b6f678277-34\"\n\t\t\t\n\t\t>\n<div class=\"sow-image-container\">\n\t\t<img \n\tsrc=\"https:\/\/xn--institut-beaut-reims-o2b.com\/wp-content\/uploads\/2022\/04\/image-5.jpeg\" width=\"960\" height=\"960\" srcset=\"https:\/\/xn--institut-beaut-reims-o2b.com\/wp-content\/uploads\/2022\/04\/image-5.jpeg 960w, https:\/\/xn--institut-beaut-reims-o2b.com\/wp-content\/uploads\/2022\/04\/image-5-300x300.jpeg 300w, https:\/\/xn--institut-beaut-reims-o2b.com\/wp-content\/uploads\/2022\/04\/image-5-150x150.jpeg 150w, https:\/\/xn--institut-beaut-reims-o2b.com\/wp-content\/uploads\/2022\/04\/image-5-768x768.jpeg 768w, https:\/\/xn--institut-beaut-reims-o2b.com\/wp-content\/uploads\/2022\/04\/image-5-75x75.jpeg 75w, https:\/\/xn--institut-beaut-reims-o2b.com\/wp-content\/uploads\/2022\/04\/image-5-600x600.jpeg 600w, https:\/\/xn--institut-beaut-reims-o2b.com\/wp-content\/uploads\/2022\/04\/image-5-100x100.jpeg 100w\" sizes=\"(max-width: 960px) 100vw, 960px\" title=\"beaut\u00e9-des-pieds-inm-aromasens-reims\" alt=\"\" \t\tclass=\"so-widget-image\"\/>\n\t<\/div>\n\n<\/div><\/div><\/div><div id=\"pgc-34-4-1\"  class=\"panel-grid-cell\" ><div id=\"panel-34-4-1-0\" class=\"so-panel widget widget_sow-image panel-first-child panel-last-child\" data-index=\"6\" ><div\n\t\t\t\n\t\t\tclass=\"so-widget-sow-image so-widget-sow-image-default-8b5b6f678277-34\"\n\t\t\t\n\t\t>\n<div class=\"sow-image-container\">\n\t\t<img \n\tsrc=\"https:\/\/xn--institut-beaut-reims-o2b.com\/wp-content\/uploads\/2019\/03\/IMG_0803-scaled.jpg\" width=\"2560\" height=\"1920\" srcset=\"https:\/\/xn--institut-beaut-reims-o2b.com\/wp-content\/uploads\/2019\/03\/IMG_0803-scaled.jpg 2560w, https:\/\/xn--institut-beaut-reims-o2b.com\/wp-content\/uploads\/2019\/03\/IMG_0803-scaled-600x450.jpg 600w, https:\/\/xn--institut-beaut-reims-o2b.com\/wp-content\/uploads\/2019\/03\/IMG_0803-300x225.jpg 300w, https:\/\/xn--institut-beaut-reims-o2b.com\/wp-content\/uploads\/2019\/03\/IMG_0803-768x576.jpg 768w, https:\/\/xn--institut-beaut-reims-o2b.com\/wp-content\/uploads\/2019\/03\/IMG_0803-1024x768.jpg 1024w, https:\/\/xn--institut-beaut-reims-o2b.com\/wp-content\/uploads\/2019\/03\/IMG_0803-1320x990.jpg 1320w\" sizes=\"(max-width: 2560px) 100vw, 2560px\" title=\"Inm&rsquo;AromaSens-manucure-soin-beaut\u00e9-mains\" alt=\"\" \t\tclass=\"so-widget-image\"\/>\n\t<\/div>\n\n<\/div><\/div><\/div><div id=\"pgc-34-4-2\"  class=\"panel-grid-cell\" ><div id=\"panel-34-4-2-0\" class=\"so-panel widget widget_sow-image panel-first-child panel-last-child\" data-index=\"7\" ><div\n\t\t\t\n\t\t\tclass=\"so-widget-sow-image so-widget-sow-image-default-8b5b6f678277-34\"\n\t\t\t\n\t\t>\n<div class=\"sow-image-container\">\n\t\t<img \n\tsrc=\"https:\/\/xn--institut-beaut-reims-o2b.com\/wp-content\/uploads\/2022\/04\/image-8.jpeg\" width=\"960\" height=\"960\" srcset=\"https:\/\/xn--institut-beaut-reims-o2b.com\/wp-content\/uploads\/2022\/04\/image-8.jpeg 960w, https:\/\/xn--institut-beaut-reims-o2b.com\/wp-content\/uploads\/2022\/04\/image-8-300x300.jpeg 300w, https:\/\/xn--institut-beaut-reims-o2b.com\/wp-content\/uploads\/2022\/04\/image-8-150x150.jpeg 150w, https:\/\/xn--institut-beaut-reims-o2b.com\/wp-content\/uploads\/2022\/04\/image-8-768x768.jpeg 768w, https:\/\/xn--institut-beaut-reims-o2b.com\/wp-content\/uploads\/2022\/04\/image-8-75x75.jpeg 75w, https:\/\/xn--institut-beaut-reims-o2b.com\/wp-content\/uploads\/2022\/04\/image-8-600x600.jpeg 600w, https:\/\/xn--institut-beaut-reims-o2b.com\/wp-content\/uploads\/2022\/04\/image-8-100x100.jpeg 100w\" sizes=\"(max-width: 960px) 100vw, 960px\" title=\"beaut\u00e9-des-pieds-inm-aromasens-reims\" alt=\"\" \t\tclass=\"so-widget-image\"\/>\n\t<\/div>\n\n<\/div><\/div><\/div><div id=\"pgc-34-4-3\"  class=\"panel-grid-cell\" ><div id=\"panel-34-4-3-0\" class=\"so-panel widget widget_sow-image panel-first-child panel-last-child\" data-index=\"8\" ><div\n\t\t\t\n\t\t\tclass=\"so-widget-sow-image so-widget-sow-image-default-8b5b6f678277-34\"\n\t\t\t\n\t\t>\n<div class=\"sow-image-container\">\n\t\t<img \n\tsrc=\"https:\/\/xn--institut-beaut-reims-o2b.com\/wp-content\/uploads\/2019\/03\/41652867_897534383776545_134357391746531328_n.jpg\" width=\"720\" height=\"960\" srcset=\"https:\/\/xn--institut-beaut-reims-o2b.com\/wp-content\/uploads\/2019\/03\/41652867_897534383776545_134357391746531328_n.jpg 720w, https:\/\/xn--institut-beaut-reims-o2b.com\/wp-content\/uploads\/2019\/03\/41652867_897534383776545_134357391746531328_n-600x800.jpg 600w, https:\/\/xn--institut-beaut-reims-o2b.com\/wp-content\/uploads\/2019\/03\/41652867_897534383776545_134357391746531328_n-225x300.jpg 225w\" sizes=\"(max-width: 720px) 100vw, 720px\" title=\"Inm&rsquo;AromaSens-soins-beaut\u00e9-pieds\" alt=\"\" \t\tclass=\"so-widget-image\"\/>\n\t<\/div>\n\n<\/div><\/div><\/div><div id=\"pgc-34-4-4\"  class=\"panel-grid-cell\" ><div id=\"panel-34-4-4-0\" class=\"so-panel widget widget_sow-image panel-first-child panel-last-child\" data-index=\"9\" ><div\n\t\t\t\n\t\t\tclass=\"so-widget-sow-image so-widget-sow-image-default-8b5b6f678277-34\"\n\t\t\t\n\t\t>\n<div class=\"sow-image-container\">\n\t\t<img \n\tsrc=\"https:\/\/xn--institut-beaut-reims-o2b.com\/wp-content\/uploads\/2022\/04\/image-3.jpeg\" width=\"1080\" height=\"1080\" srcset=\"https:\/\/xn--institut-beaut-reims-o2b.com\/wp-content\/uploads\/2022\/04\/image-3.jpeg 1080w, https:\/\/xn--institut-beaut-reims-o2b.com\/wp-content\/uploads\/2022\/04\/image-3-300x300.jpeg 300w, https:\/\/xn--institut-beaut-reims-o2b.com\/wp-content\/uploads\/2022\/04\/image-3-1024x1024.jpeg 1024w, https:\/\/xn--institut-beaut-reims-o2b.com\/wp-content\/uploads\/2022\/04\/image-3-150x150.jpeg 150w, https:\/\/xn--institut-beaut-reims-o2b.com\/wp-content\/uploads\/2022\/04\/image-3-768x768.jpeg 768w, https:\/\/xn--institut-beaut-reims-o2b.com\/wp-content\/uploads\/2022\/04\/image-3-75x75.jpeg 75w, https:\/\/xn--institut-beaut-reims-o2b.com\/wp-content\/uploads\/2022\/04\/image-3-600x600.jpeg 600w, https:\/\/xn--institut-beaut-reims-o2b.com\/wp-content\/uploads\/2022\/04\/image-3-100x100.jpeg 100w\" sizes=\"(max-width: 1080px) 100vw, 1080px\" title=\"beaut\u00e9-des-mains-inm-aromasens-reims\" alt=\"\" \t\tclass=\"so-widget-image\"\/>\n\t<\/div>\n\n<\/div><\/div><\/div><div id=\"pgc-34-4-5\"  class=\"panel-grid-cell\" ><div id=\"panel-34-4-5-0\" class=\"so-panel widget widget_sow-image panel-first-child panel-last-child\" data-index=\"10\" ><div\n\t\t\t\n\t\t\tclass=\"so-widget-sow-image so-widget-sow-image-default-8b5b6f678277-34\"\n\t\t\t\n\t\t>\n<div class=\"sow-image-container\">\n\t\t<img \n\tsrc=\"https:\/\/xn--institut-beaut-reims-o2b.com\/wp-content\/uploads\/2022\/04\/image-6.jpeg\" width=\"960\" height=\"960\" srcset=\"https:\/\/xn--institut-beaut-reims-o2b.com\/wp-content\/uploads\/2022\/04\/image-6.jpeg 960w, https:\/\/xn--institut-beaut-reims-o2b.com\/wp-content\/uploads\/2022\/04\/image-6-300x300.jpeg 300w, https:\/\/xn--institut-beaut-reims-o2b.com\/wp-content\/uploads\/2022\/04\/image-6-150x150.jpeg 150w, https:\/\/xn--institut-beaut-reims-o2b.com\/wp-content\/uploads\/2022\/04\/image-6-768x768.jpeg 768w, https:\/\/xn--institut-beaut-reims-o2b.com\/wp-content\/uploads\/2022\/04\/image-6-75x75.jpeg 75w, https:\/\/xn--institut-beaut-reims-o2b.com\/wp-content\/uploads\/2022\/04\/image-6-600x600.jpeg 600w, https:\/\/xn--institut-beaut-reims-o2b.com\/wp-content\/uploads\/2022\/04\/image-6-100x100.jpeg 100w\" sizes=\"(max-width: 960px) 100vw, 960px\" title=\"beaut\u00e9-des-pieds-inm-aromasens-reims\" alt=\"\" \t\tclass=\"so-widget-image\"\/>\n\t<\/div>\n\n<\/div><\/div><\/div><\/div><\/div>","protected":false},"excerpt":{"rendered":"<p>Mains Manucure \u00ab express \u00bb (Limage, \u00e9limination apr\u00e8s adh\u00e9rences, polissage)30,00 \u20ac20&prime; Manucure (Limage, bain aux H.E., cuticules, \u00e9limination adh\u00e9rences, polissage, modelage)49,00 \u20ac 35&prime; AHAVA Spa Confort Mains V\u00e9ritable cocon de douceur et de bien-\u00eatre, ce soin des mains comprend une manucure, exfoliation douce suivie d\u2019un enveloppement ti\u00e8de \u00e0 la boue naturelle de la Mer Morte [&hellip;]<\/p>\n","protected":false},"author":1,"featured_media":0,"parent":0,"menu_order":0,"comment_status":"closed","ping_status":"closed","template":"","meta":{"_uag_custom_page_level_css":"","_exactmetrics_skip_tracking":false,"_exactmetrics_sitenote_active":false,"_exactmetrics_sitenote_note":"","_exactmetrics_sitenote_category":0,"iawp_total_views":60,"footnotes":""},"class_list":["post-34","page","type-page","status-publish","hentry"],"uagb_featured_image_src":{"full":false,"thumbnail":false,"medium":false,"medium_large":false,"large":false,"1536x1536":false,"2048x2048":false,"widget-thumbnail":false,"mailpoet_newsletter_max":false,"woocommerce_thumbnail":false,"woocommerce_single":false,"woocommerce_gallery_thumbnail":false,"sow-carousel-default":false},"uagb_author_info":{"display_name":"admin8743","author_link":"https:\/\/xn--institut-beaut-reims-o2b.com\/index.php\/author\/admin8743\/"},"uagb_comment_info":0,"uagb_excerpt":"Mains Manucure \u00ab express \u00bb (Limage, \u00e9limination apr\u00e8s adh\u00e9rences, polissage)30,00 \u20ac20' Manucure (Limage, bain aux H.E., cuticules, \u00e9limination adh\u00e9rences, polissage, modelage)49,00 \u20ac 35' AHAVA Spa Confort Mains V\u00e9ritable cocon de douceur et de bien-\u00eatre, ce soin des mains comprend une manucure, exfoliation douce suivie d\u2019un enveloppement ti\u00e8de \u00e0 la boue naturelle de la Mer Morte\u2026","_links":{"self":[{"href":"https:\/\/xn--institut-beaut-reims-o2b.com\/index.php\/wp-json\/wp\/v2\/pages\/34","targetHints":{"allow":["GET"]}}],"collection":[{"href":"https:\/\/xn--institut-beaut-reims-o2b.com\/index.php\/wp-json\/wp\/v2\/pages"}],"about":[{"href":"https:\/\/xn--institut-beaut-reims-o2b.com\/index.php\/wp-json\/wp\/v2\/types\/page"}],"author":[{"embeddable":true,"href":"https:\/\/xn--institut-beaut-reims-o2b.com\/index.php\/wp-json\/wp\/v2\/users\/1"}],"replies":[{"embeddable":true,"href":"https:\/\/xn--institut-beaut-reims-o2b.com\/index.php\/wp-json\/wp\/v2\/comments?post=34"}],"version-history":[{"count":58,"href":"https:\/\/xn--institut-beaut-reims-o2b.com\/index.php\/wp-json\/wp\/v2\/pages\/34\/revisions"}],"predecessor-version":[{"id":5003,"href":"https:\/\/xn--institut-beaut-reims-o2b.com\/index.php\/wp-json\/wp\/v2\/pages\/34\/revisions\/5003"}],"wp:attachment":[{"href":"https:\/\/xn--institut-beaut-reims-o2b.com\/index.php\/wp-json\/wp\/v2\/media?parent=34"}],"curies":[{"name":"wp","href":"https:\/\/api.w.org\/{rel}","templated":true}]}}