{"id":38,"date":"2019-01-28T15:33:50","date_gmt":"2019-01-28T14:33:50","guid":{"rendered":"http:\/\/xn--institut-beaut-reims-o2b.com\/?page_id=38"},"modified":"2026-04-15T15:44:15","modified_gmt":"2026-04-15T13:44:15","slug":"soins-corps-modelages-relaxation","status":"publish","type":"page","link":"https:\/\/xn--institut-beaut-reims-o2b.com\/index.php\/soins-corps-modelages-relaxation\/","title":{"rendered":"Soins corps &#8211; Massages"},"content":{"rendered":"<div id=\"pl-38\"  class=\"panel-layout\" ><div id=\"pg-38-0\"  class=\"panel-grid panel-no-style\" ><div id=\"pgc-38-0-0\"  class=\"panel-grid-cell\" ><div id=\"panel-38-0-0-0\" class=\"so-panel widget widget_sow-editor panel-first-child panel-last-child\" data-index=\"0\" ><div\n\t\t\t\n\t\t\tclass=\"so-widget-sow-editor so-widget-sow-editor-base\"\n\t\t\t\n\t\t><h3 class=\"widget-title\">Soins corps<\/h3>\n<div class=\"siteorigin-widget-tinymce textwidget\">\n\t<p><img loading=\"lazy\" decoding=\"async\" class=\"aligncenter size-medium wp-image-4831\" src=\"https:\/\/xn--institut-beaut-reims-o2b.com\/wp-content\/uploads\/2025\/06\/IMG_8805-243x300.jpg\" alt=\"\" width=\"243\" height=\"300\" srcset=\"https:\/\/xn--institut-beaut-reims-o2b.com\/wp-content\/uploads\/2025\/06\/IMG_8805-243x300.jpg 243w, https:\/\/xn--institut-beaut-reims-o2b.com\/wp-content\/uploads\/2025\/06\/IMG_8805-830x1024.jpg 830w, https:\/\/xn--institut-beaut-reims-o2b.com\/wp-content\/uploads\/2025\/06\/IMG_8805-768x948.jpg 768w, https:\/\/xn--institut-beaut-reims-o2b.com\/wp-content\/uploads\/2025\/06\/IMG_8805-600x741.jpg 600w, https:\/\/xn--institut-beaut-reims-o2b.com\/wp-content\/uploads\/2025\/06\/IMG_8805.jpg 1170w\" sizes=\"auto, (max-width: 243px) 100vw, 243px\" \/>\n<table id=\"tablepress-26\" class=\"tablepress tablepress-id-26\">\n<tbody class=\"row-hover\">\n<tr class=\"row-1\">\n\t<td class=\"column-1\"><\/td><td class=\"column-2\"><b>AHAVA Gommage Min\u00e9ral<\/b><br \/>\nGommage corporel complet  au beurre de sels, doux, fondant et extr\u00eamement nourrissant. Recommand\u00e9 pour les peaux s\u00e8ches et sensibles pour booster la r\u00e9g\u00e9n\u00e9ration cellulaire, lisser et adoucir le grain de peau.<\/td><td class=\"column-3\">49,00 \u20ac<\/td><td class=\"column-4\">30'<\/td>\n<\/tr>\n<tr class=\"row-2\">\n\t<td class=\"column-1\"><\/td><td class=\"column-2\"><b>UVAS FRESCAS Gommage et Modelage du dos aux raisins Bio<\/b><br \/>\n<em>(Gommage p\u00e9pins de raisins Bio, vapozone et Modelage H.V. p\u00e9pins de raisins Bio)<\/em><br \/>\nRelaxation extr\u00eame du dos avec une peau adoucie.<\/td><td class=\"column-3\">59,00 \u20ac<\/td><td class=\"column-4\">40'<\/td>\n<\/tr>\n<\/tbody>\n<\/table>\n<!-- #tablepress-26 from cache --><\/p>\n<p>&nbsp;<\/p>\n<\/div>\n<\/div><\/div><\/div><\/div><div id=\"pg-38-1\"  class=\"panel-grid panel-no-style\" ><div id=\"pgc-38-1-0\"  class=\"panel-grid-cell\" ><div id=\"panel-38-1-0-0\" class=\"so-panel widget widget_sow-editor panel-first-child panel-last-child\" data-index=\"1\" ><div\n\t\t\t\n\t\t\tclass=\"so-widget-sow-editor so-widget-sow-editor-base\"\n\t\t\t\n\t\t>\n<div class=\"siteorigin-widget-tinymce textwidget\">\n\t<p><img loading=\"lazy\" decoding=\"async\" class=\"aligncenter size-medium wp-image-2952\" src=\"https:\/\/xn--institut-beaut-reims-o2b.com\/wp-content\/uploads\/2022\/04\/Modelages-2022-207x300.jpg\" alt=\"\" width=\"207\" height=\"300\" srcset=\"https:\/\/xn--institut-beaut-reims-o2b.com\/wp-content\/uploads\/2022\/04\/Modelages-2022-207x300.jpg 207w, https:\/\/xn--institut-beaut-reims-o2b.com\/wp-content\/uploads\/2022\/04\/Modelages-2022.jpg 400w\" sizes=\"auto, (max-width: 207px) 100vw, 207px\" \/><\/p>\n\n<table id=\"tablepress-27\" class=\"tablepress tablepress-id-27\">\n<tbody class=\"row-hover\">\n<tr class=\"row-1\">\n\t<td class=\"column-1\"><\/td><td class=\"column-2\"><b>Modelage relaxant des 1\/2 Jambes \/ Pieds<\/b><br \/>\nSoin cibl\u00e9 qui soulage les tensions, relance la circulation et procure une relaxation profonde du bas du corps.<\/td><td class=\"column-3\">30,00 \u20ac<\/td><td class=\"column-4\">20'<\/td>\n<\/tr>\n<tr class=\"row-2\">\n\t<td class=\"column-1\"><\/td><td class=\"column-2\"><b>Option : Soin cryo \"jambes l\u00e9g\u00e8res\" <\/b><em> <br \/>\n(Menthol, arnica, hamam\u00e9lis, vigne rouge, marron d'Inde, gingko biloba, camphre, menthe arvensis)<\/em><br \/>\nFroid intense - Tonifie, d\u00e9congestionne et apaise <\/td><td class=\"column-3\">30,00 \u20ac<\/td><td class=\"column-4\">20'<\/td>\n<\/tr>\n<tr class=\"row-3\">\n\t<td class=\"column-1\"><\/td><td class=\"column-2\"><b>Modelage cuir chevelu et buste <\/b><br \/>\nUn moment de l\u00e2cher-prise unique, alliant gestes enveloppants et pressions cibl\u00e9es pour lib\u00e9rer les tensions du haut du corps, stimuler la microcirculation du cuir chevelu et apaiser l\u2019esprit.<\/td><td class=\"column-3\">49,00 \u20ac<\/td><td class=\"column-4\">30\u2019<\/td>\n<\/tr>\n<tr class=\"row-4\">\n\t<td class=\"column-1\"><\/td><td class=\"column-2\"><b>Modelage relaxant du dos <\/b><br \/>\nD\u00e9noue les tensions, \u00e9vacue le stress accumul\u00e9.<br \/>\nDes gestes profonds et enveloppants pour une relaxation extr\u00eame du dos et un bien-\u00eatre imm\u00e9diat.<\/td><td class=\"column-3\">49,00 \u20ac<br \/>\n<\/td><td class=\"column-4\">30'<br \/>\n<\/td>\n<\/tr>\n<tr class=\"row-5\">\n\t<td class=\"column-1\"><\/td><td class=\"column-2\"><b>Modelage relaxant dos\/jambes <\/b><br \/>\nSoin complet pour d\u00e9nouer les tensions, soulager les jambes fatigu\u00e9es et \u00e9vacuer le stress. <br \/>\nDes gestes profonds et enveloppants pour une relaxation extr\u00eame du dos et des jambes.<\/td><td class=\"column-3\">65,00 \u20ac<\/td><td class=\"column-4\">45'<\/td>\n<\/tr>\n<tr class=\"row-6\">\n\t<td class=\"column-1\"><\/td><td class=\"column-2\"><b>Modelage Sensoriel Inm'AromaSens<\/b><br \/>\nLaissez-vous emporter par un voyage sensoriel unique\u2026<br \/>\nCe soin, cr\u00e9\u00e9 par mes soins,  allie gliss\u00e9s enveloppants, p\u00e9trissages profonds et \u00e9tirements doux, pour induire une d\u00e9tente physique et mentale profonde.<br \/>\nDu bout des pieds jusqu\u2019au cuir chevelu, chaque geste est pens\u00e9 avec soin pour harmoniser le corps et l\u2019esprit.<br \/>\nUn moment de s\u00e9r\u00e9nit\u00e9 absolue, o\u00f9 le temps semble suspendu\u2026<\/td><td class=\"column-3\"> 89,00 \u20ac<br \/>\n110,00 \u20ac<br \/>\n<br \/>\n<\/td><td class=\"column-4\">60'<br \/>\n75'<br \/>\n<\/td>\n<\/tr>\n<\/tbody>\n<\/table>\n<!-- #tablepress-27 from cache -->\n<p>&nbsp;<\/p>\n<p>&nbsp;<\/p>\n<p><strong><i>Mes modelages et prestations sont r\u00e9alis\u00e9s dans un but exclusivement esth\u00e9tique et de confort \u00e0 l\u2019exclusion de toute finalit\u00e9 m\u00e9dicale, th\u00e9rapeutique ou \u00e0 connotation sexuelle !<\/i><\/strong><\/p>\n<\/div>\n<\/div><\/div><\/div><\/div><div id=\"pg-38-2\"  class=\"panel-grid panel-no-style\" ><div id=\"pgc-38-2-0\"  class=\"panel-grid-cell\" ><div id=\"panel-38-2-0-0\" class=\"so-panel widget widget_sow-editor panel-first-child panel-last-child\" data-index=\"2\" ><div\n\t\t\t\n\t\t\tclass=\"so-widget-sow-editor so-widget-sow-editor-base\"\n\t\t\t\n\t\t>\n<div class=\"siteorigin-widget-tinymce textwidget\">\n\t<p><img loading=\"lazy\" decoding=\"async\" class=\"aligncenter size-medium wp-image-171\" src=\"https:\/\/xn--institut-beaut-reims-o2b.com\/wp-content\/uploads\/2019\/02\/Inmaromasens-Soins-relaxant-homme-300x300.png\" alt=\"\" width=\"300\" height=\"300\" srcset=\"https:\/\/xn--institut-beaut-reims-o2b.com\/wp-content\/uploads\/2019\/02\/Inmaromasens-Soins-relaxant-homme-300x300.png 300w, https:\/\/xn--institut-beaut-reims-o2b.com\/wp-content\/uploads\/2019\/02\/Inmaromasens-Soins-relaxant-homme-100x100.png 100w, https:\/\/xn--institut-beaut-reims-o2b.com\/wp-content\/uploads\/2019\/02\/Inmaromasens-Soins-relaxant-homme-150x150.png 150w, https:\/\/xn--institut-beaut-reims-o2b.com\/wp-content\/uploads\/2019\/02\/Inmaromasens-Soins-relaxant-homme-75x75.png 75w, https:\/\/xn--institut-beaut-reims-o2b.com\/wp-content\/uploads\/2019\/02\/Inmaromasens-Soins-relaxant-homme.png 567w\" sizes=\"auto, (max-width: 300px) 100vw, 300px\" \/><\/p>\n<\/div>\n<\/div><\/div><\/div><div id=\"pgc-38-2-1\"  class=\"panel-grid-cell\" ><div id=\"panel-38-2-1-0\" class=\"so-panel widget widget_sow-editor panel-first-child panel-last-child\" data-index=\"3\" ><div\n\t\t\t\n\t\t\tclass=\"so-widget-sow-editor so-widget-sow-editor-base\"\n\t\t\t\n\t\t>\n<div class=\"siteorigin-widget-tinymce textwidget\">\n\t<h2 style=\"text-align: center;\">L'occasion de prendre un temps pour soi !<\/h2>\n<figure class=\"centered-image\"><img loading=\"lazy\" decoding=\"async\" class=\"aligncenter size-full wp-image-3777\" src=\"https:\/\/xn--institut-beaut-reims-o2b.com\/wp-content\/uploads\/2024\/02\/Logo-femme-rose2.png\" alt=\"\" width=\"65\" height=\"42\" \/><\/figure>\n<h2 style=\"text-align: center;\">Comment me contacter ?<\/h2>\n<p>- par t\u00e9l\u00e9phone ou whatsApp : <strong>06 09 17 81 33<\/strong><\/p>\n<p>- par mail : <strong>inma.delahorra@free.fr<\/strong><\/p>\n<p>&nbsp;<\/p>\n<p>En attendant, je serai ravie de vous rencontrer et de vous accompagner !<\/p>\n<p>Au plaisir de faire votre connaissance,<\/p>\n<p>Inma<\/p>\n<\/div>\n<\/div><\/div><\/div><\/div><\/div>","protected":false},"excerpt":{"rendered":"<p>&nbsp; &nbsp; &nbsp; Mes modelages et prestations sont r\u00e9alis\u00e9s dans un but exclusivement esth\u00e9tique et de confort \u00e0 l\u2019exclusion de toute finalit\u00e9 m\u00e9dicale, th\u00e9rapeutique ou \u00e0 connotation sexuelle !<\/p>\n","protected":false},"author":1,"featured_media":0,"parent":0,"menu_order":0,"comment_status":"closed","ping_status":"closed","template":"","meta":{"_uag_custom_page_level_css":"","_exactmetrics_skip_tracking":false,"_exactmetrics_sitenote_active":false,"_exactmetrics_sitenote_note":"","_exactmetrics_sitenote_category":0,"iawp_total_views":84,"footnotes":""},"class_list":["post-38","page","type-page","status-publish","hentry"],"uagb_featured_image_src":{"full":false,"thumbnail":false,"medium":false,"medium_large":false,"large":false,"1536x1536":false,"2048x2048":false,"widget-thumbnail":false,"mailpoet_newsletter_max":false,"woocommerce_thumbnail":false,"woocommerce_single":false,"woocommerce_gallery_thumbnail":false,"sow-carousel-default":false},"uagb_author_info":{"display_name":"admin8743","author_link":"https:\/\/xn--institut-beaut-reims-o2b.com\/index.php\/author\/admin8743\/"},"uagb_comment_info":0,"uagb_excerpt":"&nbsp; &nbsp; &nbsp; Mes modelages et prestations sont r\u00e9alis\u00e9s dans un but exclusivement esth\u00e9tique et de confort \u00e0 l\u2019exclusion de toute finalit\u00e9 m\u00e9dicale, th\u00e9rapeutique ou \u00e0 connotation sexuelle !","_links":{"self":[{"href":"https:\/\/xn--institut-beaut-reims-o2b.com\/index.php\/wp-json\/wp\/v2\/pages\/38","targetHints":{"allow":["GET"]}}],"collection":[{"href":"https:\/\/xn--institut-beaut-reims-o2b.com\/index.php\/wp-json\/wp\/v2\/pages"}],"about":[{"href":"https:\/\/xn--institut-beaut-reims-o2b.com\/index.php\/wp-json\/wp\/v2\/types\/page"}],"author":[{"embeddable":true,"href":"https:\/\/xn--institut-beaut-reims-o2b.com\/index.php\/wp-json\/wp\/v2\/users\/1"}],"replies":[{"embeddable":true,"href":"https:\/\/xn--institut-beaut-reims-o2b.com\/index.php\/wp-json\/wp\/v2\/comments?post=38"}],"version-history":[{"count":98,"href":"https:\/\/xn--institut-beaut-reims-o2b.com\/index.php\/wp-json\/wp\/v2\/pages\/38\/revisions"}],"predecessor-version":[{"id":6072,"href":"https:\/\/xn--institut-beaut-reims-o2b.com\/index.php\/wp-json\/wp\/v2\/pages\/38\/revisions\/6072"}],"wp:attachment":[{"href":"https:\/\/xn--institut-beaut-reims-o2b.com\/index.php\/wp-json\/wp\/v2\/media?parent=38"}],"curies":[{"name":"wp","href":"https:\/\/api.w.org\/{rel}","templated":true}]}}