{"id":5781,"date":"2026-03-27T15:48:47","date_gmt":"2026-03-27T14:48:47","guid":{"rendered":"https:\/\/xn--institut-beaut-reims-o2b.com\/?page_id=5781"},"modified":"2026-04-07T16:35:24","modified_gmt":"2026-04-07T14:35:24","slug":"inmana-ceremonie-sacree-cacao","status":"publish","type":"page","link":"https:\/\/xn--institut-beaut-reims-o2b.com\/index.php\/inmana-ceremonie-sacree-cacao\/","title":{"rendered":"Rituel Signature Inmana &#8211; Voyage Int\u00e9rieur du Coeur au Cacao Sacr\u00e9"},"content":{"rendered":"<div id=\"pl-5781\"  class=\"panel-layout\" ><div id=\"pg-5781-0\"  class=\"panel-grid panel-no-style\" ><div id=\"pgc-5781-0-0\"  class=\"panel-grid-cell\" ><div id=\"panel-5781-0-0-0\" class=\"so-panel widget widget_sow-editor panel-first-child panel-last-child\" data-index=\"0\" ><div\n\t\t\t\n\t\t\tclass=\"so-widget-sow-editor so-widget-sow-editor-base\"\n\t\t\t\n\t\t>\n<div class=\"siteorigin-widget-tinymce textwidget\">\n\t<p><strong>Soin Holistique &amp; Energ\u00e9tique<\/strong><\/p>\n<p><strong>INMANA est bien plus qu\u2019un massage\u2026<\/strong><\/p>\n<p>C\u2019est un rituel sacr\u00e9, une exp\u00e9rience profond\u00e9ment sensorielle,\u00a0 qui invite \u00e0 ralentir, rel\u00e2cher et \u00e0 se reconnecter \u00e0 son coeur, \u00e0 soi.<\/p>\n<p>\u00c0 travers la respiration guid\u00e9e, les vibrations sonores, la puissance du cacao sacr\u00e9 et son chant, ainsi qu\u2019un massage enveloppant et intuitif au beurre de cacao soutenu par un travail \u00e9nerg\u00e9tique, ce soin invite \u00e0 une profonde d\u00e9tente et \u00e0 un r\u00e9\u00e9quilibrage global.<\/p>\n<p>Chaque geste est port\u00e9 par une intention consciente et bienveillante.<\/p>\n<p><strong>INMANA<\/strong>, <strong>c\u2019est la rencontre entre :<\/strong><\/p>\n<p><em>\u00a0\u00a0 * Inma<\/em> - l\u2019intention, la pr\u00e9sence et l\u2019\u00e9nergie du c\u0153ur que je mets dans chaque geste,<br \/>\n<em>\u00a0 * Mana<\/em> - l\u2019\u00e9nergie de vie universelle<\/p>\n<p>Ensemble, elles donnent naissance \u00e0 un soin profond\u00e9ment intuitif qui apaise, lib\u00e8re et reconnecte \u00e0 l\u2019essentiel.<\/p>\n<p>Un \u00a0v\u00e9ritable voyage o\u00f9 le c\u0153ur, le corps et l\u2019\u00e9nergie retrouvent leur harmonie naturelle.<\/p>\n<p>Un moment hors du temps\u2026 profond\u00e9ment ressour\u00e7ant.<\/p>\n<p><em>\u201cCe soin ne vient pas d\u2019une m\u00e9thode\u2026 <\/em><\/p>\n<p><em>il vient de moi.\"<\/em><\/p>\n<p><img loading=\"lazy\" decoding=\"async\" class=\"aligncenter size-full wp-image-3777\" src=\"https:\/\/xn--institut-beaut-reims-o2b.com\/wp-content\/uploads\/2024\/02\/Logo-femme-rose2.png\" alt=\"\" width=\"65\" height=\"42\" \/><\/p>\n<h3 style=\"text-align: center;\"><strong>C\u00e9r\u00e9monie de Cacao Sacr\u00e9 <\/strong><\/h3>\n<p><em>INMANA inclut une C\u00e9r\u00e9monie de Cacao Sacr\u00e9, rituel ancestral d\u2019Am\u00e9rique centrale, o\u00f9 le cacao est une m\u00e9decine du c\u0153ur.<\/em><\/p>\n<p><em>Le Cacao Sacr\u00e9 est une invitation \u00e0 se reconnecter \u00e0 son c\u0153ur, dans un espace de douceur et d\u2019accueil.<\/em> <em>Il permet de d\u00e9poser, d\u2019apaiser et de ressentir autrement, avec plus de pr\u00e9sence et de bienveillance. Peu \u00e0 peu, une clart\u00e9 naturelle \u00e9merge\u2026 guid\u00e9e par l\u2019intelligence du c\u0153ur.<\/em><\/p>\n<p><em>Le cacao utilis\u00e9 est de grade c\u00e9r\u00e9moniel, issu d\u2019un processus traditionnel respectueux de l\u2019arbre et de ses bienfaits, 100 % pur, brut et non torr\u00e9fi\u00e9, cultiv\u00e9 et pr\u00e9par\u00e9 avec conscience et intention.<\/em><\/p>\n<p>La c\u00e9r\u00e9monie d\u00e9bute par l\u2019ouverture d\u2019un espace sacr\u00e9 : les yeux ferm\u00e9s, une connexion \u00e0 soi par la respiration, une intention pos\u00e9e (ex : l\u00e2cher-prise, douceur \u00e9motionnelle, \u00a0clart\u00e9, amour de soi\u2026), puis le cacao est d\u00e9gust\u00e9 en pleine conscience.<\/p>\n<p><strong>Sensations d\u00e9crites lors des c\u00e9r\u00e9monies\u00a0:<\/strong><\/p>\n<p>Certaines personnes d\u00e9crivent une douce chaleur dans le corps, une ouverture du c\u0153ur, un apaisement profond, parfois une lib\u00e9ration \u00e9motionnelle, ainsi qu\u2019un l\u00e9ger effet digestif.<\/p>\n<p>Les sensations souvent d\u00e9crites ne rel\u00e8vent pas d\u2019une croyance, mais d\u2019une\u00a0interaction connue entre les mol\u00e9cules de la f\u00e8ve de cacao et le syst\u00e8me nerveux.<\/p>\n<p><img loading=\"lazy\" decoding=\"async\" class=\"aligncenter size-full wp-image-3777\" src=\"https:\/\/xn--institut-beaut-reims-o2b.com\/wp-content\/uploads\/2024\/02\/Logo-femme-rose2.png\" alt=\"\" width=\"65\" height=\"42\" \/><\/p>\n<h3 style=\"text-align: center;\"><strong>Quelles sont les contre-indications<br \/>\n<\/strong><\/h3>\n<p>La prise de cacao sacr\u00e9 est contre-indiqu\u00e9 dans les cas suivants :<\/p>\n<p>. probl\u00e8mes cardiaques<\/p>\n<p>. grossesse et allaitement<\/p>\n<p>. prise d\u2019antid\u00e9presseurs<\/p>\n<div class=\"text-container scrollable flex\">\n<div class=\"flex flex-col text-sm pb-25\">\n<article class=\"text-token-text-primary w-full focus:outline-none [--shadow-height:45px] has-data-writing-block:pointer-events-none has-data-writing-block:-mt-(--shadow-height) has-data-writing-block:pt-(--shadow-height) [&amp;:has([data-writing-block])&gt;*]:pointer-events-auto scroll-mt-[calc(var(--header-height)+min(200px,max(70px,20svh)))]\" dir=\"auto\" tabindex=\"-1\" data-turn-id=\"request-WEB:9d2700f4-00ea-45d3-b808-1023c2de81ee-1\" data-testid=\"conversation-turn-4\" data-scroll-anchor=\"true\" data-turn=\"assistant\">\n<div class=\"text-base my-auto mx-auto pb-10 [--thread-content-margin:--spacing(4)] @w-sm\/main:[--thread-content-margin:--spacing(6)] @w-lg\/main:[--thread-content-margin:--spacing(16)] px-(--thread-content-margin)\">\n<div class=\"[--thread-content-max-width:40rem] @w-lg\/main:[--thread-content-max-width:48rem] mx-auto max-w-(--thread-content-max-width) flex-1 group\/turn-messages focus-visible:outline-hidden relative flex w-full min-w-0 flex-col agent-turn\" tabindex=\"-1\">\n<div class=\"flex max-w-full flex-col grow\">\n<div class=\"min-h-8 text-message relative flex w-full flex-col items-end gap-2 text-start break-words whitespace-normal [.text-message+&amp;]:mt-1\" dir=\"auto\" data-message-author-role=\"assistant\" data-message-id=\"19b97283-0dae-40ff-a31e-fcce0eb5dd1e\" data-message-model-slug=\"gpt-5-2\">\n<div class=\"flex w-full flex-col gap-1 empty:hidden first:pt-[1px]\">\n<div class=\"markdown prose dark:prose-invert w-full wrap-break-word light markdown-new-styling\">\n<p data-start=\"2943\" data-end=\"3078\"><img loading=\"lazy\" decoding=\"async\" class=\"aligncenter size-full wp-image-3777\" src=\"https:\/\/xn--institut-beaut-reims-o2b.com\/wp-content\/uploads\/2024\/02\/Logo-femme-rose2.png\" alt=\"\" width=\"65\" height=\"42\" \/><\/p>\n<\/div>\n<\/div>\n<p data-start=\"2943\" data-end=\"3078\"><strong>\n<table id=\"tablepress-49\" class=\"tablepress tablepress-id-49\">\n<tbody class=\"row-hover\">\n<tr class=\"row-1\">\n\t<td class=\"column-1\"><img loading=\"lazy\" decoding=\"async\" src=\"https:\/\/xn--institut-beaut-reims-o2b.com\/wp-content\/uploads\/2024\/02\/Logo-femme-rose2.png\" alt=\"\" width=\"40\" height=\"26\" class=\"aligncenter size-full wp-image-3777\" \/><\/td><td class=\"column-2\"><b>Rituel Signature INMANA - Voyage int\u00e9rieur du Coeur au Cacao Sacr\u00e9 <\/b><br \/>\n<em>Voyage Coeur, Corps &amp; Energie<\/em><br \/>\nUn soin holistique unique, \u00e0 la fois enveloppant et transformateur, incluant une c\u00e9r\u00e9monie de cacao sacr\u00e9, qui invite \u00e0 ralentir, ressentir et se reconnecter \u00e0 l\u2019essentiel.<br \/>\nUne exp\u00e9rience sensorielle et \u00e9nerg\u00e9tique o\u00f9 le corps, le c\u0153ur et l\u2019\u00e2me retrouvent leur harmonie.<br \/>\n<em>\"Ce soin ne vient pas d'une m\u00e9thode...<br \/>\nil vient de moi\"<\/em><br \/>\n<\/td><td class=\"column-3\">169,00 \u20ac<\/td><td class=\"column-4\">1h45<\/td>\n<\/tr>\n<\/tbody>\n<\/table>\n<!-- #tablepress-49 from cache --><\/strong><\/p>\n<p data-start=\"2943\" data-end=\"3078\">\n<div class=\"flex w-full flex-col gap-1 empty:hidden first:pt-[1px]\">\n<h2>L'occasion de prendre un temps pour soi !<\/h2>\n<h2><img loading=\"lazy\" decoding=\"async\" class=\"aligncenter size-full wp-image-3777\" src=\"https:\/\/xn--institut-beaut-reims-o2b.com\/wp-content\/uploads\/2024\/02\/Logo-femme-rose2.png\" alt=\"\" width=\"65\" height=\"42\" \/><\/h2>\n<h2>Comment me contacter ?<\/h2>\n<p>- par t\u00e9l\u00e9phone ou whatsApp : <strong>06 09 17 81 33<\/strong><\/p>\n<p>- par mail : <strong>inma.delahorra@free.fr<\/strong><\/p>\n<p>&nbsp;<\/p>\n<p>En attendant, je serai ravie de vous rencontrer et de vous accompagner !<\/p>\n<p>Au plaisir de faire votre connaissance,<\/p>\n<p>Inma<strong><br \/>\n<\/strong><\/p>\n<\/div>\n<\/div>\n<\/div>\n<\/div>\n<\/div>\n<\/article>\n<\/div>\n<\/div>\n<\/div>\n<\/div><\/div><\/div><\/div><\/div>","protected":false},"excerpt":{"rendered":"<p>Soin Holistique &amp; Energ\u00e9tique INMANA est bien plus qu\u2019un massage\u2026 C\u2019est un rituel sacr\u00e9, une exp\u00e9rience profond\u00e9ment sensorielle,\u00a0 qui invite \u00e0 ralentir, rel\u00e2cher et \u00e0 se reconnecter \u00e0 son coeur, \u00e0 soi. \u00c0 travers la respiration guid\u00e9e, les vibrations sonores, la puissance du cacao sacr\u00e9 et son chant, ainsi qu\u2019un massage enveloppant et intuitif au [&hellip;]<\/p>\n","protected":false},"author":1,"featured_media":0,"parent":0,"menu_order":0,"comment_status":"closed","ping_status":"closed","template":"","meta":{"_uag_custom_page_level_css":"","_exactmetrics_skip_tracking":false,"_exactmetrics_sitenote_active":false,"_exactmetrics_sitenote_note":"","_exactmetrics_sitenote_category":0,"iawp_total_views":0,"footnotes":""},"class_list":["post-5781","page","type-page","status-publish","hentry"],"uagb_featured_image_src":{"full":false,"thumbnail":false,"medium":false,"medium_large":false,"large":false,"1536x1536":false,"2048x2048":false,"widget-thumbnail":false,"mailpoet_newsletter_max":false,"woocommerce_thumbnail":false,"woocommerce_single":false,"woocommerce_gallery_thumbnail":false,"sow-carousel-default":false},"uagb_author_info":{"display_name":"admin8743","author_link":"https:\/\/xn--institut-beaut-reims-o2b.com\/index.php\/author\/admin8743\/"},"uagb_comment_info":0,"uagb_excerpt":"Soin Holistique &amp; Energ\u00e9tique INMANA est bien plus qu\u2019un massage\u2026 C\u2019est un rituel sacr\u00e9, une exp\u00e9rience profond\u00e9ment sensorielle,\u00a0 qui invite \u00e0 ralentir, rel\u00e2cher et \u00e0 se reconnecter \u00e0 son coeur, \u00e0 soi. \u00c0 travers la respiration guid\u00e9e, les vibrations sonores, la puissance du cacao sacr\u00e9 et son chant, ainsi qu\u2019un massage enveloppant et intuitif au\u2026","_links":{"self":[{"href":"https:\/\/xn--institut-beaut-reims-o2b.com\/index.php\/wp-json\/wp\/v2\/pages\/5781","targetHints":{"allow":["GET"]}}],"collection":[{"href":"https:\/\/xn--institut-beaut-reims-o2b.com\/index.php\/wp-json\/wp\/v2\/pages"}],"about":[{"href":"https:\/\/xn--institut-beaut-reims-o2b.com\/index.php\/wp-json\/wp\/v2\/types\/page"}],"author":[{"embeddable":true,"href":"https:\/\/xn--institut-beaut-reims-o2b.com\/index.php\/wp-json\/wp\/v2\/users\/1"}],"replies":[{"embeddable":true,"href":"https:\/\/xn--institut-beaut-reims-o2b.com\/index.php\/wp-json\/wp\/v2\/comments?post=5781"}],"version-history":[{"count":38,"href":"https:\/\/xn--institut-beaut-reims-o2b.com\/index.php\/wp-json\/wp\/v2\/pages\/5781\/revisions"}],"predecessor-version":[{"id":5851,"href":"https:\/\/xn--institut-beaut-reims-o2b.com\/index.php\/wp-json\/wp\/v2\/pages\/5781\/revisions\/5851"}],"wp:attachment":[{"href":"https:\/\/xn--institut-beaut-reims-o2b.com\/index.php\/wp-json\/wp\/v2\/media?parent=5781"}],"curies":[{"name":"wp","href":"https:\/\/api.w.org\/{rel}","templated":true}]}}