{"id":675,"date":"2019-02-25T11:08:19","date_gmt":"2019-02-25T10:08:19","guid":{"rendered":"http:\/\/xn--institut-beaut-reims-o2b.com\/?page_id=675"},"modified":"2019-03-15T17:09:59","modified_gmt":"2019-03-15T16:09:59","slug":"mentions-legales","status":"publish","type":"page","link":"https:\/\/xn--institut-beaut-reims-o2b.com\/index.php\/mentions-legales\/","title":{"rendered":"Mentions l\u00e9gales"},"content":{"rendered":"<p>Entreprise Inm&rsquo;AromaSens, siret 522 419 290 000 21, repr\u00e9sent\u00e9e par Inma De la Horra, 25 Rue Saint-Thierry &#8211; 51100 Reims &#8211; France.\u00a0Mail : inma.delahorra@free.fr, t\u00e9l. 06 09 17 81 33.<\/p>\n<ul>\n<li>pour une profession r\u00e9glement\u00e9e\u00a0: r\u00e9f\u00e9rence aux r\u00e8gles professionnelles applicables et au titre professionnel\u00a0;<\/li>\n<li>nom et adresse de l&rsquo;autorit\u00e9 ayant d\u00e9livr\u00e9 l&rsquo;autorisation d&rsquo;exercer quand celle-ci est n\u00e9cessaire<\/li>\n<\/ul>\n<p><strong>H\u00e9bergeur du site :<br \/>\n<\/strong>Ce site est h\u00e9berg\u00e9 par OVH\u00a0SAS RCS Lille M\u00e9tropole 424 761 419 00045. Si\u00e8ge social : 2 rue Kellermann &#8211; 59100 Roubaix &#8211; France<strong><br \/>\n<\/strong><\/p>\n<p><strong>Concepteur du site :\u00a0<\/strong><br \/>\nSite cr\u00e9\u00e9 par <a href=\"http:\/\/aldinfographie.fr\">Anne-Laure D\u00e9hu<\/a> Infographiste freelance \u00e0 partir du th\u00e8me Beyond Expectation.<\/p>\n<p><strong>Photos :<br \/>\n<\/strong>L&rsquo;utilisateur s&rsquo;engage, en utilisant les services de ce site internet, \u00e0 ne pas reproduire, stocker ou modifier les photos visualis\u00e9es sur quelque support et \u00e0 quelles que fins que ce soit.<br \/>\nEn cas de non-respect des droits de reproduction, l&rsquo;utilisateur sera susceptible de poursuites engag\u00e9es par les artistes, ayant droits ou entit\u00e9s mandat\u00e9s pour la gestion des droits d&rsquo;auteur.<\/p>\n<p><strong>Newsletter :<\/strong><br \/>\nVous pouvez \u00e0 tout moment avoir acc\u00e8s et changer les informations concernant vos coordonn\u00e9es (adresses e-mail et courrier, changement de patronyme&#8230;) dans la rubrique g\u00e9rer votre abonnement \/ d\u00e9sabonnement dans la Newsletter.<br \/>\nLes informations \u00e0 caract\u00e8re personnel collect\u00e9es lors de l&rsquo;inscription et\/ou dans le cadre de l&rsquo;utilisation des Services sont conserv\u00e9es conform\u00e9ment aux r\u00e8gles prescrites par la loi \u00a0\u00bb Informatique et Libert\u00e9s \u00a0\u00bb et pendant une dur\u00e9e justifi\u00e9e par la finalit\u00e9 du traitement.<\/p>\n","protected":false},"excerpt":{"rendered":"<p>Entreprise Inm&rsquo;AromaSens, siret 522 419 290 000 21, repr\u00e9sent\u00e9e par Inma De la Horra, 25 Rue Saint-Thierry &#8211; 51100 Reims &#8211; France.\u00a0Mail : inma.delahorra@free.fr, t\u00e9l. 06 09 17 81 33. pour une profession r\u00e9glement\u00e9e\u00a0: r\u00e9f\u00e9rence aux r\u00e8gles professionnelles applicables et au titre professionnel\u00a0; nom et adresse de l&rsquo;autorit\u00e9 ayant d\u00e9livr\u00e9 l&rsquo;autorisation d&rsquo;exercer quand celle-ci est [&hellip;]<\/p>\n","protected":false},"author":1,"featured_media":0,"parent":0,"menu_order":0,"comment_status":"closed","ping_status":"closed","template":"","meta":{"_uag_custom_page_level_css":"","_exactmetrics_skip_tracking":false,"_exactmetrics_sitenote_active":false,"_exactmetrics_sitenote_note":"","_exactmetrics_sitenote_category":0,"iawp_total_views":18,"footnotes":""},"class_list":["post-675","page","type-page","status-publish","hentry"],"uagb_featured_image_src":{"full":false,"thumbnail":false,"medium":false,"medium_large":false,"large":false,"1536x1536":false,"2048x2048":false,"widget-thumbnail":false,"mailpoet_newsletter_max":false,"woocommerce_thumbnail":false,"woocommerce_single":false,"woocommerce_gallery_thumbnail":false,"sow-carousel-default":false},"uagb_author_info":{"display_name":"admin8743","author_link":"https:\/\/xn--institut-beaut-reims-o2b.com\/index.php\/author\/admin8743\/"},"uagb_comment_info":0,"uagb_excerpt":"Entreprise Inm&rsquo;AromaSens, siret 522 419 290 000 21, repr\u00e9sent\u00e9e par Inma De la Horra, 25 Rue Saint-Thierry &#8211; 51100 Reims &#8211; France.\u00a0Mail : inma.delahorra@free.fr, t\u00e9l. 06 09 17 81 33. pour une profession r\u00e9glement\u00e9e\u00a0: r\u00e9f\u00e9rence aux r\u00e8gles professionnelles applicables et au titre professionnel\u00a0; nom et adresse de l&rsquo;autorit\u00e9 ayant d\u00e9livr\u00e9 l&rsquo;autorisation d&rsquo;exercer quand celle-ci est\u2026","_links":{"self":[{"href":"https:\/\/xn--institut-beaut-reims-o2b.com\/index.php\/wp-json\/wp\/v2\/pages\/675","targetHints":{"allow":["GET"]}}],"collection":[{"href":"https:\/\/xn--institut-beaut-reims-o2b.com\/index.php\/wp-json\/wp\/v2\/pages"}],"about":[{"href":"https:\/\/xn--institut-beaut-reims-o2b.com\/index.php\/wp-json\/wp\/v2\/types\/page"}],"author":[{"embeddable":true,"href":"https:\/\/xn--institut-beaut-reims-o2b.com\/index.php\/wp-json\/wp\/v2\/users\/1"}],"replies":[{"embeddable":true,"href":"https:\/\/xn--institut-beaut-reims-o2b.com\/index.php\/wp-json\/wp\/v2\/comments?post=675"}],"version-history":[{"count":3,"href":"https:\/\/xn--institut-beaut-reims-o2b.com\/index.php\/wp-json\/wp\/v2\/pages\/675\/revisions"}],"predecessor-version":[{"id":1005,"href":"https:\/\/xn--institut-beaut-reims-o2b.com\/index.php\/wp-json\/wp\/v2\/pages\/675\/revisions\/1005"}],"wp:attachment":[{"href":"https:\/\/xn--institut-beaut-reims-o2b.com\/index.php\/wp-json\/wp\/v2\/media?parent=675"}],"curies":[{"name":"wp","href":"https:\/\/api.w.org\/{rel}","templated":true}]}}