{"id":1949,"date":"2020-11-17T13:07:43","date_gmt":"2020-11-17T12:07:43","guid":{"rendered":"http:\/\/xn--institut-beaut-reims-o2b.com\/?post_type=product&#038;p=1949"},"modified":"2023-01-20T15:47:44","modified_gmt":"2023-01-20T14:47:44","slug":"la-sultane-de-saba-lait-corporel-ayurvedique","status":"publish","type":"product","link":"https:\/\/xn--institut-beaut-reims-o2b.com\/index.php\/produit\/la-sultane-de-saba-lait-corporel-ayurvedique\/","title":{"rendered":"La Sultane de Saba &#8211; Lait corporel ayurv\u00e9dique"},"content":{"rendered":"<p><strong>COMPOSITION :<\/strong><\/p>\n<p>AQUA \/ EAU, HUILE DE PRUNUS AMYGDALUS DULCIS \/ HUILE DE PRUNUS AMYGDALUS DULCIS (AMANDE DOUCE), HUILE DE PROPYL\u00c8NE GLYCOL, BUTYROSPERMUM PARKII BEURRE \/ BUTYROSPERMUM PARKII (SHEA) BEURRE, PARFUM D&rsquo;ALCOOL, FRAISE, PERFUME , PHOSPHATE DE CETYLE DE POTASSIUM, UREE, ALCOOL BENZYLIQUE, DIM\u00c9THICONE, ST\u00c9ARATE DE PEG-20, PENTYL\u00c8NE GLYCOL, CARBOM\u00c8RE, AC\u00c9TATE DE TOCOPHERYLE, CAPRYLYLE GLYCOL, D\u00c9CYL\u00c8NE GLYCOL, COUMARINE, ALLANTOOL, SODIUM, SODIUM<\/p>\n<p>La liste des ingr\u00e9dients peut \u00eatre sujette \u00e0 des variations, nous vous conseillons de v\u00e9rifier la liste sur le produit.<\/p>\n<p><strong>INGR\u00c9DIENTS ACTIFS :<\/strong><\/p>\n<p>Huile d&rsquo;amande douce, beurre de karit\u00e9, huile de coco<\/p>\n<p><strong>AVANTAGES :<\/strong><\/p>\n<p>Nourrissant et hydratant<\/p>\n<p><strong>UTILISATION DES CONSEILS :<\/strong><\/p>\n<p>Appliquer sur les parties s\u00e8ches du corps: coudes, talons &#8230; A utiliser comme baume r\u00e9parateur sur cheveux ab\u00eem\u00e9s. Prenez une noix de beurre et faites-la fondre dans vos mains. Mettez le pot sous l&rsquo;eau chaude, il sera plus facile \u00e0 utiliser. Usage quotidien.<\/p>\n","protected":false},"excerpt":{"rendered":"<h3>Lait corporel<\/h3>\n<p><strong>Ayurv\u00e9dique (AMBRE &#8211; VANILLE &#8211; PATCHOULI)<\/strong><\/p>\n<p>Format : 200ml<\/p>\n<p>A base de beurre de karit\u00e9, d&rsquo;amande douce et de lait de coco, les Laits Corporels ont une texture riche et non grasse qui procure une hydratation subtile et durable. La peau est nourrie instantan\u00e9ment. A utiliser sur le corps, et le buste. S&rsquo;utilise \u00e9galement comme cr\u00e8me pour les mains et les pieds.<\/p>\n","protected":false},"featured_media":1950,"comment_status":"open","ping_status":"closed","template":"","meta":{"_uag_custom_page_level_css":"","_exactmetrics_skip_tracking":false,"_exactmetrics_sitenote_active":false,"_exactmetrics_sitenote_note":"","_exactmetrics_sitenote_category":0,"iawp_total_views":1},"product_brand":[],"product_cat":[28],"product_tag":[],"giftcard-category":[],"class_list":{"0":"post-1949","1":"product","2":"type-product","3":"status-publish","4":"has-post-thumbnail","6":"product_cat-la-sultane-de-saba-corps","8":"first","9":"instock","10":"taxable","11":"shipping-taxable","12":"purchasable","13":"product-type-simple"},"uagb_featured_image_src":{"full":["https:\/\/xn--institut-beaut-reims-o2b.com\/wp-content\/uploads\/2020\/11\/Sultane-de-Saba-lait-corporel-200ml.jpg",640,1000,false],"thumbnail":["https:\/\/xn--institut-beaut-reims-o2b.com\/wp-content\/uploads\/2020\/11\/Sultane-de-Saba-lait-corporel-200ml-150x150.jpg",150,150,true],"medium":["https:\/\/xn--institut-beaut-reims-o2b.com\/wp-content\/uploads\/2020\/11\/Sultane-de-Saba-lait-corporel-200ml-192x300.jpg",192,300,true],"medium_large":["https:\/\/xn--institut-beaut-reims-o2b.com\/wp-content\/uploads\/2020\/11\/Sultane-de-Saba-lait-corporel-200ml.jpg",640,1000,false],"large":["https:\/\/xn--institut-beaut-reims-o2b.com\/wp-content\/uploads\/2020\/11\/Sultane-de-Saba-lait-corporel-200ml.jpg",640,1000,false],"1536x1536":["https:\/\/xn--institut-beaut-reims-o2b.com\/wp-content\/uploads\/2020\/11\/Sultane-de-Saba-lait-corporel-200ml.jpg",640,1000,false],"2048x2048":["https:\/\/xn--institut-beaut-reims-o2b.com\/wp-content\/uploads\/2020\/11\/Sultane-de-Saba-lait-corporel-200ml.jpg",640,1000,false],"widget-thumbnail":["https:\/\/xn--institut-beaut-reims-o2b.com\/wp-content\/uploads\/2020\/11\/Sultane-de-Saba-lait-corporel-200ml-75x75.jpg",75,75,true],"mailpoet_newsletter_max":["https:\/\/xn--institut-beaut-reims-o2b.com\/wp-content\/uploads\/2020\/11\/Sultane-de-Saba-lait-corporel-200ml.jpg",640,1000,false],"woocommerce_thumbnail":["https:\/\/xn--institut-beaut-reims-o2b.com\/wp-content\/uploads\/2020\/11\/Sultane-de-Saba-lait-corporel-200ml-300x300.jpg",300,300,true],"woocommerce_single":["https:\/\/xn--institut-beaut-reims-o2b.com\/wp-content\/uploads\/2020\/11\/Sultane-de-Saba-lait-corporel-200ml-600x938.jpg",600,938,true],"woocommerce_gallery_thumbnail":["https:\/\/xn--institut-beaut-reims-o2b.com\/wp-content\/uploads\/2020\/11\/Sultane-de-Saba-lait-corporel-200ml-100x100.jpg",100,100,true],"sow-carousel-default":["https:\/\/xn--institut-beaut-reims-o2b.com\/wp-content\/uploads\/2020\/11\/Sultane-de-Saba-lait-corporel-200ml-272x182.jpg",272,182,true]},"uagb_author_info":{"display_name":"admin8743","author_link":"https:\/\/xn--institut-beaut-reims-o2b.com\/index.php\/author\/"},"uagb_comment_info":0,"uagb_excerpt":"Lait corporel Ayurv\u00e9dique (AMBRE - VANILLE - PATCHOULI) Format : 200ml A base de beurre de karit\u00e9, d'amande douce et de lait de coco, les Laits Corporels ont une texture riche et non grasse qui procure une hydratation subtile et durable. La peau est nourrie instantan\u00e9ment. A utiliser sur le corps, et le buste. S'utilise\u2026","_links":{"self":[{"href":"https:\/\/xn--institut-beaut-reims-o2b.com\/index.php\/wp-json\/wp\/v2\/product\/1949","targetHints":{"allow":["GET"]}}],"collection":[{"href":"https:\/\/xn--institut-beaut-reims-o2b.com\/index.php\/wp-json\/wp\/v2\/product"}],"about":[{"href":"https:\/\/xn--institut-beaut-reims-o2b.com\/index.php\/wp-json\/wp\/v2\/types\/product"}],"replies":[{"embeddable":true,"href":"https:\/\/xn--institut-beaut-reims-o2b.com\/index.php\/wp-json\/wp\/v2\/comments?post=1949"}],"wp:featuredmedia":[{"embeddable":true,"href":"https:\/\/xn--institut-beaut-reims-o2b.com\/index.php\/wp-json\/wp\/v2\/media\/1950"}],"wp:attachment":[{"href":"https:\/\/xn--institut-beaut-reims-o2b.com\/index.php\/wp-json\/wp\/v2\/media?parent=1949"}],"wp:term":[{"taxonomy":"product_brand","embeddable":true,"href":"https:\/\/xn--institut-beaut-reims-o2b.com\/index.php\/wp-json\/wp\/v2\/product_brand?post=1949"},{"taxonomy":"product_cat","embeddable":true,"href":"https:\/\/xn--institut-beaut-reims-o2b.com\/index.php\/wp-json\/wp\/v2\/product_cat?post=1949"},{"taxonomy":"product_tag","embeddable":true,"href":"https:\/\/xn--institut-beaut-reims-o2b.com\/index.php\/wp-json\/wp\/v2\/product_tag?post=1949"},{"taxonomy":"giftcard-category","embeddable":true,"href":"https:\/\/xn--institut-beaut-reims-o2b.com\/index.php\/wp-json\/wp\/v2\/giftcard-category?post=1949"}],"curies":[{"name":"wp","href":"https:\/\/api.w.org\/{rel}","templated":true}]}}