{"id":1952,"date":"2020-11-17T14:56:49","date_gmt":"2020-11-17T13:56:49","guid":{"rendered":"http:\/\/xn--institut-beaut-reims-o2b.com\/?post_type=product&#038;p=1952"},"modified":"2020-11-23T14:20:55","modified_gmt":"2020-11-23T13:20:55","slug":"la-sultane-de-saba","status":"publish","type":"product","link":"https:\/\/xn--institut-beaut-reims-o2b.com\/index.php\/produit\/la-sultane-de-saba\/","title":{"rendered":"La Sultane de Saba &#8211; Baume fondant  Bio ayurv\u00e9dique"},"content":{"rendered":"<p><strong>COMPOSITION :<\/strong><\/p>\n<p>V\u00e9ritable concentr\u00e9 d\u2019ingr\u00e9dients nourrissants et revitalisants pour la peau, ce baume aux notes orientales sublime la peau de ses bienfaits. Particuli\u00e8rement efficace pour les peaux les plus s\u00e8ches, sa texture riche et onctueuse fond sur l\u2019\u00e9piderme pour un pur moment de bien-\u00eatre. Il p\u00e9n\u00e8tre facilement et ne laisse pas d\u2019effet gras sur la peau. Enrichi en beurre de karit\u00e9 BIO, en huile d\u2019amande douce BIO et en huile d\u2019argan, il s\u2019applique facilement et laisse la peau douce, nourrie et d\u00e9licatement parfum\u00e9e. Pour minimiser l\u2019impact sur l\u2019environnement, son contenant est en verre recyclable et contient le meilleur de la nature pour un total respect de la peau.<\/p>\n<p><strong>CONSEILS D&rsquo;UTILISATION : <\/strong><\/p>\n<p>Prendre une noix de baume dans le creux de la main, le r\u00e9chauffer puis l\u2019appliquer en massages doux sur tout le corps. Insister sur les parties les plus s\u00e8ches. S\u2019utilise en soin pour la peau de tout le corps apr\u00e8s la douche et s\u2019utilise \u00e9galement en baume avant shampoing pour les cheveux secs. Usage quotidien. Convient \u00e0 tous types de peaux.<\/p>\n<p><strong>INGREDIENTS ACTIFS : <\/strong><\/p>\n<p>beurre de karit\u00e9 BIO, huile d\u2019amande douce BIO, huile d\u2019argan<\/p>\n","protected":false},"excerpt":{"rendered":"<h2>Baume Fondant Bio &#8211; Ayurvedique Oriental<\/h2>\n<p><strong>Ayurv\u00e9dique \u00a0(AMBRE &#8211; VANILLE &#8211; PATCHOULI)<\/strong><\/p>\n<p>Format : 300 g<\/p>\n<p>V\u00e9ritable concentr\u00e9 d\u2019ingr\u00e9dients nourrissants et revitalisants pour la peau, ce baume aux notes orientales sublime la peau de ses bienfaits. Particuli\u00e8rement efficace pour les peaux les plus s\u00e8ches, sa texture riche et onctueuse fond sur l\u2019\u00e9piderme pour un pur moment de bien-\u00eatre. Il p\u00e9n\u00e8tre facilement et ne laisse pas d\u2019effet gras sur la peau. Enrichi en beurre de karit\u00e9 BIO, en huile d\u2019amande douce BIO et en huile d\u2019argan, il s\u2019applique facilement et laisse la peau douce, nourrie et d\u00e9licatement parfum\u00e9e. Pour minimiser l\u2019impact sur l\u2019environnement, son contenant est en verre recyclable et contient le meilleur de la nature pour un total respect de la peau.<\/p>\n","protected":false},"featured_media":1953,"comment_status":"open","ping_status":"closed","template":"","meta":{"_uag_custom_page_level_css":"","_exactmetrics_skip_tracking":false,"_exactmetrics_sitenote_active":false,"_exactmetrics_sitenote_note":"","_exactmetrics_sitenote_category":0,"iawp_total_views":3},"product_brand":[],"product_cat":[28],"product_tag":[],"giftcard-category":[],"class_list":{"0":"post-1952","1":"product","2":"type-product","3":"status-publish","4":"has-post-thumbnail","6":"product_cat-la-sultane-de-saba-corps","8":"first","9":"instock","10":"taxable","11":"shipping-taxable","12":"purchasable","13":"product-type-simple"},"uagb_featured_image_src":{"full":["https:\/\/xn--institut-beaut-reims-o2b.com\/wp-content\/uploads\/2020\/11\/Sultane-de-Saba-Baume-fondant-300gr.jpg",640,1000,false],"thumbnail":["https:\/\/xn--institut-beaut-reims-o2b.com\/wp-content\/uploads\/2020\/11\/Sultane-de-Saba-Baume-fondant-300gr-150x150.jpg",150,150,true],"medium":["https:\/\/xn--institut-beaut-reims-o2b.com\/wp-content\/uploads\/2020\/11\/Sultane-de-Saba-Baume-fondant-300gr-192x300.jpg",192,300,true],"medium_large":["https:\/\/xn--institut-beaut-reims-o2b.com\/wp-content\/uploads\/2020\/11\/Sultane-de-Saba-Baume-fondant-300gr.jpg",640,1000,false],"large":["https:\/\/xn--institut-beaut-reims-o2b.com\/wp-content\/uploads\/2020\/11\/Sultane-de-Saba-Baume-fondant-300gr.jpg",640,1000,false],"1536x1536":["https:\/\/xn--institut-beaut-reims-o2b.com\/wp-content\/uploads\/2020\/11\/Sultane-de-Saba-Baume-fondant-300gr.jpg",640,1000,false],"2048x2048":["https:\/\/xn--institut-beaut-reims-o2b.com\/wp-content\/uploads\/2020\/11\/Sultane-de-Saba-Baume-fondant-300gr.jpg",640,1000,false],"widget-thumbnail":["https:\/\/xn--institut-beaut-reims-o2b.com\/wp-content\/uploads\/2020\/11\/Sultane-de-Saba-Baume-fondant-300gr-75x75.jpg",75,75,true],"mailpoet_newsletter_max":["https:\/\/xn--institut-beaut-reims-o2b.com\/wp-content\/uploads\/2020\/11\/Sultane-de-Saba-Baume-fondant-300gr.jpg",640,1000,false],"woocommerce_thumbnail":["https:\/\/xn--institut-beaut-reims-o2b.com\/wp-content\/uploads\/2020\/11\/Sultane-de-Saba-Baume-fondant-300gr-300x300.jpg",300,300,true],"woocommerce_single":["https:\/\/xn--institut-beaut-reims-o2b.com\/wp-content\/uploads\/2020\/11\/Sultane-de-Saba-Baume-fondant-300gr-600x938.jpg",600,938,true],"woocommerce_gallery_thumbnail":["https:\/\/xn--institut-beaut-reims-o2b.com\/wp-content\/uploads\/2020\/11\/Sultane-de-Saba-Baume-fondant-300gr-100x100.jpg",100,100,true],"sow-carousel-default":["https:\/\/xn--institut-beaut-reims-o2b.com\/wp-content\/uploads\/2020\/11\/Sultane-de-Saba-Baume-fondant-300gr-272x182.jpg",272,182,true]},"uagb_author_info":{"display_name":"admin8743","author_link":"https:\/\/xn--institut-beaut-reims-o2b.com\/index.php\/author\/"},"uagb_comment_info":0,"uagb_excerpt":"Baume Fondant Bio - Ayurvedique Oriental Ayurv\u00e9dique \u00a0(AMBRE - VANILLE - PATCHOULI) Format : 300 g V\u00e9ritable concentr\u00e9 d\u2019ingr\u00e9dients nourrissants et revitalisants pour la peau, ce baume aux notes orientales sublime la peau de ses bienfaits. Particuli\u00e8rement efficace pour les peaux les plus s\u00e8ches, sa texture riche et onctueuse fond sur l\u2019\u00e9piderme pour un pur\u2026","_links":{"self":[{"href":"https:\/\/xn--institut-beaut-reims-o2b.com\/index.php\/wp-json\/wp\/v2\/product\/1952","targetHints":{"allow":["GET"]}}],"collection":[{"href":"https:\/\/xn--institut-beaut-reims-o2b.com\/index.php\/wp-json\/wp\/v2\/product"}],"about":[{"href":"https:\/\/xn--institut-beaut-reims-o2b.com\/index.php\/wp-json\/wp\/v2\/types\/product"}],"replies":[{"embeddable":true,"href":"https:\/\/xn--institut-beaut-reims-o2b.com\/index.php\/wp-json\/wp\/v2\/comments?post=1952"}],"wp:featuredmedia":[{"embeddable":true,"href":"https:\/\/xn--institut-beaut-reims-o2b.com\/index.php\/wp-json\/wp\/v2\/media\/1953"}],"wp:attachment":[{"href":"https:\/\/xn--institut-beaut-reims-o2b.com\/index.php\/wp-json\/wp\/v2\/media?parent=1952"}],"wp:term":[{"taxonomy":"product_brand","embeddable":true,"href":"https:\/\/xn--institut-beaut-reims-o2b.com\/index.php\/wp-json\/wp\/v2\/product_brand?post=1952"},{"taxonomy":"product_cat","embeddable":true,"href":"https:\/\/xn--institut-beaut-reims-o2b.com\/index.php\/wp-json\/wp\/v2\/product_cat?post=1952"},{"taxonomy":"product_tag","embeddable":true,"href":"https:\/\/xn--institut-beaut-reims-o2b.com\/index.php\/wp-json\/wp\/v2\/product_tag?post=1952"},{"taxonomy":"giftcard-category","embeddable":true,"href":"https:\/\/xn--institut-beaut-reims-o2b.com\/index.php\/wp-json\/wp\/v2\/giftcard-category?post=1952"}],"curies":[{"name":"wp","href":"https:\/\/api.w.org\/{rel}","templated":true}]}}