{"id":2006,"date":"2020-11-18T13:22:10","date_gmt":"2020-11-18T12:22:10","guid":{"rendered":"http:\/\/xn--institut-beaut-reims-o2b.com\/?post_type=product&#038;p=2006"},"modified":"2021-05-20T08:51:36","modified_gmt":"2021-05-20T06:51:36","slug":"la-sultane-de-saba-gant-kessa","status":"publish","type":"product","link":"https:\/\/xn--institut-beaut-reims-o2b.com\/index.php\/produit\/la-sultane-de-saba-gant-kessa\/","title":{"rendered":"La Sultane de Saba &#8211; Gant Kessa"},"content":{"rendered":"<div class=\" col-md-10 \">\n<div class=\"product_head collection2_item_content\">\n<p><strong>COMPOSITION:<\/strong><\/p>\n<p>La liste des ingr\u00e9dients peut \u00eatre sujette \u00e0 variations, nous vous conseillons de toujours v\u00e9rifier la liste sur le produit achet\u00e9.<\/p>\n<\/div>\n<\/div>\n","protected":false},"excerpt":{"rendered":"<h3>Gant Kessa<\/h3>\n<h5>RITUELS DE HAMMAM &#8211; SAVON NOIR ET RASSOUL<\/h5>\n","protected":false},"featured_media":0,"comment_status":"open","ping_status":"closed","template":"","meta":{"_uag_custom_page_level_css":"","_exactmetrics_skip_tracking":false,"_exactmetrics_sitenote_active":false,"_exactmetrics_sitenote_note":"","_exactmetrics_sitenote_category":0,"iawp_total_views":2},"product_brand":[],"product_cat":[28],"product_tag":[],"giftcard-category":[],"class_list":{"0":"post-2006","1":"product","2":"type-product","3":"status-publish","5":"product_cat-la-sultane-de-saba-corps","7":"first","8":"instock","9":"taxable","10":"shipping-taxable","11":"purchasable","12":"product-type-simple"},"uagb_featured_image_src":{"full":false,"thumbnail":false,"medium":false,"medium_large":false,"large":false,"1536x1536":false,"2048x2048":false,"widget-thumbnail":false,"mailpoet_newsletter_max":false,"woocommerce_thumbnail":false,"woocommerce_single":false,"woocommerce_gallery_thumbnail":false,"sow-carousel-default":false},"uagb_author_info":{"display_name":"admin8743","author_link":"https:\/\/xn--institut-beaut-reims-o2b.com\/index.php\/author\/"},"uagb_comment_info":0,"uagb_excerpt":"Gant Kessa RITUELS DE HAMMAM - SAVON NOIR ET RASSOUL","_links":{"self":[{"href":"https:\/\/xn--institut-beaut-reims-o2b.com\/index.php\/wp-json\/wp\/v2\/product\/2006","targetHints":{"allow":["GET"]}}],"collection":[{"href":"https:\/\/xn--institut-beaut-reims-o2b.com\/index.php\/wp-json\/wp\/v2\/product"}],"about":[{"href":"https:\/\/xn--institut-beaut-reims-o2b.com\/index.php\/wp-json\/wp\/v2\/types\/product"}],"replies":[{"embeddable":true,"href":"https:\/\/xn--institut-beaut-reims-o2b.com\/index.php\/wp-json\/wp\/v2\/comments?post=2006"}],"wp:attachment":[{"href":"https:\/\/xn--institut-beaut-reims-o2b.com\/index.php\/wp-json\/wp\/v2\/media?parent=2006"}],"wp:term":[{"taxonomy":"product_brand","embeddable":true,"href":"https:\/\/xn--institut-beaut-reims-o2b.com\/index.php\/wp-json\/wp\/v2\/product_brand?post=2006"},{"taxonomy":"product_cat","embeddable":true,"href":"https:\/\/xn--institut-beaut-reims-o2b.com\/index.php\/wp-json\/wp\/v2\/product_cat?post=2006"},{"taxonomy":"product_tag","embeddable":true,"href":"https:\/\/xn--institut-beaut-reims-o2b.com\/index.php\/wp-json\/wp\/v2\/product_tag?post=2006"},{"taxonomy":"giftcard-category","embeddable":true,"href":"https:\/\/xn--institut-beaut-reims-o2b.com\/index.php\/wp-json\/wp\/v2\/giftcard-category?post=2006"}],"curies":[{"name":"wp","href":"https:\/\/api.w.org\/{rel}","templated":true}]}}