{"id":2700,"date":"2022-11-04T07:30:39","date_gmt":"2022-11-04T06:30:39","guid":{"rendered":"https:\/\/xn--institut-beaut-reims-o2b.com\/?post_type=product&#038;p=2700"},"modified":"2025-01-20T10:23:21","modified_gmt":"2025-01-20T09:23:21","slug":"modelage-relaxant-dos","status":"publish","type":"product","link":"https:\/\/xn--institut-beaut-reims-o2b.com\/index.php\/produit\/modelage-relaxant-dos\/","title":{"rendered":"Modelage relaxant du dos"},"content":{"rendered":"","protected":false},"excerpt":{"rendered":"<p>Bon cadeau \u00e0 valoir pour<\/p>\n<p><strong>Modelage relaxant du dos (30 mn)<\/strong><\/p>\n<p>D\u00e9noue les tensions, \u00e9vacue le stress.<br \/>\nRelaxation extr\u00eame du dos.<\/p>\n<p>Recevez ce bon cadeau en t\u00e9l\u00e9chargement par mail apr\u00e8s le paiement de votre achat.<\/p>\n<p><span style=\"color: #999999;\">*Bon cadeau valable <strong>3 mois<\/strong> \u00e0 compter de la date d\u2019achat. <\/span><span style=\"color: #999999;\">Non \u00e9changeable, non remboursable. <\/span><span style=\"color: #999999;\">Valable pour toute prestation en cours de validit\u00e9.<\/span><br \/>\n<span style=\"color: #999999;\">Consultez les soins et prestations disponibles sur notre site www.institut-beaut\u00e9-reims.com<\/span><\/p>\n","protected":false},"featured_media":2701,"comment_status":"open","ping_status":"closed","template":"","meta":{"_uag_custom_page_level_css":"","_exactmetrics_skip_tracking":false,"_exactmetrics_sitenote_active":false,"_exactmetrics_sitenote_note":"","_exactmetrics_sitenote_category":0,"iawp_total_views":4},"product_brand":[],"product_cat":[40],"product_tag":[],"giftcard-category":[],"class_list":{"0":"post-2700","1":"product","2":"type-product","3":"status-publish","4":"has-post-thumbnail","6":"product_cat-bons-cadeaux-telechargeables","8":"first","9":"instock","10":"downloadable","11":"taxable","12":"shipping-taxable","13":"purchasable","14":"product-type-simple"},"uagb_featured_image_src":{"full":["https:\/\/xn--institut-beaut-reims-o2b.com\/wp-content\/uploads\/2022\/01\/modelage-du-dos.jpg",1181,1181,false],"thumbnail":["https:\/\/xn--institut-beaut-reims-o2b.com\/wp-content\/uploads\/2022\/01\/modelage-du-dos-150x150.jpg",150,150,true],"medium":["https:\/\/xn--institut-beaut-reims-o2b.com\/wp-content\/uploads\/2022\/01\/modelage-du-dos-300x300.jpg",300,300,true],"medium_large":["https:\/\/xn--institut-beaut-reims-o2b.com\/wp-content\/uploads\/2022\/01\/modelage-du-dos-768x768.jpg",768,768,true],"large":["https:\/\/xn--institut-beaut-reims-o2b.com\/wp-content\/uploads\/2022\/01\/modelage-du-dos-1024x1024.jpg",840,840,true],"1536x1536":["https:\/\/xn--institut-beaut-reims-o2b.com\/wp-content\/uploads\/2022\/01\/modelage-du-dos.jpg",1181,1181,false],"2048x2048":["https:\/\/xn--institut-beaut-reims-o2b.com\/wp-content\/uploads\/2022\/01\/modelage-du-dos.jpg",1181,1181,false],"widget-thumbnail":["https:\/\/xn--institut-beaut-reims-o2b.com\/wp-content\/uploads\/2022\/01\/modelage-du-dos-75x75.jpg",75,75,true],"mailpoet_newsletter_max":["https:\/\/xn--institut-beaut-reims-o2b.com\/wp-content\/uploads\/2022\/01\/modelage-du-dos.jpg",1181,1181,false],"woocommerce_thumbnail":["https:\/\/xn--institut-beaut-reims-o2b.com\/wp-content\/uploads\/2022\/01\/modelage-du-dos-300x300.jpg",300,300,true],"woocommerce_single":["https:\/\/xn--institut-beaut-reims-o2b.com\/wp-content\/uploads\/2022\/01\/modelage-du-dos-600x600.jpg",600,600,true],"woocommerce_gallery_thumbnail":["https:\/\/xn--institut-beaut-reims-o2b.com\/wp-content\/uploads\/2022\/01\/modelage-du-dos-100x100.jpg",100,100,true],"sow-carousel-default":["https:\/\/xn--institut-beaut-reims-o2b.com\/wp-content\/uploads\/2022\/01\/modelage-du-dos-272x182.jpg",272,182,true]},"uagb_author_info":{"display_name":"admin8743","author_link":"https:\/\/xn--institut-beaut-reims-o2b.com\/index.php\/author\/"},"uagb_comment_info":0,"uagb_excerpt":"Bon cadeau \u00e0 valoir pour Modelage relaxant du dos (30 mn) D\u00e9noue les tensions, \u00e9vacue le stress. Relaxation extr\u00eame du dos. Recevez ce bon cadeau en t\u00e9l\u00e9chargement par mail apr\u00e8s le paiement de votre achat. *Bon cadeau valable 3 mois \u00e0 compter de la date d\u2019achat. Non \u00e9changeable, non remboursable. Valable pour toute prestation en\u2026","_links":{"self":[{"href":"https:\/\/xn--institut-beaut-reims-o2b.com\/index.php\/wp-json\/wp\/v2\/product\/2700","targetHints":{"allow":["GET"]}}],"collection":[{"href":"https:\/\/xn--institut-beaut-reims-o2b.com\/index.php\/wp-json\/wp\/v2\/product"}],"about":[{"href":"https:\/\/xn--institut-beaut-reims-o2b.com\/index.php\/wp-json\/wp\/v2\/types\/product"}],"replies":[{"embeddable":true,"href":"https:\/\/xn--institut-beaut-reims-o2b.com\/index.php\/wp-json\/wp\/v2\/comments?post=2700"}],"wp:featuredmedia":[{"embeddable":true,"href":"https:\/\/xn--institut-beaut-reims-o2b.com\/index.php\/wp-json\/wp\/v2\/media\/2701"}],"wp:attachment":[{"href":"https:\/\/xn--institut-beaut-reims-o2b.com\/index.php\/wp-json\/wp\/v2\/media?parent=2700"}],"wp:term":[{"taxonomy":"product_brand","embeddable":true,"href":"https:\/\/xn--institut-beaut-reims-o2b.com\/index.php\/wp-json\/wp\/v2\/product_brand?post=2700"},{"taxonomy":"product_cat","embeddable":true,"href":"https:\/\/xn--institut-beaut-reims-o2b.com\/index.php\/wp-json\/wp\/v2\/product_cat?post=2700"},{"taxonomy":"product_tag","embeddable":true,"href":"https:\/\/xn--institut-beaut-reims-o2b.com\/index.php\/wp-json\/wp\/v2\/product_tag?post=2700"},{"taxonomy":"giftcard-category","embeddable":true,"href":"https:\/\/xn--institut-beaut-reims-o2b.com\/index.php\/wp-json\/wp\/v2\/giftcard-category?post=2700"}],"curies":[{"name":"wp","href":"https:\/\/api.w.org\/{rel}","templated":true}]}}