{"id":2766,"date":"2022-11-04T09:00:20","date_gmt":"2022-11-04T08:00:20","guid":{"rendered":"https:\/\/xn--institut-beaut-reims-o2b.com\/?post_type=product&#038;p=2766"},"modified":"2025-06-27T14:50:21","modified_gmt":"2025-06-27T12:50:21","slug":"bon-cadeau-ptits-loulous","status":"publish","type":"product","link":"https:\/\/xn--institut-beaut-reims-o2b.com\/index.php\/produit\/bon-cadeau-ptits-loulous\/","title":{"rendered":"Modelage relaxant du Dos\/Bras P\u2019tits loulous 6 \u00e0 11 ans"},"content":{"rendered":"<p>*Bon cadeau valable 3 mois (perte de validit\u00e9 au-del\u00e0 de la date d\u2019achat except\u00e9 motif m\u00e9dical).<br \/>\nNon remboursable, non \u00e9changeable, non transmissible et non cumulable avec une offre en cours ou un forfait.<\/p>\n","protected":false},"excerpt":{"rendered":"<p>Bon cadeau \u00e0 valoir pour<br \/>\n<strong>\u00e0 valoir pour les p\u2019tits loulous <\/strong><strong>de 6 \u00e0 11 ans<br \/>\nun modelage relaxant du dos\/bras (20 mn)*<\/strong><\/p>\n<p>D\u00e9noue les tensions, \u00e9vacue le stress.<br \/>\nRelaxation extr\u00eame des bras et du dos.<\/p>\n<p>En Click and Collect, votre bon cadeau est pr\u00eat \u00e0 offrir dans une jolie enveloppe.<\/p>\n<p>&nbsp;<\/p>\n","protected":false},"featured_media":5042,"comment_status":"open","ping_status":"closed","template":"","meta":{"_uag_custom_page_level_css":"","_exactmetrics_skip_tracking":false,"_exactmetrics_sitenote_active":false,"_exactmetrics_sitenote_note":"","_exactmetrics_sitenote_category":0,"iawp_total_views":1},"product_brand":[],"product_cat":[32],"product_tag":[],"giftcard-category":[],"class_list":{"0":"post-2766","1":"product","2":"type-product","3":"status-publish","4":"has-post-thumbnail","6":"product_cat-bons-cadeaux-click-and-collect","8":"first","9":"instock","10":"taxable","11":"shipping-taxable","12":"purchasable","13":"product-type-simple"},"uagb_featured_image_src":{"full":["https:\/\/xn--institut-beaut-reims-o2b.com\/wp-content\/uploads\/2022\/11\/CC-Bons-cadeaux-Ptits-Loulous.jpg",595,283,false],"thumbnail":["https:\/\/xn--institut-beaut-reims-o2b.com\/wp-content\/uploads\/2022\/11\/CC-Bons-cadeaux-Ptits-Loulous-150x150.jpg",150,150,true],"medium":["https:\/\/xn--institut-beaut-reims-o2b.com\/wp-content\/uploads\/2022\/11\/CC-Bons-cadeaux-Ptits-Loulous-300x143.jpg",300,143,true],"medium_large":["https:\/\/xn--institut-beaut-reims-o2b.com\/wp-content\/uploads\/2022\/11\/CC-Bons-cadeaux-Ptits-Loulous.jpg",595,283,false],"large":["https:\/\/xn--institut-beaut-reims-o2b.com\/wp-content\/uploads\/2022\/11\/CC-Bons-cadeaux-Ptits-Loulous.jpg",595,283,false],"1536x1536":["https:\/\/xn--institut-beaut-reims-o2b.com\/wp-content\/uploads\/2022\/11\/CC-Bons-cadeaux-Ptits-Loulous.jpg",595,283,false],"2048x2048":["https:\/\/xn--institut-beaut-reims-o2b.com\/wp-content\/uploads\/2022\/11\/CC-Bons-cadeaux-Ptits-Loulous.jpg",595,283,false],"widget-thumbnail":["https:\/\/xn--institut-beaut-reims-o2b.com\/wp-content\/uploads\/2022\/11\/CC-Bons-cadeaux-Ptits-Loulous-75x75.jpg",75,75,true],"mailpoet_newsletter_max":["https:\/\/xn--institut-beaut-reims-o2b.com\/wp-content\/uploads\/2022\/11\/CC-Bons-cadeaux-Ptits-Loulous.jpg",595,283,false],"woocommerce_thumbnail":["https:\/\/xn--institut-beaut-reims-o2b.com\/wp-content\/uploads\/2022\/11\/CC-Bons-cadeaux-Ptits-Loulous-300x283.jpg",300,283,true],"woocommerce_single":["https:\/\/xn--institut-beaut-reims-o2b.com\/wp-content\/uploads\/2022\/11\/CC-Bons-cadeaux-Ptits-Loulous.jpg",595,283,false],"woocommerce_gallery_thumbnail":["https:\/\/xn--institut-beaut-reims-o2b.com\/wp-content\/uploads\/2022\/11\/CC-Bons-cadeaux-Ptits-Loulous-100x100.jpg",100,100,true],"sow-carousel-default":["https:\/\/xn--institut-beaut-reims-o2b.com\/wp-content\/uploads\/2022\/11\/CC-Bons-cadeaux-Ptits-Loulous-272x182.jpg",272,182,true]},"uagb_author_info":{"display_name":"admin8743","author_link":"https:\/\/xn--institut-beaut-reims-o2b.com\/index.php\/author\/"},"uagb_comment_info":0,"uagb_excerpt":"Bon cadeau \u00e0 valoir pour \u00e0 valoir pour les p\u2019tits loulous de 6 \u00e0 11 ans un modelage relaxant du dos\/bras (20 mn)* D\u00e9noue les tensions, \u00e9vacue le stress. Relaxation extr\u00eame des bras et du dos. En Click and Collect, votre bon cadeau est pr\u00eat \u00e0 offrir dans une jolie enveloppe. &nbsp;","_links":{"self":[{"href":"https:\/\/xn--institut-beaut-reims-o2b.com\/index.php\/wp-json\/wp\/v2\/product\/2766","targetHints":{"allow":["GET"]}}],"collection":[{"href":"https:\/\/xn--institut-beaut-reims-o2b.com\/index.php\/wp-json\/wp\/v2\/product"}],"about":[{"href":"https:\/\/xn--institut-beaut-reims-o2b.com\/index.php\/wp-json\/wp\/v2\/types\/product"}],"replies":[{"embeddable":true,"href":"https:\/\/xn--institut-beaut-reims-o2b.com\/index.php\/wp-json\/wp\/v2\/comments?post=2766"}],"wp:featuredmedia":[{"embeddable":true,"href":"https:\/\/xn--institut-beaut-reims-o2b.com\/index.php\/wp-json\/wp\/v2\/media\/5042"}],"wp:attachment":[{"href":"https:\/\/xn--institut-beaut-reims-o2b.com\/index.php\/wp-json\/wp\/v2\/media?parent=2766"}],"wp:term":[{"taxonomy":"product_brand","embeddable":true,"href":"https:\/\/xn--institut-beaut-reims-o2b.com\/index.php\/wp-json\/wp\/v2\/product_brand?post=2766"},{"taxonomy":"product_cat","embeddable":true,"href":"https:\/\/xn--institut-beaut-reims-o2b.com\/index.php\/wp-json\/wp\/v2\/product_cat?post=2766"},{"taxonomy":"product_tag","embeddable":true,"href":"https:\/\/xn--institut-beaut-reims-o2b.com\/index.php\/wp-json\/wp\/v2\/product_tag?post=2766"},{"taxonomy":"giftcard-category","embeddable":true,"href":"https:\/\/xn--institut-beaut-reims-o2b.com\/index.php\/wp-json\/wp\/v2\/giftcard-category?post=2766"}],"curies":[{"name":"wp","href":"https:\/\/api.w.org\/{rel}","templated":true}]}}