{"id":3147,"date":"2022-11-04T06:30:44","date_gmt":"2022-11-04T05:30:44","guid":{"rendered":"https:\/\/xn--institut-beaut-reims-o2b.com\/?post_type=product&#038;p=3147"},"modified":"2026-02-25T17:44:34","modified_gmt":"2026-02-25T16:44:34","slug":"soin-decouverte-bien-etre","status":"publish","type":"product","link":"https:\/\/xn--institut-beaut-reims-o2b.com\/index.php\/produit\/soin-decouverte-bien-etre\/","title":{"rendered":"Soin d\u00e9couverte l&rsquo;Instant Evasion"},"content":{"rendered":"<p>*Bon cadeau valable 3 mois (perte de validit\u00e9 au-del\u00e0 de la date d\u2019achat except\u00e9 motif m\u00e9dical).<br \/>\nNon remboursable, non \u00e9changeable, non transmissible et non cumulable avec une offre en cours ou un forfait.<\/p>\n","protected":false},"excerpt":{"rendered":"<p>Bon cadeau \u00e0 valoir pour<br \/>\n<strong><b>un soin D\u00e9couverte l&rsquo;Instant Evasion<\/b> (30 mn)<\/strong><\/p>\n<p class=\"m_-6120143410258841757MsoListParagraph\">Comprenant :Soin visage UVAS FRESCAS D\u00e9tox Bio<br \/>\n+ Manucure Express<br \/>\n+ Massage buste &amp; cuir chevelu<\/p>\n<p>En Click and Collect, votre bon cadeau est pr\u00eat \u00e0 offrir dans une jolie enveloppe.<\/p>\n<p>&nbsp;<\/p>\n","protected":false},"featured_media":5704,"comment_status":"open","ping_status":"closed","template":"","meta":{"_uag_custom_page_level_css":"","_exactmetrics_skip_tracking":false,"_exactmetrics_sitenote_active":false,"_exactmetrics_sitenote_note":"","_exactmetrics_sitenote_category":0,"iawp_total_views":4},"product_brand":[],"product_cat":[32],"product_tag":[],"giftcard-category":[],"class_list":{"0":"post-3147","1":"product","2":"type-product","3":"status-publish","4":"has-post-thumbnail","6":"product_cat-bons-cadeaux-click-and-collect","8":"first","9":"instock","10":"taxable","11":"shipping-taxable","12":"purchasable","13":"product-type-simple"},"uagb_featured_image_src":{"full":["https:\/\/xn--institut-beaut-reims-o2b.com\/wp-content\/uploads\/2022\/11\/Bons-cadeaux-soin-decouverte-linstant-evasion-Click-et-Collect.jpg",1654,787,false],"thumbnail":["https:\/\/xn--institut-beaut-reims-o2b.com\/wp-content\/uploads\/2022\/11\/Bons-cadeaux-soin-decouverte-linstant-evasion-Click-et-Collect-150x150.jpg",150,150,true],"medium":["https:\/\/xn--institut-beaut-reims-o2b.com\/wp-content\/uploads\/2022\/11\/Bons-cadeaux-soin-decouverte-linstant-evasion-Click-et-Collect-300x143.jpg",300,143,true],"medium_large":["https:\/\/xn--institut-beaut-reims-o2b.com\/wp-content\/uploads\/2022\/11\/Bons-cadeaux-soin-decouverte-linstant-evasion-Click-et-Collect-768x365.jpg",768,365,true],"large":["https:\/\/xn--institut-beaut-reims-o2b.com\/wp-content\/uploads\/2022\/11\/Bons-cadeaux-soin-decouverte-linstant-evasion-Click-et-Collect-1024x487.jpg",840,399,true],"1536x1536":["https:\/\/xn--institut-beaut-reims-o2b.com\/wp-content\/uploads\/2022\/11\/Bons-cadeaux-soin-decouverte-linstant-evasion-Click-et-Collect-1536x731.jpg",1536,731,true],"2048x2048":["https:\/\/xn--institut-beaut-reims-o2b.com\/wp-content\/uploads\/2022\/11\/Bons-cadeaux-soin-decouverte-linstant-evasion-Click-et-Collect.jpg",1654,787,false],"widget-thumbnail":["https:\/\/xn--institut-beaut-reims-o2b.com\/wp-content\/uploads\/2022\/11\/Bons-cadeaux-soin-decouverte-linstant-evasion-Click-et-Collect-75x75.jpg",75,75,true],"mailpoet_newsletter_max":["https:\/\/xn--institut-beaut-reims-o2b.com\/wp-content\/uploads\/2022\/11\/Bons-cadeaux-soin-decouverte-linstant-evasion-Click-et-Collect-1320x628.jpg",1320,628,true],"woocommerce_thumbnail":["https:\/\/xn--institut-beaut-reims-o2b.com\/wp-content\/uploads\/2022\/11\/Bons-cadeaux-soin-decouverte-linstant-evasion-Click-et-Collect-300x300.jpg",300,300,true],"woocommerce_single":["https:\/\/xn--institut-beaut-reims-o2b.com\/wp-content\/uploads\/2022\/11\/Bons-cadeaux-soin-decouverte-linstant-evasion-Click-et-Collect-600x285.jpg",600,285,true],"woocommerce_gallery_thumbnail":["https:\/\/xn--institut-beaut-reims-o2b.com\/wp-content\/uploads\/2022\/11\/Bons-cadeaux-soin-decouverte-linstant-evasion-Click-et-Collect-100x100.jpg",100,100,true],"sow-carousel-default":["https:\/\/xn--institut-beaut-reims-o2b.com\/wp-content\/uploads\/2022\/11\/Bons-cadeaux-soin-decouverte-linstant-evasion-Click-et-Collect-272x182.jpg",272,182,true]},"uagb_author_info":{"display_name":"admin8743","author_link":"https:\/\/xn--institut-beaut-reims-o2b.com\/index.php\/author\/"},"uagb_comment_info":0,"uagb_excerpt":"Bon cadeau \u00e0 valoir pour un soin D\u00e9couverte l'Instant Evasion (30 mn) Comprenant :Soin visage UVAS FRESCAS D\u00e9tox Bio + Manucure Express + Massage buste &amp; cuir chevelu En Click and Collect, votre bon cadeau est pr\u00eat \u00e0 offrir dans une jolie enveloppe. &nbsp;","_links":{"self":[{"href":"https:\/\/xn--institut-beaut-reims-o2b.com\/index.php\/wp-json\/wp\/v2\/product\/3147","targetHints":{"allow":["GET"]}}],"collection":[{"href":"https:\/\/xn--institut-beaut-reims-o2b.com\/index.php\/wp-json\/wp\/v2\/product"}],"about":[{"href":"https:\/\/xn--institut-beaut-reims-o2b.com\/index.php\/wp-json\/wp\/v2\/types\/product"}],"replies":[{"embeddable":true,"href":"https:\/\/xn--institut-beaut-reims-o2b.com\/index.php\/wp-json\/wp\/v2\/comments?post=3147"}],"wp:featuredmedia":[{"embeddable":true,"href":"https:\/\/xn--institut-beaut-reims-o2b.com\/index.php\/wp-json\/wp\/v2\/media\/5704"}],"wp:attachment":[{"href":"https:\/\/xn--institut-beaut-reims-o2b.com\/index.php\/wp-json\/wp\/v2\/media?parent=3147"}],"wp:term":[{"taxonomy":"product_brand","embeddable":true,"href":"https:\/\/xn--institut-beaut-reims-o2b.com\/index.php\/wp-json\/wp\/v2\/product_brand?post=3147"},{"taxonomy":"product_cat","embeddable":true,"href":"https:\/\/xn--institut-beaut-reims-o2b.com\/index.php\/wp-json\/wp\/v2\/product_cat?post=3147"},{"taxonomy":"product_tag","embeddable":true,"href":"https:\/\/xn--institut-beaut-reims-o2b.com\/index.php\/wp-json\/wp\/v2\/product_tag?post=3147"},{"taxonomy":"giftcard-category","embeddable":true,"href":"https:\/\/xn--institut-beaut-reims-o2b.com\/index.php\/wp-json\/wp\/v2\/giftcard-category?post=3147"}],"curies":[{"name":"wp","href":"https:\/\/api.w.org\/{rel}","templated":true}]}}