{"id":3151,"date":"2022-11-04T05:18:59","date_gmt":"2022-11-04T04:18:59","guid":{"rendered":"https:\/\/xn--institut-beaut-reims-o2b.com\/?post_type=product&#038;p=3151"},"modified":"2024-01-25T13:32:44","modified_gmt":"2024-01-25T12:32:44","slug":"soin-beaute-des-pieds","status":"publish","type":"product","link":"https:\/\/xn--institut-beaut-reims-o2b.com\/index.php\/produit\/soin-beaute-des-pieds\/","title":{"rendered":"Soin Beaut\u00e9 des pieds"},"content":{"rendered":"<p>*Bon cadeau valable 3 mois (perte de validit\u00e9 au-del\u00e0 de la date d\u2019achat except\u00e9 motif m\u00e9dical).<br \/>\nNon remboursable, non \u00e9changeable, non transmissible et non cumulable avec une offre en cours ou un forfait.<\/p>\n","protected":false},"excerpt":{"rendered":"<p>Bon cadeau \u00e0 valoir pour<br \/>\n<strong><b>un s<span lang=\"ES\">oin Beaut\u00e9 des pieds<\/span><\/b> (45 mn)<\/strong><\/p>\n<p class=\"m_-6120143410258841757MsoListParagraph\">(Coupe, limage, bain aux H.E., callosit\u00e9s, \u00e9limination adh\u00e9rences, polissage, modelage)<\/p>\n<p>En Click and Collect, votre bon cadeau est pr\u00eat \u00e0 offrir dans une jolie enveloppe.<\/p>\n<p>&nbsp;<\/p>\n","protected":false},"featured_media":3153,"comment_status":"open","ping_status":"closed","template":"","meta":{"_uag_custom_page_level_css":"","_exactmetrics_skip_tracking":false,"_exactmetrics_sitenote_active":false,"_exactmetrics_sitenote_note":"","_exactmetrics_sitenote_category":0,"iawp_total_views":8},"product_brand":[],"product_cat":[32],"product_tag":[],"giftcard-category":[],"class_list":{"0":"post-3151","1":"product","2":"type-product","3":"status-publish","4":"has-post-thumbnail","6":"product_cat-bons-cadeaux-click-and-collect","8":"first","9":"instock","10":"taxable","11":"shipping-taxable","12":"purchasable","13":"product-type-simple"},"uagb_featured_image_src":{"full":["https:\/\/xn--institut-beaut-reims-o2b.com\/wp-content\/uploads\/2022\/10\/Bons-cadeaux-Beaute-des-pieds.jpg",800,381,false],"thumbnail":["https:\/\/xn--institut-beaut-reims-o2b.com\/wp-content\/uploads\/2022\/10\/Bons-cadeaux-Beaute-des-pieds-150x150.jpg",150,150,true],"medium":["https:\/\/xn--institut-beaut-reims-o2b.com\/wp-content\/uploads\/2022\/10\/Bons-cadeaux-Beaute-des-pieds-300x143.jpg",300,143,true],"medium_large":["https:\/\/xn--institut-beaut-reims-o2b.com\/wp-content\/uploads\/2022\/10\/Bons-cadeaux-Beaute-des-pieds-768x366.jpg",768,366,true],"large":["https:\/\/xn--institut-beaut-reims-o2b.com\/wp-content\/uploads\/2022\/10\/Bons-cadeaux-Beaute-des-pieds.jpg",800,381,false],"1536x1536":["https:\/\/xn--institut-beaut-reims-o2b.com\/wp-content\/uploads\/2022\/10\/Bons-cadeaux-Beaute-des-pieds.jpg",800,381,false],"2048x2048":["https:\/\/xn--institut-beaut-reims-o2b.com\/wp-content\/uploads\/2022\/10\/Bons-cadeaux-Beaute-des-pieds.jpg",800,381,false],"widget-thumbnail":["https:\/\/xn--institut-beaut-reims-o2b.com\/wp-content\/uploads\/2022\/10\/Bons-cadeaux-Beaute-des-pieds-75x75.jpg",75,75,true],"mailpoet_newsletter_max":["https:\/\/xn--institut-beaut-reims-o2b.com\/wp-content\/uploads\/2022\/10\/Bons-cadeaux-Beaute-des-pieds.jpg",800,381,false],"woocommerce_thumbnail":["https:\/\/xn--institut-beaut-reims-o2b.com\/wp-content\/uploads\/2022\/10\/Bons-cadeaux-Beaute-des-pieds-300x300.jpg",300,300,true],"woocommerce_single":["https:\/\/xn--institut-beaut-reims-o2b.com\/wp-content\/uploads\/2022\/10\/Bons-cadeaux-Beaute-des-pieds-600x286.jpg",600,286,true],"woocommerce_gallery_thumbnail":["https:\/\/xn--institut-beaut-reims-o2b.com\/wp-content\/uploads\/2022\/10\/Bons-cadeaux-Beaute-des-pieds-100x100.jpg",100,100,true],"sow-carousel-default":["https:\/\/xn--institut-beaut-reims-o2b.com\/wp-content\/uploads\/2022\/10\/Bons-cadeaux-Beaute-des-pieds-272x182.jpg",272,182,true]},"uagb_author_info":{"display_name":"admin8743","author_link":"https:\/\/xn--institut-beaut-reims-o2b.com\/index.php\/author\/"},"uagb_comment_info":0,"uagb_excerpt":"Bon cadeau \u00e0 valoir pour un soin Beaut\u00e9 des pieds (45 mn) (Coupe, limage, bain aux H.E., callosit\u00e9s, \u00e9limination adh\u00e9rences, polissage, modelage) En Click and Collect, votre bon cadeau est pr\u00eat \u00e0 offrir dans une jolie enveloppe. &nbsp;","_links":{"self":[{"href":"https:\/\/xn--institut-beaut-reims-o2b.com\/index.php\/wp-json\/wp\/v2\/product\/3151","targetHints":{"allow":["GET"]}}],"collection":[{"href":"https:\/\/xn--institut-beaut-reims-o2b.com\/index.php\/wp-json\/wp\/v2\/product"}],"about":[{"href":"https:\/\/xn--institut-beaut-reims-o2b.com\/index.php\/wp-json\/wp\/v2\/types\/product"}],"replies":[{"embeddable":true,"href":"https:\/\/xn--institut-beaut-reims-o2b.com\/index.php\/wp-json\/wp\/v2\/comments?post=3151"}],"wp:featuredmedia":[{"embeddable":true,"href":"https:\/\/xn--institut-beaut-reims-o2b.com\/index.php\/wp-json\/wp\/v2\/media\/3153"}],"wp:attachment":[{"href":"https:\/\/xn--institut-beaut-reims-o2b.com\/index.php\/wp-json\/wp\/v2\/media?parent=3151"}],"wp:term":[{"taxonomy":"product_brand","embeddable":true,"href":"https:\/\/xn--institut-beaut-reims-o2b.com\/index.php\/wp-json\/wp\/v2\/product_brand?post=3151"},{"taxonomy":"product_cat","embeddable":true,"href":"https:\/\/xn--institut-beaut-reims-o2b.com\/index.php\/wp-json\/wp\/v2\/product_cat?post=3151"},{"taxonomy":"product_tag","embeddable":true,"href":"https:\/\/xn--institut-beaut-reims-o2b.com\/index.php\/wp-json\/wp\/v2\/product_tag?post=3151"},{"taxonomy":"giftcard-category","embeddable":true,"href":"https:\/\/xn--institut-beaut-reims-o2b.com\/index.php\/wp-json\/wp\/v2\/giftcard-category?post=3151"}],"curies":[{"name":"wp","href":"https:\/\/api.w.org\/{rel}","templated":true}]}}