{"id":3154,"date":"2022-11-04T06:00:55","date_gmt":"2022-11-04T05:00:55","guid":{"rendered":"https:\/\/xn--institut-beaut-reims-o2b.com\/?post_type=product&#038;p=3154"},"modified":"2025-11-06T09:18:16","modified_gmt":"2025-11-06T08:18:16","slug":"soin-visage-uvas-frescas-vino-purete-bio-2","status":"publish","type":"product","link":"https:\/\/xn--institut-beaut-reims-o2b.com\/index.php\/produit\/soin-visage-uvas-frescas-vino-purete-bio-2\/","title":{"rendered":"Soin visage UVAS FRESCAS Vid Puret\u00e9 Bio"},"content":{"rendered":"","protected":false},"excerpt":{"rendered":"<p>Bon cadeau \u00e0 valoir pour<\/p>\n<p><strong>un soin<b><span lang=\"ES\"> visage UVAS FRESCAS Vid Puret\u00e9 Bio<\/span><\/b> (40 min)<\/strong><\/p>\n<p><i>(Tout \u00e2ge &#8211; tout type de peau &#8211; NETTOYANT)<\/i><br \/>\nSoin purifiant aux raisins BIO d\u2019une v\u00e9ritable bouff\u00e9e rafra\u00eechissante (dont vapozone + extraction des com\u00e9dons).<\/p>\n<p>Recevez ce bon cadeau en t\u00e9l\u00e9chargement par mail apr\u00e8s le paiement de votre achat.<\/p>\n<p><span style=\"color: #999999;\">*Bon cadeau valable <strong>3 mois<\/strong> \u00e0 compter de la date d\u2019achat. <\/span><span style=\"color: #999999;\">Non \u00e9changeable, non remboursable. <\/span><span style=\"color: #999999;\">Valable pour toute prestation en cours de validit\u00e9.<\/span><br \/>\n<span style=\"color: #999999;\">Consultez les soins et prestations disponibles sur notre site www.institut-beaut\u00e9-reims.com<\/span><\/p>\n","protected":false},"featured_media":5145,"comment_status":"open","ping_status":"closed","template":"","meta":{"_uag_custom_page_level_css":"","_exactmetrics_skip_tracking":false,"_exactmetrics_sitenote_active":false,"_exactmetrics_sitenote_note":"","_exactmetrics_sitenote_category":0,"iawp_total_views":2},"product_brand":[],"product_cat":[40],"product_tag":[],"giftcard-category":[],"class_list":{"0":"post-3154","1":"product","2":"type-product","3":"status-publish","4":"has-post-thumbnail","6":"product_cat-bons-cadeaux-telechargeables","8":"first","9":"instock","10":"downloadable","11":"taxable","12":"shipping-taxable","13":"purchasable","14":"product-type-simple"},"uagb_featured_image_src":{"full":["https:\/\/xn--institut-beaut-reims-o2b.com\/wp-content\/uploads\/2025\/11\/Bons-cadeaux-Uvas-Frescas-mail-2025.jpg",787,787,false],"thumbnail":["https:\/\/xn--institut-beaut-reims-o2b.com\/wp-content\/uploads\/2025\/11\/Bons-cadeaux-Uvas-Frescas-mail-2025-150x150.jpg",150,150,true],"medium":["https:\/\/xn--institut-beaut-reims-o2b.com\/wp-content\/uploads\/2025\/11\/Bons-cadeaux-Uvas-Frescas-mail-2025-300x300.jpg",300,300,true],"medium_large":["https:\/\/xn--institut-beaut-reims-o2b.com\/wp-content\/uploads\/2025\/11\/Bons-cadeaux-Uvas-Frescas-mail-2025-768x768.jpg",768,768,true],"large":["https:\/\/xn--institut-beaut-reims-o2b.com\/wp-content\/uploads\/2025\/11\/Bons-cadeaux-Uvas-Frescas-mail-2025.jpg",787,787,false],"1536x1536":["https:\/\/xn--institut-beaut-reims-o2b.com\/wp-content\/uploads\/2025\/11\/Bons-cadeaux-Uvas-Frescas-mail-2025.jpg",787,787,false],"2048x2048":["https:\/\/xn--institut-beaut-reims-o2b.com\/wp-content\/uploads\/2025\/11\/Bons-cadeaux-Uvas-Frescas-mail-2025.jpg",787,787,false],"widget-thumbnail":["https:\/\/xn--institut-beaut-reims-o2b.com\/wp-content\/uploads\/2025\/11\/Bons-cadeaux-Uvas-Frescas-mail-2025-75x75.jpg",75,75,true],"mailpoet_newsletter_max":["https:\/\/xn--institut-beaut-reims-o2b.com\/wp-content\/uploads\/2025\/11\/Bons-cadeaux-Uvas-Frescas-mail-2025.jpg",787,787,false],"woocommerce_thumbnail":["https:\/\/xn--institut-beaut-reims-o2b.com\/wp-content\/uploads\/2025\/11\/Bons-cadeaux-Uvas-Frescas-mail-2025-300x300.jpg",300,300,true],"woocommerce_single":["https:\/\/xn--institut-beaut-reims-o2b.com\/wp-content\/uploads\/2025\/11\/Bons-cadeaux-Uvas-Frescas-mail-2025-600x600.jpg",600,600,true],"woocommerce_gallery_thumbnail":["https:\/\/xn--institut-beaut-reims-o2b.com\/wp-content\/uploads\/2025\/11\/Bons-cadeaux-Uvas-Frescas-mail-2025-100x100.jpg",100,100,true],"sow-carousel-default":["https:\/\/xn--institut-beaut-reims-o2b.com\/wp-content\/uploads\/2025\/11\/Bons-cadeaux-Uvas-Frescas-mail-2025-272x182.jpg",272,182,true]},"uagb_author_info":{"display_name":"admin8743","author_link":"https:\/\/xn--institut-beaut-reims-o2b.com\/index.php\/author\/"},"uagb_comment_info":0,"uagb_excerpt":"Bon cadeau \u00e0 valoir pour un soin visage UVAS FRESCAS Vid Puret\u00e9 Bio (40 min) (Tout \u00e2ge - tout type de peau - NETTOYANT) Soin purifiant aux raisins BIO d\u2019une v\u00e9ritable bouff\u00e9e rafra\u00eechissante (dont vapozone + extraction des com\u00e9dons). Recevez ce bon cadeau en t\u00e9l\u00e9chargement par mail apr\u00e8s le paiement de votre achat. *Bon cadeau\u2026","_links":{"self":[{"href":"https:\/\/xn--institut-beaut-reims-o2b.com\/index.php\/wp-json\/wp\/v2\/product\/3154","targetHints":{"allow":["GET"]}}],"collection":[{"href":"https:\/\/xn--institut-beaut-reims-o2b.com\/index.php\/wp-json\/wp\/v2\/product"}],"about":[{"href":"https:\/\/xn--institut-beaut-reims-o2b.com\/index.php\/wp-json\/wp\/v2\/types\/product"}],"replies":[{"embeddable":true,"href":"https:\/\/xn--institut-beaut-reims-o2b.com\/index.php\/wp-json\/wp\/v2\/comments?post=3154"}],"wp:featuredmedia":[{"embeddable":true,"href":"https:\/\/xn--institut-beaut-reims-o2b.com\/index.php\/wp-json\/wp\/v2\/media\/5145"}],"wp:attachment":[{"href":"https:\/\/xn--institut-beaut-reims-o2b.com\/index.php\/wp-json\/wp\/v2\/media?parent=3154"}],"wp:term":[{"taxonomy":"product_brand","embeddable":true,"href":"https:\/\/xn--institut-beaut-reims-o2b.com\/index.php\/wp-json\/wp\/v2\/product_brand?post=3154"},{"taxonomy":"product_cat","embeddable":true,"href":"https:\/\/xn--institut-beaut-reims-o2b.com\/index.php\/wp-json\/wp\/v2\/product_cat?post=3154"},{"taxonomy":"product_tag","embeddable":true,"href":"https:\/\/xn--institut-beaut-reims-o2b.com\/index.php\/wp-json\/wp\/v2\/product_tag?post=3154"},{"taxonomy":"giftcard-category","embeddable":true,"href":"https:\/\/xn--institut-beaut-reims-o2b.com\/index.php\/wp-json\/wp\/v2\/giftcard-category?post=3154"}],"curies":[{"name":"wp","href":"https:\/\/api.w.org\/{rel}","templated":true}]}}