{"id":3157,"date":"2022-11-04T05:30:19","date_gmt":"2022-11-04T04:30:19","guid":{"rendered":"https:\/\/xn--institut-beaut-reims-o2b.com\/?post_type=product&#038;p=3157"},"modified":"2026-02-25T17:46:24","modified_gmt":"2026-02-25T16:46:24","slug":"soin-decouverte-bien-etre-2","status":"publish","type":"product","link":"https:\/\/xn--institut-beaut-reims-o2b.com\/index.php\/produit\/soin-decouverte-bien-etre-2\/","title":{"rendered":"Soin D\u00e9couverte l&rsquo;Instant Evasion"},"content":{"rendered":"","protected":false},"excerpt":{"rendered":"<p>Bon cadeau \u00e0 valoir pour<\/p>\n<p><strong>un s<b>oin D\u00e9couverte l&rsquo;Instant Evasion<\/b> (30 min)<\/strong><\/p>\n<p class=\"m_-6120143410258841757MsoListParagraph\">Comprenant :<br \/>\nSoin visage UVAS FRESCAS D\u00e9tox Bio<br \/>\n+ Manucure Express<br \/>\n+ Massage buste &amp; cuir chevelu<\/p>\n<p>Recevez ce bon cadeau en t\u00e9l\u00e9chargement par mail apr\u00e8s le paiement de votre achat.<\/p>\n<p><span style=\"color: #999999;\">*Bon cadeau valable <strong>3 mois<\/strong> \u00e0 compter de la date d\u2019achat. <\/span><span style=\"color: #999999;\">Non \u00e9changeable, non remboursable. <\/span><span style=\"color: #999999;\">Valable pour toute prestation en cours de validit\u00e9.<\/span><br \/>\n<span style=\"color: #999999;\">Consultez les soins et prestations disponibles sur notre site www.institut-beaut\u00e9-reims.com<\/span><\/p>\n","protected":false},"featured_media":5705,"comment_status":"open","ping_status":"closed","template":"","meta":{"_uag_custom_page_level_css":"","_exactmetrics_skip_tracking":false,"_exactmetrics_sitenote_active":false,"_exactmetrics_sitenote_note":"","_exactmetrics_sitenote_category":0,"iawp_total_views":6},"product_brand":[],"product_cat":[40],"product_tag":[],"giftcard-category":[],"class_list":{"0":"post-3157","1":"product","2":"type-product","3":"status-publish","4":"has-post-thumbnail","6":"product_cat-bons-cadeaux-telechargeables","8":"first","9":"instock","10":"downloadable","11":"taxable","12":"shipping-taxable","13":"purchasable","14":"product-type-simple"},"uagb_featured_image_src":{"full":["https:\/\/xn--institut-beaut-reims-o2b.com\/wp-content\/uploads\/2022\/11\/Bons-cadeaux-mail-soin-decouverte-Linstant-evasion.jpg",787,787,false],"thumbnail":["https:\/\/xn--institut-beaut-reims-o2b.com\/wp-content\/uploads\/2022\/11\/Bons-cadeaux-mail-soin-decouverte-Linstant-evasion-150x150.jpg",150,150,true],"medium":["https:\/\/xn--institut-beaut-reims-o2b.com\/wp-content\/uploads\/2022\/11\/Bons-cadeaux-mail-soin-decouverte-Linstant-evasion-300x300.jpg",300,300,true],"medium_large":["https:\/\/xn--institut-beaut-reims-o2b.com\/wp-content\/uploads\/2022\/11\/Bons-cadeaux-mail-soin-decouverte-Linstant-evasion-768x768.jpg",768,768,true],"large":["https:\/\/xn--institut-beaut-reims-o2b.com\/wp-content\/uploads\/2022\/11\/Bons-cadeaux-mail-soin-decouverte-Linstant-evasion.jpg",787,787,false],"1536x1536":["https:\/\/xn--institut-beaut-reims-o2b.com\/wp-content\/uploads\/2022\/11\/Bons-cadeaux-mail-soin-decouverte-Linstant-evasion.jpg",787,787,false],"2048x2048":["https:\/\/xn--institut-beaut-reims-o2b.com\/wp-content\/uploads\/2022\/11\/Bons-cadeaux-mail-soin-decouverte-Linstant-evasion.jpg",787,787,false],"widget-thumbnail":["https:\/\/xn--institut-beaut-reims-o2b.com\/wp-content\/uploads\/2022\/11\/Bons-cadeaux-mail-soin-decouverte-Linstant-evasion-75x75.jpg",75,75,true],"mailpoet_newsletter_max":["https:\/\/xn--institut-beaut-reims-o2b.com\/wp-content\/uploads\/2022\/11\/Bons-cadeaux-mail-soin-decouverte-Linstant-evasion.jpg",787,787,false],"woocommerce_thumbnail":["https:\/\/xn--institut-beaut-reims-o2b.com\/wp-content\/uploads\/2022\/11\/Bons-cadeaux-mail-soin-decouverte-Linstant-evasion-300x300.jpg",300,300,true],"woocommerce_single":["https:\/\/xn--institut-beaut-reims-o2b.com\/wp-content\/uploads\/2022\/11\/Bons-cadeaux-mail-soin-decouverte-Linstant-evasion-600x600.jpg",600,600,true],"woocommerce_gallery_thumbnail":["https:\/\/xn--institut-beaut-reims-o2b.com\/wp-content\/uploads\/2022\/11\/Bons-cadeaux-mail-soin-decouverte-Linstant-evasion-100x100.jpg",100,100,true],"sow-carousel-default":["https:\/\/xn--institut-beaut-reims-o2b.com\/wp-content\/uploads\/2022\/11\/Bons-cadeaux-mail-soin-decouverte-Linstant-evasion-272x182.jpg",272,182,true]},"uagb_author_info":{"display_name":"admin8743","author_link":"https:\/\/xn--institut-beaut-reims-o2b.com\/index.php\/author\/"},"uagb_comment_info":0,"uagb_excerpt":"Bon cadeau \u00e0 valoir pour un soin D\u00e9couverte l'Instant Evasion (30 min) Comprenant : Soin visage UVAS FRESCAS D\u00e9tox Bio + Manucure Express + Massage buste &amp; cuir chevelu Recevez ce bon cadeau en t\u00e9l\u00e9chargement par mail apr\u00e8s le paiement de votre achat. *Bon cadeau valable 3 mois \u00e0 compter de la date d\u2019achat. Non\u2026","_links":{"self":[{"href":"https:\/\/xn--institut-beaut-reims-o2b.com\/index.php\/wp-json\/wp\/v2\/product\/3157","targetHints":{"allow":["GET"]}}],"collection":[{"href":"https:\/\/xn--institut-beaut-reims-o2b.com\/index.php\/wp-json\/wp\/v2\/product"}],"about":[{"href":"https:\/\/xn--institut-beaut-reims-o2b.com\/index.php\/wp-json\/wp\/v2\/types\/product"}],"replies":[{"embeddable":true,"href":"https:\/\/xn--institut-beaut-reims-o2b.com\/index.php\/wp-json\/wp\/v2\/comments?post=3157"}],"wp:featuredmedia":[{"embeddable":true,"href":"https:\/\/xn--institut-beaut-reims-o2b.com\/index.php\/wp-json\/wp\/v2\/media\/5705"}],"wp:attachment":[{"href":"https:\/\/xn--institut-beaut-reims-o2b.com\/index.php\/wp-json\/wp\/v2\/media?parent=3157"}],"wp:term":[{"taxonomy":"product_brand","embeddable":true,"href":"https:\/\/xn--institut-beaut-reims-o2b.com\/index.php\/wp-json\/wp\/v2\/product_brand?post=3157"},{"taxonomy":"product_cat","embeddable":true,"href":"https:\/\/xn--institut-beaut-reims-o2b.com\/index.php\/wp-json\/wp\/v2\/product_cat?post=3157"},{"taxonomy":"product_tag","embeddable":true,"href":"https:\/\/xn--institut-beaut-reims-o2b.com\/index.php\/wp-json\/wp\/v2\/product_tag?post=3157"},{"taxonomy":"giftcard-category","embeddable":true,"href":"https:\/\/xn--institut-beaut-reims-o2b.com\/index.php\/wp-json\/wp\/v2\/giftcard-category?post=3157"}],"curies":[{"name":"wp","href":"https:\/\/api.w.org\/{rel}","templated":true}]}}